{"id":34043,"date":"2022-10-28T19:53:38","date_gmt":"2022-10-28T16:53:38","guid":{"rendered":"https:\/\/hookahshop.lt\/?post_type=product&#038;p=34043"},"modified":"2026-04-14T23:29:33","modified_gmt":"2026-04-14T20:29:33","slug":"stikline-vandens-pypke-mini-anonymous-21cm","status":"publish","type":"product","link":"https:\/\/hookahshop.lt\/pl\/produkt\/szklana-fajka-wodna-mini-anonimowa-21cm\/","title":{"rendered":"Szklana fajka wodna Mini Anonim 21cm"},"content":{"rendered":"<h2>Szklana fajka wodna Mini Anonim 21cm<\/h2>\n<p>Ma\u0142e szklane bongo z wzorem maski anonimowej, \u015bwietnym otworem do kopni\u0119cia i naci\u0119ciami na l\u00f3d.<\/p>\n<p><strong>Specyfikacje:<\/strong><\/p>\n<p>\u015arednica: 95\/40mm<br \/>\nD\u0142ugo\u015b\u0107: 210 mm<br \/>\nTyp tuby: 14,5 mm<br \/>\nMateria\u0142: szk\u0142o borokrzemianowe;<\/p>\n<p>Czy masz jakie\u015b pytania? Skontaktuj si\u0119 z nami\u00a0<a href=\"https:\/\/hookahshop.lt\/pl\/lacznosc\/\">strona z kontaktami<\/a>\u00a0lub napisz do nas na adres\u00a0<a href=\"https:\/\/facebook.com\/HookahShop.lt\/\" target=\"_blank\" rel=\"noopener noreferrer\">konto na Facebooku<\/a>\u00a0a my odpowiemy na Twoj\u0105 pro\u015bb\u0119 tego samego dnia.<\/p>","protected":false},"excerpt":{"rendered":"<p>Szklana fajka wodna Mini Anonymous 21 cm Ma\u0142e szklane bongo z mask\u0105 Anonymous, \u015bwietnym otworem na kopni\u0119cie i naci\u0119ciami na l\u00f3d. Dane techniczne: \u015arednica: 95\/40 mm D\u0142ugo\u015b\u0107: 210 mm Typ rury: 14,5 mm Materia\u0142: Szk\u0142o borokrzemianowe Pytania? Skontaktuj si\u0119 z nami na stronie kontaktowej lub napisz do nas na Facebooku, a my odpowiemy na Twoj\u0105 pro\u015bb\u0119 jeszcze tego samego dnia.<\/p>","protected":false},"featured_media":34033,"comment_status":"open","ping_status":"closed","template":"","meta":[],"_links":{"self":[{"href":"https:\/\/hookahshop.lt\/pl\/wp-json\/wp\/v2\/product\/34043"}],"collection":[{"href":"https:\/\/hookahshop.lt\/pl\/wp-json\/wp\/v2\/product"}],"about":[{"href":"https:\/\/hookahshop.lt\/pl\/wp-json\/wp\/v2\/types\/product"}],"replies":[{"embeddable":true,"href":"https:\/\/hookahshop.lt\/pl\/wp-json\/wp\/v2\/comments?post=34043"}],"version-history":[{"count":3,"href":"https:\/\/hookahshop.lt\/pl\/wp-json\/wp\/v2\/product\/34043\/revisions"}],"predecessor-version":[{"id":40376,"href":"https:\/\/hookahshop.lt\/pl\/wp-json\/wp\/v2\/product\/34043\/revisions\/40376"}],"wp:featuredmedia":[{"embeddable":true,"href":"https:\/\/hookahshop.lt\/pl\/wp-json\/wp\/v2\/media\/34033"}],"wp:attachment":[{"href":"https:\/\/hookahshop.lt\/pl\/wp-json\/wp\/v2\/media?parent=34043"}],"curies":[{"name":"wp","href":"https:\/\/api.w.org\/{rel}","templated":true}]}}