{"id":34052,"date":"2022-10-28T20:04:27","date_gmt":"2022-10-28T17:04:27","guid":{"rendered":"https:\/\/hookahshop.lt\/?post_type=product&#038;p=34052"},"modified":"2026-04-17T23:29:50","modified_gmt":"2026-04-17T20:29:50","slug":"stikline-vandens-pypke-mini-red-18cm","status":"publish","type":"product","link":"https:\/\/hookahshop.lt\/pl\/produkt\/szklana-fajka-wodna-mini-czerwona-18cm\/","title":{"rendered":"Szklana fajka wodna Mini czerwona 18cm"},"content":{"rendered":"<h2>Szklana fajka wodna Mini czerwona 18cm<\/h2>\n<p>Kompaktowy, ma\u0142y rozmiar, dzi\u0119ki czemu mo\u017cna go nosi\u0107 w torebce! Dzi\u0119ki otworowi do kopania i trzem naci\u0119ciom na l\u00f3d, ta be\u0142kotka jest r\u00f3wnie\u017c bardzo funkcjonalna. Bongo podr\u00f3\u017cne<\/p>\n<p><strong>Specyfikacje:<\/strong><\/p>\n<p>\u015arednica: 65\/28 mm<br \/>\nD\u0142ugo\u015b\u0107: 185 mm<br \/>\nKolor: przezroczysty\/czerwony<br \/>\nTyp tuby: 14,5 mm<br \/>\nMateria\u0142: szk\u0142o borokrzemianowe;<\/p>\n<p>Czy masz jakie\u015b pytania? Skontaktuj si\u0119 z nami\u00a0<a href=\"https:\/\/hookahshop.lt\/pl\/lacznosc\/\">strona z kontaktami<\/a>\u00a0lub napisz do nas na adres\u00a0<a href=\"https:\/\/facebook.com\/HookahShop.lt\/\" target=\"_blank\" rel=\"noopener noreferrer\">konto na Facebooku<\/a>\u00a0a my odpowiemy na Twoj\u0105 pro\u015bb\u0119 tego samego dnia.<\/p>","protected":false},"excerpt":{"rendered":"<p>Fajka wodna szklana Mini Red 18cm Kompaktowa, niewielkich rozmiar\u00f3w, dzi\u0119ki czemu zmie\u015bcisz j\u0105 w torebce! Dzi\u0119ki dziurce i trzem naci\u0119ciom na l\u00f3d ten be\u0142kot jest r\u00f3wnie\u017c bardzo funkcjonalny. Dane techniczne Bonga podr\u00f3\u017cnego: \u015arednica: 65\/28 mm D\u0142ugo\u015b\u0107: 185 mm Kolor: Przezroczysty\/czerwony Typ tuby: 14,5 mm Materia\u0142: Szk\u0142o borokrzemowe Pytania? Skontaktuj si\u0119 z nami na stronie kontaktowej lub napisz do nas na Facebooku [...]<\/p>","protected":false},"featured_media":34048,"comment_status":"open","ping_status":"closed","template":"","meta":[],"_links":{"self":[{"href":"https:\/\/hookahshop.lt\/pl\/wp-json\/wp\/v2\/product\/34052"}],"collection":[{"href":"https:\/\/hookahshop.lt\/pl\/wp-json\/wp\/v2\/product"}],"about":[{"href":"https:\/\/hookahshop.lt\/pl\/wp-json\/wp\/v2\/types\/product"}],"replies":[{"embeddable":true,"href":"https:\/\/hookahshop.lt\/pl\/wp-json\/wp\/v2\/comments?post=34052"}],"version-history":[{"count":3,"href":"https:\/\/hookahshop.lt\/pl\/wp-json\/wp\/v2\/product\/34052\/revisions"}],"predecessor-version":[{"id":37556,"href":"https:\/\/hookahshop.lt\/pl\/wp-json\/wp\/v2\/product\/34052\/revisions\/37556"}],"wp:featuredmedia":[{"embeddable":true,"href":"https:\/\/hookahshop.lt\/pl\/wp-json\/wp\/v2\/media\/34048"}],"wp:attachment":[{"href":"https:\/\/hookahshop.lt\/pl\/wp-json\/wp\/v2\/media?parent=34052"}],"curies":[{"name":"wp","href":"https:\/\/api.w.org\/{rel}","templated":true}]}}