{"id":34081,"date":"2022-10-28T23:29:44","date_gmt":"2022-10-28T20:29:44","guid":{"rendered":"https:\/\/hookahshop.lt\/?post_type=product&#038;p=34081"},"modified":"2026-04-21T23:30:10","modified_gmt":"2026-04-21T20:30:10","slug":"stikline-vandens-pypke-percolator-black","status":"publish","type":"product","link":"https:\/\/hookahshop.lt\/pl\/produkt\/fajka-wodna-percolator-czarny\/","title":{"rendered":"Szklana fajka wodna Perkolator Czarna 26cm"},"content":{"rendered":"<h2>Szklana fajka wodna Perkolator Czarna 26cm<\/h2>\n<p>Niedrogie, ale solidne szklane bongo jest dostarczane w wygodnym etui z perkolatorem UFO. Dzi\u0119ki temu oraz \u015bcie\u017cce dymu, kt\u00f3ra prowadzi okr\u0119\u017cnie przez trzy komory, dym jest dobrze sch\u0142adzany i filtrowany. Daje to bardzo \u0142agodny smak. Ponadto os\u0142ona przeciwbryzgowa zapobiega niepo\u017c\u0105danemu wdychaniu wody.<\/p>\n<p><strong>Specyfikacje:<\/strong><\/p>\n<p>\u015arednica: 50\/28 mm<br \/>\nD\u0142ugo\u015b\u0107: 260 mm<br \/>\nKolor: przezroczysty\/czarny<br \/>\nTyp rury: 18,8 mm<br \/>\nMateria\u0142: szk\u0142o borokrzemianowe;<\/p>\n<p>Czy masz jakie\u015b pytania? Skontaktuj si\u0119 z nami\u00a0<a href=\"https:\/\/hookahshop.lt\/pl\/lacznosc\/\">strona z kontaktami<\/a>\u00a0lub napisz do nas na adres\u00a0<a href=\"https:\/\/facebook.com\/HookahShop.lt\/\" target=\"_blank\" rel=\"noopener noreferrer\">konto na Facebooku<\/a>\u00a0a my odpowiemy na Twoj\u0105 pro\u015bb\u0119 tego samego dnia.<\/p>","protected":false},"excerpt":{"rendered":"<p>Perkolator do fajki wodnej Szklany Czarny 26cm Niedrogie, ale mocne bongo szklane dostarczane w wygodnym pude\u0142ku z perkolatorem UFO. Dzi\u0119ki temu oraz \u015bcie\u017cce dymu, kt\u00f3ra prowadzi po okr\u0119gu przez trzy komory, dym jest dobrze ch\u0142odzony i filtrowany. Dzi\u0119ki temu uzyskuje si\u0119 bardzo \u0142agodny smak. Dodatkowo os\u0142ona przeciwbryzgowa zapobiega niepo\u017c\u0105danemu wdychaniu wody. Dane techniczne: \u015arednica: 50\/28 mm D\u0142ugo\u015b\u0107: 260 mm [\u2026]<\/p>","protected":false},"featured_media":34049,"comment_status":"open","ping_status":"closed","template":"","meta":[],"_links":{"self":[{"href":"https:\/\/hookahshop.lt\/pl\/wp-json\/wp\/v2\/product\/34081"}],"collection":[{"href":"https:\/\/hookahshop.lt\/pl\/wp-json\/wp\/v2\/product"}],"about":[{"href":"https:\/\/hookahshop.lt\/pl\/wp-json\/wp\/v2\/types\/product"}],"replies":[{"embeddable":true,"href":"https:\/\/hookahshop.lt\/pl\/wp-json\/wp\/v2\/comments?post=34081"}],"version-history":[{"count":4,"href":"https:\/\/hookahshop.lt\/pl\/wp-json\/wp\/v2\/product\/34081\/revisions"}],"predecessor-version":[{"id":35865,"href":"https:\/\/hookahshop.lt\/pl\/wp-json\/wp\/v2\/product\/34081\/revisions\/35865"}],"wp:featuredmedia":[{"embeddable":true,"href":"https:\/\/hookahshop.lt\/pl\/wp-json\/wp\/v2\/media\/34049"}],"wp:attachment":[{"href":"https:\/\/hookahshop.lt\/pl\/wp-json\/wp\/v2\/media?parent=34081"}],"curies":[{"name":"wp","href":"https:\/\/api.w.org\/{rel}","templated":true}]}}