{"id":34087,"date":"2022-10-29T16:39:31","date_gmt":"2022-10-29T13:39:31","guid":{"rendered":"https:\/\/hookahshop.lt\/?post_type=product&#038;p=34087"},"modified":"2026-04-17T16:33:37","modified_gmt":"2026-04-17T13:33:37","slug":"lentele-darkside-su-sakute-yla","status":"publish","type":"product","link":"https:\/\/hookahshop.lt\/pl\/produkt\/stol-ciemna-z-wiadrem-yla\/","title":{"rendered":"Stolik DARKSIDE z widelcem i widelcem"},"content":{"rendered":"<h2>Stolik DARKSIDE z widelcem i widelcem<\/h2>\n<p>Produkt do przygotowania kubk\u00f3w do fajki wodnej. Mata s\u0142u\u017cy przede wszystkim do przygotowania kubk\u00f3w do fajki wodnej w uporz\u0105dkowany spos\u00f3b, bez pozostawiania brudu na blacie. Wizualnie deska do pracy jest absolutnie przyci\u0105gaj\u0105ca wzrok, kt\u00f3rej nie powinno zabrakn\u0105\u0107 w \u017cadnym barze ani w domu. Kolejn\u0105 atrakcj\u0105 jest widelec do tytoniu - yla, kt\u00f3ry rozdawany jest za darmo! Posiada magnetyczn\u0105 nasadk\u0119, pod kt\u00f3r\u0105 chowa si\u0119 haczyk. Widelec jest r\u00f3wnie\u017c przymocowany do deski za pomoc\u0105 magnesu.<\/p>\n<p><strong>Charakterystyka:<\/strong><br \/>\nMateria\u0142: silikon;<br \/>\nWymiary: 30,8x20x8x0,5cm<br \/>\nKompletny zestaw: markowe pude\u0142ko, mata silikonowa, kij wid\u0142owy<\/p>\n<p>Czy masz jakie\u015b pytania? Skontaktuj si\u0119 z nami\u00a0<a href=\"https:\/\/hookahshop.lt\/pl\/lacznosc\/\">strona z kontaktami<\/a>\u00a0lub napisz do nas na adres\u00a0<a href=\"https:\/\/facebook.com\/HookahShop.lt\/\" target=\"_blank\" rel=\"noopener\">konto na Facebooku<\/a>\u00a0a my odpowiemy na Twoj\u0105 pro\u015bb\u0119 tego samego dnia.<\/p>","protected":false},"excerpt":{"rendered":"<p>Stolik DARKSIDE z widelcem Produkt do przygotowania kieliszk\u00f3w do fajki wodnej. Mata s\u0142u\u017cy przede wszystkim do przygotowania kubk\u00f3w do fajki wodnej w uporz\u0105dkowany spos\u00f3b, bez pozostawiania brudu na blacie. Wizualnie tablica robocza przyci\u0105ga wzrok, czego nie powinno zabrakn\u0105\u0107 w \u017cadnym barze z fajkami wodnymi ani w domu. Kolejn\u0105 atrakcj\u0105 jest widelec do tytoniu - yla, kt\u00f3ry rozdajemy za darmo! Posiada magnetyczn\u0105 skuwk\u0119, pod kt\u00f3r\u0105 ukryty jest haczyk. Tak [\u2026]<\/p>","protected":false},"featured_media":34088,"comment_status":"open","ping_status":"closed","template":"","meta":[],"_links":{"self":[{"href":"https:\/\/hookahshop.lt\/pl\/wp-json\/wp\/v2\/product\/34087"}],"collection":[{"href":"https:\/\/hookahshop.lt\/pl\/wp-json\/wp\/v2\/product"}],"about":[{"href":"https:\/\/hookahshop.lt\/pl\/wp-json\/wp\/v2\/types\/product"}],"replies":[{"embeddable":true,"href":"https:\/\/hookahshop.lt\/pl\/wp-json\/wp\/v2\/comments?post=34087"}],"version-history":[{"count":4,"href":"https:\/\/hookahshop.lt\/pl\/wp-json\/wp\/v2\/product\/34087\/revisions"}],"predecessor-version":[{"id":43499,"href":"https:\/\/hookahshop.lt\/pl\/wp-json\/wp\/v2\/product\/34087\/revisions\/43499"}],"wp:featuredmedia":[{"embeddable":true,"href":"https:\/\/hookahshop.lt\/pl\/wp-json\/wp\/v2\/media\/34088"}],"wp:attachment":[{"href":"https:\/\/hookahshop.lt\/pl\/wp-json\/wp\/v2\/media?parent=34087"}],"curies":[{"name":"wp","href":"https:\/\/api.w.org\/{rel}","templated":true}]}}