{"id":34115,"date":"2022-10-31T15:12:23","date_gmt":"2022-10-31T13:12:23","guid":{"rendered":"https:\/\/hookahshop.lt\/?post_type=product&#038;p=34115"},"modified":"2026-04-16T10:21:32","modified_gmt":"2026-04-16T07:21:32","slug":"aktyviosios-anglies-filtrai-actitube-10vnt","status":"publish","type":"product","link":"https:\/\/hookahshop.lt\/pl\/produkt\/filtry-z-weglem-aktywnym-acttube-10szt\/","title":{"rendered":"Filtry z w\u0119glem aktywnym ACTITUBE 7mm 10 szt"},"content":{"rendered":"<h2>Filtry z w\u0119glem aktywnym ACTITUBE 7mm 10 szt<\/h2>\n<p>Cienkie filtry z w\u0119glem aktywnym z ceramicznymi nasadkami do skr\u0119cania papieros\u00f3w i do stosowania z filtrami wielokrotnego u\u017cytku wykonanymi ze szk\u0142a, drewna, metalu lub podobnych. Filtruj\u0105 szkodliwe substancje i sprawiaj\u0105, \u017ce ka\u017cdy papieros staje si\u0119 l\u017cejszy.<\/p>\n<p>W opakowaniu: 10 szt. 7 mm<\/p>\n<p>Czy masz jakie\u015b pytania? Skontaktuj si\u0119 z nami\u00a0<a href=\"https:\/\/hookahshop.lt\/pl\/lacznosc\/\">strona z kontaktami<\/a>\u00a0lub napisz do nas na adres\u00a0<a href=\"https:\/\/facebook.com\/HookahShop.lt\/\" target=\"_blank\" rel=\"noopener noreferrer\">konto na Facebooku<\/a>\u00a0a my odpowiemy na Twoj\u0105 pro\u015bb\u0119 tego samego dnia.<\/p>","protected":false},"excerpt":{"rendered":"<p>Filtry z w\u0119glem aktywnym ACTITUBE 7mm 10szt. Cienkoformatowe filtry z w\u0119glem aktywnym z ceramiczn\u0105 nasadk\u0105, przeznaczone do skr\u0119cania papieros\u00f3w i stosowania z filtrami wielokrotnego u\u017cytku wykonanymi ze szk\u0142a, drewna, metalu lub podobnych. Filtruj\u0105 szkodliwe substancje i sprawiaj\u0105, \u017ce ka\u017cdy papieros jest l\u017cejszy. W opakowaniu: 10 szt. 7mm Masz pytania? Skontaktuj si\u0119 z nami na stronie kontaktowej lub napisz do nas na naszym koncie na Facebooku, a my odpowiemy na Twoje [...]<\/p>","protected":false},"featured_media":34116,"comment_status":"open","ping_status":"closed","template":"","meta":[],"_links":{"self":[{"href":"https:\/\/hookahshop.lt\/pl\/wp-json\/wp\/v2\/product\/34115"}],"collection":[{"href":"https:\/\/hookahshop.lt\/pl\/wp-json\/wp\/v2\/product"}],"about":[{"href":"https:\/\/hookahshop.lt\/pl\/wp-json\/wp\/v2\/types\/product"}],"replies":[{"embeddable":true,"href":"https:\/\/hookahshop.lt\/pl\/wp-json\/wp\/v2\/comments?post=34115"}],"version-history":[{"count":2,"href":"https:\/\/hookahshop.lt\/pl\/wp-json\/wp\/v2\/product\/34115\/revisions"}],"predecessor-version":[{"id":34243,"href":"https:\/\/hookahshop.lt\/pl\/wp-json\/wp\/v2\/product\/34115\/revisions\/34243"}],"wp:featuredmedia":[{"embeddable":true,"href":"https:\/\/hookahshop.lt\/pl\/wp-json\/wp\/v2\/media\/34116"}],"wp:attachment":[{"href":"https:\/\/hookahshop.lt\/pl\/wp-json\/wp\/v2\/media?parent=34115"}],"curies":[{"name":"wp","href":"https:\/\/api.w.org\/{rel}","templated":true}]}}