{"id":34119,"date":"2022-10-31T15:20:35","date_gmt":"2022-10-31T13:20:35","guid":{"rendered":"https:\/\/hookahshop.lt\/?post_type=product&#038;p=34119"},"modified":"2026-04-17T23:29:50","modified_gmt":"2026-04-17T20:29:50","slug":"pypkes-valiklis-15cm","status":"publish","type":"product","link":"https:\/\/hookahshop.lt\/pl\/produkt\/czyscik-do-rur-15cm\/","title":{"rendered":"Czy\u015bcik do rur 15cm"},"content":{"rendered":"<h2>Czy\u015bcik do rur 15cm<\/h2>\n<p>Elastyczny \u015brodek do czyszczenia rur. Idealny do czyszczenia rur. D\u0142ugo\u015b\u0107 15 cm. Pi\u0119\u0107 kolor\u00f3w: \u017c\u00f3\u0142ty, czerwony, bia\u0142y, niebieski, zielony.<\/p>\n<p>Czy masz jakie\u015b pytania? Skontaktuj si\u0119 z nami\u00a0<a href=\"https:\/\/hookahshop.lt\/pl\/lacznosc\/\">strona z kontaktami<\/a>\u00a0lub napisz do nas na adres\u00a0<a href=\"https:\/\/facebook.com\/HookahShop.lt\/\" target=\"_blank\" rel=\"noopener noreferrer\">konto na Facebooku<\/a>\u00a0a my odpowiemy na Twoj\u0105 pro\u015bb\u0119 tego samego dnia.<\/p>","protected":false},"excerpt":{"rendered":"<p>\u015arodek do czyszczenia rur 15cm Elastyczny przyrz\u0105d do czyszczenia rur. Idealny do czyszczenia rur. D\u0142ugo\u015b\u0107 15cm. Pi\u0119\u0107 kolor\u00f3w: \u017c\u00f3\u0142ty, czerwony, bia\u0142y, niebieski, zielony. Czy masz jakie\u015b pytania? Skontaktuj si\u0119 z nami na stronie kontaktowej lub napisz do nas na Facebooku, a my odpowiemy na Twoj\u0105 pro\u015bb\u0119 jeszcze tego samego dnia.<\/p>","protected":false},"featured_media":34120,"comment_status":"open","ping_status":"closed","template":"","meta":[],"_links":{"self":[{"href":"https:\/\/hookahshop.lt\/pl\/wp-json\/wp\/v2\/product\/34119"}],"collection":[{"href":"https:\/\/hookahshop.lt\/pl\/wp-json\/wp\/v2\/product"}],"about":[{"href":"https:\/\/hookahshop.lt\/pl\/wp-json\/wp\/v2\/types\/product"}],"replies":[{"embeddable":true,"href":"https:\/\/hookahshop.lt\/pl\/wp-json\/wp\/v2\/comments?post=34119"}],"version-history":[{"count":6,"href":"https:\/\/hookahshop.lt\/pl\/wp-json\/wp\/v2\/product\/34119\/revisions"}],"predecessor-version":[{"id":44650,"href":"https:\/\/hookahshop.lt\/pl\/wp-json\/wp\/v2\/product\/34119\/revisions\/44650"}],"wp:featuredmedia":[{"embeddable":true,"href":"https:\/\/hookahshop.lt\/pl\/wp-json\/wp\/v2\/media\/34120"}],"wp:attachment":[{"href":"https:\/\/hookahshop.lt\/pl\/wp-json\/wp\/v2\/media?parent=34119"}],"curies":[{"name":"wp","href":"https:\/\/api.w.org\/{rel}","templated":true}]}}