{"id":34128,"date":"2022-10-31T15:35:49","date_gmt":"2022-10-31T13:35:49","guid":{"rendered":"https:\/\/hookahshop.lt\/?post_type=product&#038;p=34128"},"modified":"2026-04-17T16:33:37","modified_gmt":"2026-04-17T13:33:37","slug":"smulkintuvas-metalinis-black-leaf-black","status":"publish","type":"product","link":"https:\/\/hookahshop.lt\/pl\/produkt\/niszczarka-metal-czarny-lisc-czarny\/","title":{"rendered":"Rozdrabniacz metalowy BLACK LEAF Czarny 47mm"},"content":{"rendered":"<h2>Rozdrabniacz metalowy BLACK LEAF Czarny 47mm<\/h2>\n<p>Czterocz\u0119\u015bciowa szlifierka aluminiowa z diamentowymi z\u0119bami miel\u0105cymi i sitem, posiada doln\u0105 komor\u0119 z zaokr\u0105glonymi rogami oraz skrobak wewn\u0105trz. Pokrywka jest bezpiecznie trzymana przez magnes. Nylonowy pier\u015bcie\u0144 uszczelniaj\u0105cy gwarantuje szlifowanie bez zu\u017cycia.<\/p>\n<p><strong>Specyfikacje:<\/strong><\/p>\n<p>Wysoko\u015b\u0107: 36mm<br \/>\n\u015arednica: 49\/47mm<br \/>\nCzarny kolor<br \/>\nMateria\u0142: aluminium<\/p>\n<p>Czy masz jakie\u015b pytania? Skontaktuj si\u0119 z nami\u00a0<a href=\"https:\/\/hookahshop.lt\/pl\/lacznosc\/\">strona z kontaktami<\/a>\u00a0lub napisz do nas na adres\u00a0<a href=\"https:\/\/facebook.com\/HookahShop.lt\/\" target=\"_blank\" rel=\"noopener noreferrer\">konto na Facebooku<\/a>\u00a0a my odpowiemy na Twoj\u0105 pro\u015bb\u0119 tego samego dnia.<\/p>","protected":false},"excerpt":{"rendered":"<p>M\u0142ynek metalowy BLACK LEAF Black 47mm Czterocz\u0119\u015bciowy aluminiowy m\u0142ynek z diamentowymi z\u0119bami miel\u0105cymi i sitkiem, posiada doln\u0105 komor\u0119 z zaokr\u0105glonymi naro\u017cnikami oraz skrobak wewn\u0105trz. Pokrywka jest bezpiecznie trzymana za pomoc\u0105 magnesu. Nylonowy pier\u015bcie\u0144 uszczelniaj\u0105cy gwarantuje szlifowanie bez zu\u017cycia. Specyfikacje: Wysoko\u015b\u0107: 36 mm \u015arednica: 49\/47 mm Kolor: Czarny Materia\u0142: Aluminium Pytania? Skontaktuj si\u0119 z nami na stronie kontaktowej lub napisz do nas na Facebooku [\u2026]<\/p>","protected":false},"featured_media":34129,"comment_status":"open","ping_status":"closed","template":"","meta":[],"_links":{"self":[{"href":"https:\/\/hookahshop.lt\/pl\/wp-json\/wp\/v2\/product\/34128"}],"collection":[{"href":"https:\/\/hookahshop.lt\/pl\/wp-json\/wp\/v2\/product"}],"about":[{"href":"https:\/\/hookahshop.lt\/pl\/wp-json\/wp\/v2\/types\/product"}],"replies":[{"embeddable":true,"href":"https:\/\/hookahshop.lt\/pl\/wp-json\/wp\/v2\/comments?post=34128"}],"version-history":[{"count":5,"href":"https:\/\/hookahshop.lt\/pl\/wp-json\/wp\/v2\/product\/34128\/revisions"}],"predecessor-version":[{"id":44430,"href":"https:\/\/hookahshop.lt\/pl\/wp-json\/wp\/v2\/product\/34128\/revisions\/44430"}],"wp:featuredmedia":[{"embeddable":true,"href":"https:\/\/hookahshop.lt\/pl\/wp-json\/wp\/v2\/media\/34129"}],"wp:attachment":[{"href":"https:\/\/hookahshop.lt\/pl\/wp-json\/wp\/v2\/media?parent=34128"}],"curies":[{"name":"wp","href":"https:\/\/api.w.org\/{rel}","templated":true}]}}