{"id":34132,"date":"2022-10-31T15:42:36","date_gmt":"2022-10-31T13:42:36","guid":{"rendered":"https:\/\/hookahshop.lt\/?post_type=product&#038;p=34132"},"modified":"2026-05-13T23:29:56","modified_gmt":"2026-05-13T20:29:56","slug":"sepetelis-siauras-black-24cm","status":"publish","type":"product","link":"https:\/\/hookahshop.lt\/pl\/produkt\/sepetel-waski-czarny-24cm\/","title":{"rendered":"Szczotka w\u0105ska Czarna 24cm"},"content":{"rendered":"<h2>Szczotka w\u0105ska Czarna 24cm<\/h2>\n<p>Szczotka z w\u0142osiem, skr\u0119conym uchwytem i drucian\u0105 p\u0119tl\u0105. Szczoteczka ma w\u0142osie prawie 7,5cm d\u0142ugo\u015bci, ma \u015brednic\u0119 prawie 16mm, a ca\u0142a szczoteczka ma prawie 24cm d\u0142ugo\u015bci.<\/p>\n<p>Czy masz jakie\u015b pytania? Skontaktuj si\u0119 z nami\u00a0<a href=\"https:\/\/hookahshop.lt\/pl\/lacznosc\/\">strona z kontaktami<\/a>\u00a0lub napisz do nas na adres\u00a0<a href=\"https:\/\/facebook.com\/HookahShop.lt\/\" target=\"_blank\" rel=\"noopener noreferrer\">konto na Facebooku<\/a>\u00a0a my odpowiemy na Twoj\u0105 pro\u015bb\u0119 tego samego dnia.<\/p>","protected":false},"excerpt":{"rendered":"<p>P\u0119dzel w\u0105ski Czarny 24cm P\u0119dzel z w\u0142osiem, skr\u0119can\u0105 r\u0105czk\u0105 i drucian\u0105 p\u0119telk\u0105. W\u0142osie p\u0119dzla ma prawie 7,5 cm d\u0142ugo\u015bci, jego \u015brednica wynosi prawie 16 mm, a d\u0142ugo\u015b\u0107 ca\u0142ego p\u0119dzla wynosi prawie 24 cm. Czy masz jakie\u015b pytania? Skontaktuj si\u0119 z nami na stronie kontaktowej lub napisz do nas na naszym koncie na Facebooku, a my odpowiemy na Twoj\u0105 pro\u015bb\u0119 jeszcze tego samego dnia.<\/p>","protected":false},"featured_media":34133,"comment_status":"open","ping_status":"closed","template":"","meta":[],"_links":{"self":[{"href":"https:\/\/hookahshop.lt\/pl\/wp-json\/wp\/v2\/product\/34132"}],"collection":[{"href":"https:\/\/hookahshop.lt\/pl\/wp-json\/wp\/v2\/product"}],"about":[{"href":"https:\/\/hookahshop.lt\/pl\/wp-json\/wp\/v2\/types\/product"}],"replies":[{"embeddable":true,"href":"https:\/\/hookahshop.lt\/pl\/wp-json\/wp\/v2\/comments?post=34132"}],"version-history":[{"count":3,"href":"https:\/\/hookahshop.lt\/pl\/wp-json\/wp\/v2\/product\/34132\/revisions"}],"predecessor-version":[{"id":36638,"href":"https:\/\/hookahshop.lt\/pl\/wp-json\/wp\/v2\/product\/34132\/revisions\/36638"}],"wp:featuredmedia":[{"embeddable":true,"href":"https:\/\/hookahshop.lt\/pl\/wp-json\/wp\/v2\/media\/34133"}],"wp:attachment":[{"href":"https:\/\/hookahshop.lt\/pl\/wp-json\/wp\/v2\/media?parent=34132"}],"curies":[{"name":"wp","href":"https:\/\/api.w.org\/{rel}","templated":true}]}}