{"id":34138,"date":"2022-10-31T15:45:18","date_gmt":"2022-10-31T13:45:18","guid":{"rendered":"https:\/\/hookahshop.lt\/?post_type=product&#038;p=34138"},"modified":"2026-04-14T23:29:33","modified_gmt":"2026-04-14T20:29:33","slug":"sepetelis-siauras-black-leaf-white-17cm","status":"publish","type":"product","link":"https:\/\/hookahshop.lt\/pl\/produkt\/szczotka-waski-black-leaf-white-17cm\/","title":{"rendered":"Szczotka w\u0105ska CZARNY LI\u015a\u0106 Bia\u0142y 17cm"},"content":{"rendered":"<h2>Szczotka w\u0105ska CZARNY LI\u015a\u0106 Bia\u0142y 17cm<\/h2>\n<p>Ta metalowa szczotka druciana o d\u0142ugo\u015bci 17,5 cm z nylonowym w\u0142osiem i plastikow\u0105 ko\u0144c\u00f3wk\u0105 jest idealna do czyszczenia dmuchaw, misek do bonga i oczywi\u015bcie fajek.<\/p>\n<p>Czy masz jakie\u015b pytania? Skontaktuj si\u0119 z nami\u00a0<a href=\"https:\/\/hookahshop.lt\/pl\/lacznosc\/\">strona z kontaktami<\/a>\u00a0lub napisz do nas na adres\u00a0<a href=\"https:\/\/facebook.com\/HookahShop.lt\/\" target=\"_blank\" rel=\"noopener noreferrer\">konto na Facebooku<\/a>\u00a0a my odpowiemy na Twoj\u0105 pro\u015bb\u0119 tego samego dnia.<\/p>","protected":false},"excerpt":{"rendered":"<p>Szczotka w\u0105ska BLACK LEAF Bia\u0142a 17cm Jest to metalowa szczotka druciana o d\u0142ugo\u015bci 17,5 cm z nylonowym w\u0142osiem i plastikow\u0105 ko\u0144c\u00f3wk\u0105, dzi\u0119ki czemu idealnie nadaje si\u0119 do czyszczenia dmuchaw, kubk\u00f3w do bonga i oczywi\u015bcie fajek. Czy masz jakie\u015b pytania? Skontaktuj si\u0119 z nami na stronie kontaktowej lub napisz do nas na naszym koncie na Facebooku, a my odpowiemy na Twoj\u0105 pro\u015bb\u0119 jeszcze tego samego dnia.<\/p>","protected":false},"featured_media":34134,"comment_status":"open","ping_status":"closed","template":"","meta":[],"_links":{"self":[{"href":"https:\/\/hookahshop.lt\/pl\/wp-json\/wp\/v2\/product\/34138"}],"collection":[{"href":"https:\/\/hookahshop.lt\/pl\/wp-json\/wp\/v2\/product"}],"about":[{"href":"https:\/\/hookahshop.lt\/pl\/wp-json\/wp\/v2\/types\/product"}],"replies":[{"embeddable":true,"href":"https:\/\/hookahshop.lt\/pl\/wp-json\/wp\/v2\/comments?post=34138"}],"version-history":[{"count":3,"href":"https:\/\/hookahshop.lt\/pl\/wp-json\/wp\/v2\/product\/34138\/revisions"}],"predecessor-version":[{"id":34248,"href":"https:\/\/hookahshop.lt\/pl\/wp-json\/wp\/v2\/product\/34138\/revisions\/34248"}],"wp:featuredmedia":[{"embeddable":true,"href":"https:\/\/hookahshop.lt\/pl\/wp-json\/wp\/v2\/media\/34134"}],"wp:attachment":[{"href":"https:\/\/hookahshop.lt\/pl\/wp-json\/wp\/v2\/media?parent=34138"}],"curies":[{"name":"wp","href":"https:\/\/api.w.org\/{rel}","templated":true}]}}