{"id":34141,"date":"2022-10-31T15:49:18","date_gmt":"2022-10-31T13:49:18","guid":{"rendered":"https:\/\/hookahshop.lt\/?post_type=product&#038;p=34141"},"modified":"2026-05-15T23:30:13","modified_gmt":"2026-05-15T20:30:13","slug":"tinkliukai-black-leaf-12mm-3vnt","status":"publish","type":"product","link":"https:\/\/hookahshop.lt\/pl\/produkt\/siatki-czarne-listkowe-12mm-3-szt\/","title":{"rendered":"Siatka CZARNY LI\u015aCIE 12mm 3szt"},"content":{"rendered":"<h2>Siatka CZARNY LI\u015aCIE 12mm 3szt<\/h2>\n<p>Wysokiej jako\u015bci sitka \u0142y\u017ckowe \u201eBlack Leaf\u201d wykonane ze stali nierdzewnej o \u015brednicy 12 mm. Pakowane w pude\u0142ko po 3 szt<\/p>\n<p>Czy masz jakie\u015b pytania? Skontaktuj si\u0119 z nami\u00a0<a href=\"https:\/\/hookahshop.lt\/pl\/lacznosc\/\">strona z kontaktami<\/a>\u00a0lub napisz do nas na adres\u00a0<a href=\"https:\/\/facebook.com\/HookahShop.lt\/\" target=\"_blank\" rel=\"noopener noreferrer\">konto na Facebooku<\/a>\u00a0a my odpowiemy na Twoj\u0105 pro\u015bb\u0119 tego samego dnia.<\/p>","protected":false},"excerpt":{"rendered":"<p>Sitka BLACK LEAF 12mm 3szt Wysokiej jako\u015bci sitka \u0142y\u017ckowe \u201eBlack Leaf\u201d wykonane ze stali nierdzewnej o \u015brednicy 12 mm. Pakowane w pude\u0142ko 3 szt. Masz pytania? Skontaktuj si\u0119 z nami na stronie kontaktowej lub napisz do nas na naszym koncie na Facebooku, a my odpowiemy na Twoj\u0105 pro\u015bb\u0119 jeszcze tego samego dnia.<\/p>","protected":false},"featured_media":34136,"comment_status":"open","ping_status":"closed","template":"","meta":[],"_links":{"self":[{"href":"https:\/\/hookahshop.lt\/pl\/wp-json\/wp\/v2\/product\/34141"}],"collection":[{"href":"https:\/\/hookahshop.lt\/pl\/wp-json\/wp\/v2\/product"}],"about":[{"href":"https:\/\/hookahshop.lt\/pl\/wp-json\/wp\/v2\/types\/product"}],"replies":[{"embeddable":true,"href":"https:\/\/hookahshop.lt\/pl\/wp-json\/wp\/v2\/comments?post=34141"}],"version-history":[{"count":3,"href":"https:\/\/hookahshop.lt\/pl\/wp-json\/wp\/v2\/product\/34141\/revisions"}],"predecessor-version":[{"id":34249,"href":"https:\/\/hookahshop.lt\/pl\/wp-json\/wp\/v2\/product\/34141\/revisions\/34249"}],"wp:featuredmedia":[{"embeddable":true,"href":"https:\/\/hookahshop.lt\/pl\/wp-json\/wp\/v2\/media\/34136"}],"wp:attachment":[{"href":"https:\/\/hookahshop.lt\/pl\/wp-json\/wp\/v2\/media?parent=34141"}],"curies":[{"name":"wp","href":"https:\/\/api.w.org\/{rel}","templated":true}]}}