{"id":34144,"date":"2022-10-31T15:54:43","date_gmt":"2022-10-31T13:54:43","guid":{"rendered":"https:\/\/hookahshop.lt\/?post_type=product&#038;p=34144"},"modified":"2026-04-17T16:33:37","modified_gmt":"2026-04-17T13:33:37","slug":"tinkliukas-black-leaf-15mm","status":"publish","type":"product","link":"https:\/\/hookahshop.lt\/pl\/produkt\/siatki-czarne-listkowe-15mm\/","title":{"rendered":"Siatka CZARNY LI\u015a\u0106 15mm"},"content":{"rendered":"<h2>Siatka CZARNY LI\u015a\u0106 15mm<\/h2>\n<p>Wysokiej jako\u015bci siatki na \u0142y\u017cki wykonane ze stali nierdzewnej o \u015brednicy 15 mm.<\/p>\n<p>Czy masz jakie\u015b pytania? Skontaktuj si\u0119 z nami\u00a0<a href=\"https:\/\/hookahshop.lt\/pl\/lacznosc\/\">strona z kontaktami<\/a>\u00a0lub napisz do nas na adres\u00a0<a href=\"https:\/\/facebook.com\/HookahShop.lt\/\" target=\"_blank\" rel=\"noopener noreferrer\">konto na Facebooku<\/a>\u00a0a my odpowiemy na Twoj\u0105 pro\u015bb\u0119 tego samego dnia.<\/p>","protected":false},"excerpt":{"rendered":"<p>Siatka BLACK LEAF 15mm Wysokiej jako\u015bci oczka \u0142y\u017cki wykonane ze stali nierdzewnej o \u015brednicy 15mm. Masz pytania? Skontaktuj si\u0119 z nami na stronie kontaktowej lub napisz do nas na Facebooku, a odpowiemy na Twoje zapytanie tego samego dnia.<\/p>","protected":false},"featured_media":34145,"comment_status":"open","ping_status":"closed","template":"","meta":[],"_links":{"self":[{"href":"https:\/\/hookahshop.lt\/pl\/wp-json\/wp\/v2\/product\/34144"}],"collection":[{"href":"https:\/\/hookahshop.lt\/pl\/wp-json\/wp\/v2\/product"}],"about":[{"href":"https:\/\/hookahshop.lt\/pl\/wp-json\/wp\/v2\/types\/product"}],"replies":[{"embeddable":true,"href":"https:\/\/hookahshop.lt\/pl\/wp-json\/wp\/v2\/comments?post=34144"}],"version-history":[{"count":6,"href":"https:\/\/hookahshop.lt\/pl\/wp-json\/wp\/v2\/product\/34144\/revisions"}],"predecessor-version":[{"id":40306,"href":"https:\/\/hookahshop.lt\/pl\/wp-json\/wp\/v2\/product\/34144\/revisions\/40306"}],"wp:featuredmedia":[{"embeddable":true,"href":"https:\/\/hookahshop.lt\/pl\/wp-json\/wp\/v2\/media\/34145"}],"wp:attachment":[{"href":"https:\/\/hookahshop.lt\/pl\/wp-json\/wp\/v2\/media?parent=34144"}],"curies":[{"name":"wp","href":"https:\/\/api.w.org\/{rel}","templated":true}]}}