{"id":34156,"date":"2022-10-31T16:43:08","date_gmt":"2022-10-31T14:43:08","guid":{"rendered":"https:\/\/hookahshop.lt\/?post_type=product&#038;p=34156"},"modified":"2026-04-17T23:29:50","modified_gmt":"2026-04-17T20:29:50","slug":"individualus-kaljano-kandiklis-moze-gold-red","status":"publish","type":"product","link":"https:\/\/hookahshop.lt\/pl\/produkt\/indywidualny-ustnik-szisza-moze-zloty-ed\/","title":{"rendered":"Indywidualny ustnik do fajki wodnej MOZE Gold Red"},"content":{"rendered":"<h2>Indywidualny ustnik do fajki wodnej MOZE Gold Red<\/h2>\n<p>Gwarantuje higieniczne w\u0119dzenie, poniewa\u017c spe\u0142nia funkcj\u0119 jednorazowego ustnika. Ka\u017cdy ustnik MOZE jest wyj\u0105tkowy, poniewa\u017c nigdy nie jest taki sam ze wzgl\u0119du na \u017cywic\u0119 epoksydow\u0105 i gradienty kolor\u00f3w. Dzi\u0119ki 4 r\u00f3\u017cnym paletom kolor\u00f3w linii z\u0142otej znajdziesz odpowiedni kolor dla ka\u017cdego! Linia z\u0142ota wyr\u00f3\u017cnia si\u0119 obecno\u015bci\u0105 drobinek z\u0142ota w ustniku. Ustniki s\u0105 zmywalne i wielokrotnego u\u017cytku. U\u017cywaj\u0105c tego ustnika zrobisz co\u015b dobrego nie tylko dla siebie i swojej higieny, ale tak\u017ce dla \u015brodowiska, poniewa\u017c ustniki nie s\u0105 wyrzucane po paleniu jak pojedyncze jednorazowe ustniki.<\/p>\n<p>&nbsp;<\/p>\n<p>Czy masz jakie\u015b pytania? Skontaktuj si\u0119 z nami\u00a0<a href=\"https:\/\/hookahshop.lt\/pl\/lacznosc\/\">strona z kontaktami<\/a>\u00a0lub napisz do nas na adres\u00a0<a href=\"https:\/\/facebook.com\/HookahShop.lt\/\" target=\"_blank\" rel=\"noopener noreferrer\">konto na Facebooku<\/a>\u00a0a my odpowiemy na Twoj\u0105 pro\u015bb\u0119 tego samego dnia.<\/p>","protected":false},"excerpt":{"rendered":"<p>Indywidualny ustnik do fajki wodnej MOZE Gold Red Gwarantuje higieniczne palenie, gdy\u017c spe\u0142nia funkcj\u0119 ustnika jednorazowego u\u017cytku. Ka\u017cdy ustnik MOZE jest wyj\u0105tkowy, poniewa\u017c nigdy nie jest taki sam ze wzgl\u0119du na \u017cywic\u0119 epoksydow\u0105 i gradienty kolor\u00f3w. Dzi\u0119ki 4 r\u00f3\u017cnym paletom kolor\u00f3w linii gold line ka\u017cdy znajdzie odpowiedni kolor! Z\u0142ot\u0105 lini\u0119 wyr\u00f3\u017cnia dodatek drobinek z\u0142ota w ustniku. [\u2026]<\/p>","protected":false},"featured_media":34157,"comment_status":"open","ping_status":"closed","template":"","meta":[],"_links":{"self":[{"href":"https:\/\/hookahshop.lt\/pl\/wp-json\/wp\/v2\/product\/34156"}],"collection":[{"href":"https:\/\/hookahshop.lt\/pl\/wp-json\/wp\/v2\/product"}],"about":[{"href":"https:\/\/hookahshop.lt\/pl\/wp-json\/wp\/v2\/types\/product"}],"replies":[{"embeddable":true,"href":"https:\/\/hookahshop.lt\/pl\/wp-json\/wp\/v2\/comments?post=34156"}],"version-history":[{"count":6,"href":"https:\/\/hookahshop.lt\/pl\/wp-json\/wp\/v2\/product\/34156\/revisions"}],"predecessor-version":[{"id":43945,"href":"https:\/\/hookahshop.lt\/pl\/wp-json\/wp\/v2\/product\/34156\/revisions\/43945"}],"wp:featuredmedia":[{"embeddable":true,"href":"https:\/\/hookahshop.lt\/pl\/wp-json\/wp\/v2\/media\/34157"}],"wp:attachment":[{"href":"https:\/\/hookahshop.lt\/pl\/wp-json\/wp\/v2\/media?parent=34156"}],"curies":[{"name":"wp","href":"https:\/\/api.w.org\/{rel}","templated":true}]}}