{"id":34175,"date":"2022-10-31T16:59:42","date_gmt":"2022-10-31T14:59:42","guid":{"rendered":"https:\/\/hookahshop.lt\/?post_type=product&#038;p=34175"},"modified":"2026-04-22T23:29:48","modified_gmt":"2026-04-22T20:29:48","slug":"individualus-kaljano-kandiklis-moze-wild-black","status":"publish","type":"product","link":"https:\/\/hookahshop.lt\/pl\/produkt\/niestandardowy-ustnik-do-fajki-wodnej-moze-dziki-czarny\/","title":{"rendered":"Indywidualny ustnik do fajki wodnej MOZE Wild Black"},"content":{"rendered":"<h2>Indywidualny ustnik do fajki wodnej MOZE Wild Black<\/h2>\n<p>Gwarantuje higieniczne palenie. Ka\u017cdy ustnik MOZE jest wyj\u0105tkowy, poniewa\u017c nigdy nie jest taki sam ze wzgl\u0119du na \u017cywic\u0119 epoksydow\u0105 i gradienty kolor\u00f3w. U\u017cywaj\u0105c tego ustnika zrobisz co\u015b dobrego nie tylko dla siebie i swojej higieny, ale tak\u017ce dla \u015brodowiska, poniewa\u017c ustniki nie s\u0105 wyrzucane po paleniu jak pojedyncze jednorazowe ustniki.<\/p>\n<p>Czy masz jakie\u015b pytania? Skontaktuj si\u0119 z nami\u00a0<a href=\"https:\/\/hookahshop.lt\/pl\/lacznosc\/\">strona z kontaktami<\/a>\u00a0lub napisz do nas na adres\u00a0<a href=\"https:\/\/facebook.com\/HookahShop.lt\/\" target=\"_blank\" rel=\"noopener noreferrer\">konto na Facebooku<\/a>\u00a0a my odpowiemy na Twoj\u0105 pro\u015bb\u0119 tego samego dnia.<\/p>","protected":false},"excerpt":{"rendered":"<p>Indywidualny ustnik do fajki wodnej MOZE Wild Black Gwarantuje higieniczne palenie. Ka\u017cdy ustnik MOZE jest wyj\u0105tkowy, poniewa\u017c nigdy nie jest taki sam ze wzgl\u0119du na \u017cywic\u0119 epoksydow\u0105 i gradienty kolor\u00f3w. U\u017cywaj\u0105c tego ustnika, zrobisz co\u015b dobrego nie tylko dla siebie i swojej higieny, ale tak\u017ce dla \u015brodowiska, poniewa\u017c ustniki po paleniu nie s\u0105 wyrzucane jak pojedyncze ustniki jednorazowe. Czy masz jakie\u015b pytania? [\u2026]<\/p>","protected":false},"featured_media":34170,"comment_status":"open","ping_status":"closed","template":"","meta":[],"_links":{"self":[{"href":"https:\/\/hookahshop.lt\/pl\/wp-json\/wp\/v2\/product\/34175"}],"collection":[{"href":"https:\/\/hookahshop.lt\/pl\/wp-json\/wp\/v2\/product"}],"about":[{"href":"https:\/\/hookahshop.lt\/pl\/wp-json\/wp\/v2\/types\/product"}],"replies":[{"embeddable":true,"href":"https:\/\/hookahshop.lt\/pl\/wp-json\/wp\/v2\/comments?post=34175"}],"version-history":[{"count":4,"href":"https:\/\/hookahshop.lt\/pl\/wp-json\/wp\/v2\/product\/34175\/revisions"}],"predecessor-version":[{"id":43988,"href":"https:\/\/hookahshop.lt\/pl\/wp-json\/wp\/v2\/product\/34175\/revisions\/43988"}],"wp:featuredmedia":[{"embeddable":true,"href":"https:\/\/hookahshop.lt\/pl\/wp-json\/wp\/v2\/media\/34170"}],"wp:attachment":[{"href":"https:\/\/hookahshop.lt\/pl\/wp-json\/wp\/v2\/media?parent=34175"}],"curies":[{"name":"wp","href":"https:\/\/api.w.org\/{rel}","templated":true}]}}