{"id":34183,"date":"2022-10-31T17:06:39","date_gmt":"2022-10-31T15:06:39","guid":{"rendered":"https:\/\/hookahshop.lt\/?post_type=product&#038;p=34183"},"modified":"2026-04-19T23:29:56","modified_gmt":"2026-04-19T20:29:56","slug":"individualus-kaljano-kandiklis-serp-pink","status":"publish","type":"product","link":"https:\/\/hookahshop.lt\/pl\/produkt\/indywidualny-ustnik-szisza-serp-rozowy\/","title":{"rendered":"Indywidualny ustnik do fajki wodnej SERP r\u00f3\u017cowy"},"content":{"rendered":"<h2>Indywidualny ustnik do fajki wodnej SERP r\u00f3\u017cowy<\/h2>\n<p>Wykonany ze stabilizowanego wysokiej jako\u015bci drewna. Ten niestandardowy ustnik pasuje do wi\u0119kszo\u015bci ustnik\u00f3w, poniewa\u017c ma silikonow\u0105 cz\u0119\u015b\u0107 na dole. Zalet\u0105 tego produktu jest to, \u017ce mo\u017cna go my\u0107 wod\u0105, dzi\u0119ki czemu mo\u017cna go ponownie wykorzysta\u0107. Jest pasek, za pomoc\u0105 kt\u00f3rego mo\u017cna go nosi\u0107 na szyi.<\/p>\n<p>Czy masz jakie\u015b pytania? Skontaktuj si\u0119 z nami\u00a0<a href=\"https:\/\/hookahshop.lt\/pl\/lacznosc\/\">strona z kontaktami<\/a>\u00a0lub napisz do nas na adres\u00a0<a href=\"https:\/\/facebook.com\/HookahShop.lt\/\" target=\"_blank\" rel=\"noopener noreferrer\">konto na Facebooku<\/a>\u00a0a my odpowiemy na Twoj\u0105 pro\u015bb\u0119 tego samego dnia.<\/p>","protected":false},"excerpt":{"rendered":"<p>Indywidualny ustnik do fajki wodnej SERP Pink Wykonany z stabilizowanego drewna wysokiej jako\u015bci. Ten niestandardowy ustnik pasuje do wi\u0119kszo\u015bci ustnik\u00f3w, poniewa\u017c ma silikonow\u0105 cz\u0119\u015b\u0107 na dole. Zalet\u0105 tego produktu jest to, \u017ce mo\u017cna go my\u0107 wod\u0105, dzi\u0119ki czemu mo\u017cna go ponownie wykorzysta\u0107. Posiada pasek, dzi\u0119ki kt\u00f3remu mo\u017cna j\u0105 nosi\u0107 na szyi. Czy masz jakie\u015b pytania? Skontaktuj si\u0119 z nami na stronie kontaktowej lub napisz [...]<\/p>","protected":false},"featured_media":34172,"comment_status":"open","ping_status":"closed","template":"","meta":[],"_links":{"self":[{"href":"https:\/\/hookahshop.lt\/pl\/wp-json\/wp\/v2\/product\/34183"}],"collection":[{"href":"https:\/\/hookahshop.lt\/pl\/wp-json\/wp\/v2\/product"}],"about":[{"href":"https:\/\/hookahshop.lt\/pl\/wp-json\/wp\/v2\/types\/product"}],"replies":[{"embeddable":true,"href":"https:\/\/hookahshop.lt\/pl\/wp-json\/wp\/v2\/comments?post=34183"}],"version-history":[{"count":4,"href":"https:\/\/hookahshop.lt\/pl\/wp-json\/wp\/v2\/product\/34183\/revisions"}],"predecessor-version":[{"id":34260,"href":"https:\/\/hookahshop.lt\/pl\/wp-json\/wp\/v2\/product\/34183\/revisions\/34260"}],"wp:featuredmedia":[{"embeddable":true,"href":"https:\/\/hookahshop.lt\/pl\/wp-json\/wp\/v2\/media\/34172"}],"wp:attachment":[{"href":"https:\/\/hookahshop.lt\/pl\/wp-json\/wp\/v2\/media?parent=34183"}],"curies":[{"name":"wp","href":"https:\/\/api.w.org\/{rel}","templated":true}]}}