{"id":34187,"date":"2022-10-31T17:14:02","date_gmt":"2022-10-31T15:14:02","guid":{"rendered":"https:\/\/hookahshop.lt\/?post_type=product&#038;p=34187"},"modified":"2026-04-17T16:33:36","modified_gmt":"2026-04-17T13:33:36","slug":"skyliu-pramustuvas-ivairiu-spalvu","status":"publish","type":"product","link":"https:\/\/hookahshop.lt\/pl\/produkt\/przekluwacz-do-dziurek-w-innym-kolorze\/","title":{"rendered":"Dziurkacz w r\u00f3\u017cnych kolorach"},"content":{"rendered":"<h2><strong>Dziurkacz w r\u00f3\u017cnych kolorach<\/strong><\/h2>\n<p>Dziurkacz - ig\u0142a do przygotowanego kubka z foli\u0105 - do dziurkowania otwor\u00f3w. Innym sposobem u\u017cycia jest lu\u017ane rozprowadzenie tytoniu w kubku lub wykonanie otwor\u00f3w na tyto\u0144 w kubku.<\/p>\n<p>Czy masz jakie\u015b pytania? Skontaktuj si\u0119 z nami\u00a0<a href=\"https:\/\/hookahshop.lt\/pl\/lacznosc\/\">strona z kontaktami<\/a>\u00a0lub napisz do nas na adres\u00a0<a href=\"https:\/\/facebook.com\/HookahShop.lt\/\" target=\"_blank\" rel=\"noopener noreferrer\">konto na Facebooku<\/a>\u00a0a my odpowiemy na Twoj\u0105 pro\u015bb\u0119 tego samego dnia.<\/p>","protected":false},"excerpt":{"rendered":"<p>Dziurkacz w r\u00f3\u017cnych kolorach Dziurkacz - ig\u0142a przeznaczona jest do przygotowanego kubka z foli\u0105 - do dziurkowania. Innym sposobem jego wykorzystania jest lu\u017ane rozprowadzenie tytoniu w fili\u017cance lub wykonanie otwor\u00f3w na tyto\u0144 w fili\u017cance. Czy masz jakie\u015b pytania? Skontaktuj si\u0119 z nami na stronie kontaktowej lub napisz do nas na naszym koncie na Facebooku, a my odpowiemy na Twoj\u0105 pro\u015bb\u0119 jeszcze tego samego dnia.<\/p>","protected":false},"featured_media":34188,"comment_status":"open","ping_status":"closed","template":"","meta":[],"_links":{"self":[{"href":"https:\/\/hookahshop.lt\/pl\/wp-json\/wp\/v2\/product\/34187"}],"collection":[{"href":"https:\/\/hookahshop.lt\/pl\/wp-json\/wp\/v2\/product"}],"about":[{"href":"https:\/\/hookahshop.lt\/pl\/wp-json\/wp\/v2\/types\/product"}],"replies":[{"embeddable":true,"href":"https:\/\/hookahshop.lt\/pl\/wp-json\/wp\/v2\/comments?post=34187"}],"version-history":[{"count":4,"href":"https:\/\/hookahshop.lt\/pl\/wp-json\/wp\/v2\/product\/34187\/revisions"}],"predecessor-version":[{"id":42994,"href":"https:\/\/hookahshop.lt\/pl\/wp-json\/wp\/v2\/product\/34187\/revisions\/42994"}],"wp:featuredmedia":[{"embeddable":true,"href":"https:\/\/hookahshop.lt\/pl\/wp-json\/wp\/v2\/media\/34188"}],"wp:attachment":[{"href":"https:\/\/hookahshop.lt\/pl\/wp-json\/wp\/v2\/media?parent=34187"}],"curies":[{"name":"wp","href":"https:\/\/api.w.org\/{rel}","templated":true}]}}