{"id":34277,"date":"2022-10-31T23:21:13","date_gmt":"2022-10-31T21:21:13","guid":{"rendered":"https:\/\/hookahshop.lt\/?post_type=product&#038;p=34277"},"modified":"2026-05-13T23:29:54","modified_gmt":"2026-05-13T20:29:54","slug":"taurele-kaljanui-japona-hookah-turkish-orange","status":"publish","type":"product","link":"https:\/\/hookahshop.lt\/pl\/produkt\/filizanka-szisza-japonska-szisza-turecka-pomaranczowa\/","title":{"rendered":"Kubek do fajki wodnej JAPAN HOOKAH Turecki Pomara\u0144czowy"},"content":{"rendered":"<h2>Kubek do fajki wodnej JAPAN HOOKAH Turecki Pomara\u0144czowy<\/h2>\n<p>Jest to wysokiej jako\u015bci r\u0119cznie robiony kubek z czerwonej gliny.<br \/>\nWszystkie kubki s\u0105 bardzo pi\u0119kne. Szczeg\u00f3lnego uroku dodaje im pleciona czarna wst\u0105\u017cka, kt\u00f3ra zdobi tureckie fili\u017canki.<br \/>\nKubki Japona Hookah b\u0119d\u0105 \u015bwietnym dodatkiem do Twojej kolekcji, a stylowe opakowanie sprawia, \u017ce idealnie nadaj\u0105 si\u0119 na prezent.<br \/>\nTurecka fajka wodna \u201eJapona Hookah\u201d to klasyczny turecki kubek z pi\u0119cioma du\u017cymi otworami na dole, obj\u0119to\u015b\u0107 kubka to 15 gram\u00f3w. Miseczka o \u0142adnej fakturze i plecionym sznurku.<\/p>\n<p>Specyfikacje:<br \/>\nWysoko\u015b\u0107: 89mm<br \/>\n\u015arednica (zewn\u0119trzna): 69 mm<br \/>\n\u015arednica (wewn\u0119trzna): 59 mm<br \/>\nG\u0142\u0119boko\u015b\u0107: 19 mm<br \/>\n\u015arednica otworu: 7 mm<br \/>\nLiczba otwor\u00f3w: 5 szt<br \/>\nWaga: oko\u0142o 188g.<\/p>\n<p>Czy masz jakie\u015b pytania? Skontaktuj si\u0119 z nami\u00a0<a href=\"https:\/\/hookahshop.lt\/pl\/lacznosc\/\">strona z kontaktami<\/a>\u00a0lub napisz do nas na adres\u00a0<a href=\"https:\/\/facebook.com\/HookahShop.lt\/\" target=\"_blank\" rel=\"noopener noreferrer\">konto na Facebooku<\/a>\u00a0a my odpowiemy na Twoj\u0105 pro\u015bb\u0119 tego samego dnia.<\/p>","protected":false},"excerpt":{"rendered":"<p>Miska na fajk\u0119 wodn\u0105 JAPAN HOOKAH Turecka Pomara\u0144cza Jest to wysokiej jako\u015bci, r\u0119cznie robiona miska z czerwonej gliny. Wszystkie fili\u017canki s\u0105 bardzo pi\u0119kne. Szczeg\u00f3lnego uroku dodaje im pleciona czarna wst\u0105\u017cka zdobi\u0105ca tureckie miseczki. Kubki marki Japona Hookah b\u0119d\u0105 doskona\u0142ym dodatkiem do Twojej kolekcji, a stylowe opakowanie sprawia, \u017ce idealnie nadaj\u0105 si\u0119 na prezent. Szisza turecka \u201eJapona Hookah\u201d to klasyczna turecka fili\u017canka z dnem [\u2026]<\/p>","protected":false},"featured_media":34278,"comment_status":"open","ping_status":"closed","template":"","meta":[],"_links":{"self":[{"href":"https:\/\/hookahshop.lt\/pl\/wp-json\/wp\/v2\/product\/34277"}],"collection":[{"href":"https:\/\/hookahshop.lt\/pl\/wp-json\/wp\/v2\/product"}],"about":[{"href":"https:\/\/hookahshop.lt\/pl\/wp-json\/wp\/v2\/types\/product"}],"replies":[{"embeddable":true,"href":"https:\/\/hookahshop.lt\/pl\/wp-json\/wp\/v2\/comments?post=34277"}],"version-history":[{"count":3,"href":"https:\/\/hookahshop.lt\/pl\/wp-json\/wp\/v2\/product\/34277\/revisions"}],"predecessor-version":[{"id":34450,"href":"https:\/\/hookahshop.lt\/pl\/wp-json\/wp\/v2\/product\/34277\/revisions\/34450"}],"wp:featuredmedia":[{"embeddable":true,"href":"https:\/\/hookahshop.lt\/pl\/wp-json\/wp\/v2\/media\/34278"}],"wp:attachment":[{"href":"https:\/\/hookahshop.lt\/pl\/wp-json\/wp\/v2\/media?parent=34277"}],"curies":[{"name":"wp","href":"https:\/\/api.w.org\/{rel}","templated":true}]}}