{"id":34281,"date":"2022-10-31T23:34:43","date_gmt":"2022-10-31T21:34:43","guid":{"rendered":"https:\/\/hookahshop.lt\/?post_type=product&#038;p=34281"},"modified":"2026-04-21T23:30:09","modified_gmt":"2026-04-21T20:30:09","slug":"taurele-kaljanui-kong-phunnel-space-blue","status":"publish","type":"product","link":"https:\/\/hookahshop.lt\/pl\/produkt\/kubek-szisza-kong-lejek-kosmiczny-niebieski\/","title":{"rendered":"Miska do fajki wodnej KONG Phunnel Space Blue"},"content":{"rendered":"<h2>Miska do fajki wodnej KONG Phunnel Space Blue<\/h2>\n<p>Przeszed\u0142 etap pra\u017cenia mleka i 12 etap\u00f3w obr\u00f3bki, dzi\u0119ki czemu mo\u017cesz zafundowa\u0107 sobie \u015bwietn\u0105 fajk\u0119 wodn\u0105 na bardzo d\u0142ugi czas. Projekt przywo\u0142uje przyjemno\u015b\u0107 naturalnych aromat\u00f3w i pysznej fajki wodnej. Obj\u0119to\u015b\u0107 nape\u0142nienia wynosi oko\u0142o 18-22 g.<\/p>\n<p><strong>Charakterystyka:<\/strong><br \/>\nWysoko\u015b\u0107: 100mm<br \/>\n\u015arednica (zewn\u0119trzna): 74 mm<br \/>\n\u015arednica (wewn\u0119trzna): 63 mm<br \/>\nG\u0142\u0119boko\u015b\u0107: 17 mm<br \/>\n\u015arednica otworu: 13mm<br \/>\nLiczba otwor\u00f3w: 1 szt<br \/>\nWaga: oko\u0142o 234g.<\/p>\n<p>Czy masz jakie\u015b pytania? Skontaktuj si\u0119 z nami\u00a0<a href=\"https:\/\/hookahshop.lt\/pl\/lacznosc\/\">strona z kontaktami<\/a>\u00a0lub napisz do nas na adres\u00a0<a href=\"https:\/\/facebook.com\/HookahShop.lt\/\" target=\"_blank\" rel=\"noopener noreferrer\">konto na Facebooku<\/a>\u00a0a my odpowiemy na Twoj\u0105 pro\u015bb\u0119 tego samego dnia.<\/p>\n<p>&nbsp;<\/p>","protected":false},"excerpt":{"rendered":"<p>Fili\u017canka do fajki wodnej KONG Phunnel Space Blue Przesz\u0142a etap pra\u017cenia mleka i 12 etap\u00f3w przetwarzania, dzi\u0119ki czemu mo\u017cesz cieszy\u0107 si\u0119 wspania\u0142\u0105 fajk\u0105 wodn\u0105 przez bardzo d\u0142ugi czas. Design przywo\u0142uje przyjemno\u015b\u0107 p\u0142yn\u0105c\u0105 z naturalnych aromat\u00f3w i pysznej fajki wodnej. Obj\u0119to\u015b\u0107 wype\u0142nienia wynosi oko\u0142o 18-22 g. Charakterystyka: Wysoko\u015b\u0107: 100 mm \u015arednica (zewn\u0119trzna): 74 mm \u015arednica (wewn\u0119trzna): 63 mm G\u0142\u0119boko\u015b\u0107: 17 mm \u015arednica otworu: 13 mm Ilo\u015b\u0107 otwor\u00f3w: [\u2026]<\/p>","protected":false},"featured_media":34282,"comment_status":"open","ping_status":"closed","template":"","meta":[],"_links":{"self":[{"href":"https:\/\/hookahshop.lt\/pl\/wp-json\/wp\/v2\/product\/34281"}],"collection":[{"href":"https:\/\/hookahshop.lt\/pl\/wp-json\/wp\/v2\/product"}],"about":[{"href":"https:\/\/hookahshop.lt\/pl\/wp-json\/wp\/v2\/types\/product"}],"replies":[{"embeddable":true,"href":"https:\/\/hookahshop.lt\/pl\/wp-json\/wp\/v2\/comments?post=34281"}],"version-history":[{"count":4,"href":"https:\/\/hookahshop.lt\/pl\/wp-json\/wp\/v2\/product\/34281\/revisions"}],"predecessor-version":[{"id":45627,"href":"https:\/\/hookahshop.lt\/pl\/wp-json\/wp\/v2\/product\/34281\/revisions\/45627"}],"wp:featuredmedia":[{"embeddable":true,"href":"https:\/\/hookahshop.lt\/pl\/wp-json\/wp\/v2\/media\/34282"}],"wp:attachment":[{"href":"https:\/\/hookahshop.lt\/pl\/wp-json\/wp\/v2\/media?parent=34281"}],"curies":[{"name":"wp","href":"https:\/\/api.w.org\/{rel}","templated":true}]}}