{"id":34364,"date":"2022-11-10T14:54:24","date_gmt":"2022-11-10T12:54:24","guid":{"rendered":"https:\/\/hookahshop.lt\/?post_type=product&#038;p=34364"},"modified":"2026-04-15T23:29:28","modified_gmt":"2026-04-15T20:29:28","slug":"kolba-kaljanui-su-sriegiu-aladin-mvp550-2","status":"publish","type":"product","link":"https:\/\/hookahshop.lt\/pl\/produkt\/piersiowka-do-sziszy-z-nicia-aladin-mvp550-2\/","title":{"rendered":"Kolba do fajki wodnej z nitk\u0105 ALADIN MVP550 Blue"},"content":{"rendered":"<h2>Kolba do fajki wodnej z nitk\u0105 ALADIN MVP550 Blue<\/h2>\n<p>Kolba z gwintem przeznaczona tylko do fajki wodnej ALADIN MVP550.<\/p>\n<p><strong><span title=\"\">Specyfikacje:<\/span><\/strong><br \/>\nKolor \u2013 niebieski<br \/>\nWysoko\u015b\u0107: 27 cm<br \/>\nMateria\u0142: Stal nierdzewna.<\/p>\n<p>Czy masz jakie\u015b pytania? Skontaktuj si\u0119 z nami\u00a0<a href=\"https:\/\/hookahshop.lt\/pl\/lacznosc\/\">strona z kontaktami<\/a>\u00a0lub napisz do nas na adres\u00a0<a href=\"https:\/\/facebook.com\/HookahShop.lt\/\" target=\"_blank\" rel=\"noopener\">konto na Facebooku<\/a>\u00a0a my odpowiemy na Twoj\u0105 pro\u015bb\u0119 tego samego dnia.<\/p>","protected":false},"excerpt":{"rendered":"<p>Kolba kaljanui su sriegiu ALADIN MVP550 Blue Kolba su sriegiu skirta tik ALADIN MVP550 kaljanui. Specifikacijos: Spalva \u2013 m\u0117lyna Auk\u0161tis: 27cm Med\u017eiaga: ner\u016bdijantis plienas. Turite klausim\u0173? Susisiekite su mumis\u00a0kontakt\u0173 puslapyje\u00a0arba para\u0161ykite mums \u012f\u00a0Facebook paskyr\u0105\u00a0ir atsakysime \u012f j\u016bs\u0173 u\u017eklaus\u0105 dar t\u0105 pa\u010di\u0105 dien\u0105.<\/p>","protected":false},"featured_media":34365,"comment_status":"open","ping_status":"closed","template":"","meta":[],"_links":{"self":[{"href":"https:\/\/hookahshop.lt\/pl\/wp-json\/wp\/v2\/product\/34364"}],"collection":[{"href":"https:\/\/hookahshop.lt\/pl\/wp-json\/wp\/v2\/product"}],"about":[{"href":"https:\/\/hookahshop.lt\/pl\/wp-json\/wp\/v2\/types\/product"}],"replies":[{"embeddable":true,"href":"https:\/\/hookahshop.lt\/pl\/wp-json\/wp\/v2\/comments?post=34364"}],"version-history":[{"count":5,"href":"https:\/\/hookahshop.lt\/pl\/wp-json\/wp\/v2\/product\/34364\/revisions"}],"predecessor-version":[{"id":45152,"href":"https:\/\/hookahshop.lt\/pl\/wp-json\/wp\/v2\/product\/34364\/revisions\/45152"}],"wp:featuredmedia":[{"embeddable":true,"href":"https:\/\/hookahshop.lt\/pl\/wp-json\/wp\/v2\/media\/34365"}],"wp:attachment":[{"href":"https:\/\/hookahshop.lt\/pl\/wp-json\/wp\/v2\/media?parent=34364"}],"curies":[{"name":"wp","href":"https:\/\/api.w.org\/{rel}","templated":true}]}}