{"id":34368,"date":"2022-11-10T14:58:12","date_gmt":"2022-11-10T12:58:12","guid":{"rendered":"https:\/\/hookahshop.lt\/?post_type=product&#038;p=34368"},"modified":"2026-04-15T23:29:28","modified_gmt":"2026-04-15T20:29:28","slug":"kolba-kaljanui-su-sriegiu-aladin-mvp550-3","status":"publish","type":"product","link":"https:\/\/hookahshop.lt\/pl\/produkt\/kolba-do-sziszy-z-gwintem-aladin-mvp550-3\/","title":{"rendered":"Kolba do fajki wodnej z nitk\u0105 ALADIN MVP550 Turkus"},"content":{"rendered":"<h2>Kolba do fajki wodnej z nitk\u0105 ALADIN MVP550 Turkus<\/h2>\n<p>Kolba z gwintem przeznaczona tylko do fajki wodnej ALADIN MVP550.<sub><br \/>\n<\/sub><\/p>\n<p><strong><span title=\"\">Specyfikacje:<\/span><\/strong><br \/>\nKolor \u2013 turkusowy<br \/>\nWysoko\u015b\u0107: 27 cm<br \/>\nMateria\u0142: Stal nierdzewna.<\/p>\n<p>Czy masz jakie\u015b pytania? Skontaktuj si\u0119 z nami\u00a0<a href=\"https:\/\/hookahshop.lt\/pl\/lacznosc\/\">strona z kontaktami<\/a>\u00a0lub napisz do nas na adres\u00a0<a href=\"https:\/\/facebook.com\/HookahShop.lt\/\" target=\"_blank\" rel=\"noopener\">konto na Facebooku<\/a>\u00a0a my odpowiemy na Twoj\u0105 pro\u015bb\u0119 tego samego dnia.<\/p>","protected":false},"excerpt":{"rendered":"<p>Kolba kaljanui su sriegiu ALADIN MVP550 Turquoise Kolba su sriegiu skirta tik ALADIN MVP550\u00a0kaljanui. Specifikacijos: Spalva \u2013 turkio Auk\u0161tis: 27cm Med\u017eiaga: ner\u016bdijantis plienas. Turite klausim\u0173? Susisiekite su mumis\u00a0kontakt\u0173 puslapyje\u00a0arba para\u0161ykite mums \u012f\u00a0Facebook paskyr\u0105\u00a0ir atsakysime \u012f j\u016bs\u0173 u\u017eklaus\u0105 dar t\u0105 pa\u010di\u0105 dien\u0105.<\/p>","protected":false},"featured_media":34369,"comment_status":"open","ping_status":"closed","template":"","meta":[],"_links":{"self":[{"href":"https:\/\/hookahshop.lt\/pl\/wp-json\/wp\/v2\/product\/34368"}],"collection":[{"href":"https:\/\/hookahshop.lt\/pl\/wp-json\/wp\/v2\/product"}],"about":[{"href":"https:\/\/hookahshop.lt\/pl\/wp-json\/wp\/v2\/types\/product"}],"replies":[{"embeddable":true,"href":"https:\/\/hookahshop.lt\/pl\/wp-json\/wp\/v2\/comments?post=34368"}],"version-history":[{"count":5,"href":"https:\/\/hookahshop.lt\/pl\/wp-json\/wp\/v2\/product\/34368\/revisions"}],"predecessor-version":[{"id":45154,"href":"https:\/\/hookahshop.lt\/pl\/wp-json\/wp\/v2\/product\/34368\/revisions\/45154"}],"wp:featuredmedia":[{"embeddable":true,"href":"https:\/\/hookahshop.lt\/pl\/wp-json\/wp\/v2\/media\/34369"}],"wp:attachment":[{"href":"https:\/\/hookahshop.lt\/pl\/wp-json\/wp\/v2\/media?parent=34368"}],"curies":[{"name":"wp","href":"https:\/\/api.w.org\/{rel}","templated":true}]}}