{"id":34372,"date":"2022-11-10T15:10:40","date_gmt":"2022-11-10T13:10:40","guid":{"rendered":"https:\/\/hookahshop.lt\/?post_type=product&#038;p=34372"},"modified":"2026-04-15T23:29:28","modified_gmt":"2026-04-15T20:29:28","slug":"kolba-kaljanui-su-sriegiu-aladin-alux-m5","status":"publish","type":"product","link":"https:\/\/hookahshop.lt\/pl\/produkt\/flakon-z-nicia-aladin-alux-m5\/","title":{"rendered":"Kolba do fajki wodnej z nitk\u0105 ALADIN Alux M5 Black"},"content":{"rendered":"<h2>Kolba do fajki wodnej z nitk\u0105 ALADIN Alux M5 Black<\/h2>\n<p>Kolba z gwintem przeznaczona tylko do fajki wodnej ALADIN Alux M5.<\/p>\n<p><strong><span title=\"\">Specyfikacje:<\/span><\/strong><br \/>\nKolor \u2013 transparentny<br \/>\nWysoko\u015b\u0107: 22 cm<br \/>\nMateria\u0142: wysokiej jako\u015bci aluminium.<\/p>\n<p>Czy masz jakie\u015b pytania? Skontaktuj si\u0119 z nami\u00a0<a href=\"https:\/\/hookahshop.lt\/pl\/lacznosc\/\">strona z kontaktami<\/a>\u00a0lub napisz do nas na adres\u00a0<a href=\"https:\/\/facebook.com\/HookahShop.lt\/\" target=\"_blank\" rel=\"noopener\">konto na Facebooku<\/a>\u00a0a my odpowiemy na Twoj\u0105 pro\u015bb\u0119 tego samego dnia.<\/p>","protected":false},"excerpt":{"rendered":"<p>Kolba kaljanui su sriegiu ALADIN Alux M5 Black Kolba su sriegiu skirta tik ALADIN Alux M5 kaljanui. Specifikacijos: Spalva \u2013 skaidri Auk\u0161tis: 22cm Med\u017eiaga: auk\u0161tos kokyb\u0117s aliuminis. Turite klausim\u0173? Susisiekite su mumis\u00a0kontakt\u0173 puslapyje\u00a0arba para\u0161ykite mums \u012f\u00a0Facebook paskyr\u0105\u00a0ir atsakysime \u012f j\u016bs\u0173 u\u017eklaus\u0105 dar t\u0105 pa\u010di\u0105 dien\u0105.<\/p>","protected":false},"featured_media":34373,"comment_status":"open","ping_status":"closed","template":"","meta":[],"_links":{"self":[{"href":"https:\/\/hookahshop.lt\/pl\/wp-json\/wp\/v2\/product\/34372"}],"collection":[{"href":"https:\/\/hookahshop.lt\/pl\/wp-json\/wp\/v2\/product"}],"about":[{"href":"https:\/\/hookahshop.lt\/pl\/wp-json\/wp\/v2\/types\/product"}],"replies":[{"embeddable":true,"href":"https:\/\/hookahshop.lt\/pl\/wp-json\/wp\/v2\/comments?post=34372"}],"version-history":[{"count":4,"href":"https:\/\/hookahshop.lt\/pl\/wp-json\/wp\/v2\/product\/34372\/revisions"}],"predecessor-version":[{"id":42984,"href":"https:\/\/hookahshop.lt\/pl\/wp-json\/wp\/v2\/product\/34372\/revisions\/42984"}],"wp:featuredmedia":[{"embeddable":true,"href":"https:\/\/hookahshop.lt\/pl\/wp-json\/wp\/v2\/media\/34373"}],"wp:attachment":[{"href":"https:\/\/hookahshop.lt\/pl\/wp-json\/wp\/v2\/media?parent=34372"}],"curies":[{"name":"wp","href":"https:\/\/api.w.org\/{rel}","templated":true}]}}