{"id":34381,"date":"2022-11-10T15:19:17","date_gmt":"2022-11-10T13:19:17","guid":{"rendered":"https:\/\/hookahshop.lt\/?post_type=product&#038;p=34381"},"modified":"2026-04-21T23:30:11","modified_gmt":"2026-04-21T20:30:11","slug":"kolba-kaljanui-su-sriegiu-aladin-mvp-a46","status":"publish","type":"product","link":"https:\/\/hookahshop.lt\/pl\/produkt\/kolba-do-sziszy-z-gwintem-aladin-mvp-a46\/","title":{"rendered":"Kolba do fajki wodnej z nitk\u0105 ALADIN MVP A46 Przezroczysta"},"content":{"rendered":"<h2>Kolba do fajki wodnej z nitk\u0105 ALADIN MVP A46 Przezroczysta<\/h2>\n<p>Kolba z gwintem przeznaczona tylko do fajki wodnej ALADIN MVP A46.<sub><br \/>\n<\/sub><\/p>\n<p><strong><span title=\"\">Specyfikacje:<\/span><\/strong><br \/>\nKolor \u2013 transparentny<br \/>\nWysoko\u015b\u0107: 18 cm<br \/>\nMateria\u0142: Stal nierdzewna.<\/p>\n<p>Czy masz jakie\u015b pytania? Skontaktuj si\u0119 z nami\u00a0<a href=\"https:\/\/hookahshop.lt\/pl\/lacznosc\/\">strona z kontaktami<\/a>\u00a0lub napisz do nas na adres\u00a0<a href=\"https:\/\/facebook.com\/HookahShop.lt\/\" target=\"_blank\" rel=\"noopener\">konto na Facebooku<\/a>\u00a0a my odpowiemy na Twoj\u0105 pro\u015bb\u0119 tego samego dnia.<\/p>","protected":false},"excerpt":{"rendered":"<p>Kolba kaljanui su sriegiu ALADIN MVP A46 Clear Kolba su sriegiu skirta tik ALADIN MVP A46\u00a0kaljanui. Specifikacijos: Spalva \u2013 skaidri Auk\u0161tis: 18cm Med\u017eiaga: ner\u016bdijantis plienas. Turite klausim\u0173? Susisiekite su mumis\u00a0kontakt\u0173 puslapyje\u00a0arba para\u0161ykite mums \u012f\u00a0Facebook paskyr\u0105\u00a0ir atsakysime \u012f j\u016bs\u0173 u\u017eklaus\u0105 dar t\u0105 pa\u010di\u0105 dien\u0105.<\/p>","protected":false},"featured_media":34378,"comment_status":"open","ping_status":"closed","template":"","meta":[],"_links":{"self":[{"href":"https:\/\/hookahshop.lt\/pl\/wp-json\/wp\/v2\/product\/34381"}],"collection":[{"href":"https:\/\/hookahshop.lt\/pl\/wp-json\/wp\/v2\/product"}],"about":[{"href":"https:\/\/hookahshop.lt\/pl\/wp-json\/wp\/v2\/types\/product"}],"replies":[{"embeddable":true,"href":"https:\/\/hookahshop.lt\/pl\/wp-json\/wp\/v2\/comments?post=34381"}],"version-history":[{"count":6,"href":"https:\/\/hookahshop.lt\/pl\/wp-json\/wp\/v2\/product\/34381\/revisions"}],"predecessor-version":[{"id":45459,"href":"https:\/\/hookahshop.lt\/pl\/wp-json\/wp\/v2\/product\/34381\/revisions\/45459"}],"wp:featuredmedia":[{"embeddable":true,"href":"https:\/\/hookahshop.lt\/pl\/wp-json\/wp\/v2\/media\/34378"}],"wp:attachment":[{"href":"https:\/\/hookahshop.lt\/pl\/wp-json\/wp\/v2\/media?parent=34381"}],"curies":[{"name":"wp","href":"https:\/\/api.w.org\/{rel}","templated":true}]}}