{"id":34882,"date":"2022-12-17T15:08:02","date_gmt":"2022-12-17T13:08:02","guid":{"rendered":"https:\/\/hookahshop.lt\/?post_type=product&#038;p=34882"},"modified":"2026-04-15T12:29:33","modified_gmt":"2026-04-15T09:29:33","slug":"individualus-kaljano-kandiklis-alpha-pipe","status":"publish","type":"product","link":"https:\/\/hookahshop.lt\/pl\/produkt\/niestandardowy-ustnik-szisza-fajka-alfa\/","title":{"rendered":"Indywidualny ustnik do fajki wodnej ALPHA Pipe"},"content":{"rendered":"<h2><strong>Indywidualny ustnik do fajki wodnej ALPHA Pipe<\/strong><\/h2>\n<p>Higieniczna, magnetyczna nasadka zapobiega zanieczyszczeniu. Wygodne w u\u017cyciu, kompaktowe urz\u0105dzenie posiada pasek na szyj\u0119. Wykonany ze stali nierdzewnej, silikonu i poliacetalu.<\/p>\n<p><strong>Specyfikacje:<\/strong><\/p>\n<p>D\u0142ugo\u015b\u0107: 7 cm<br \/>\nWysoko\u015b\u0107: 1,7 cm<br \/>\n\u015arednica: 1,5 cm<\/p>\n<p>Czy masz jakie\u015b pytania? Skontaktuj si\u0119 z nami\u00a0<a href=\"https:\/\/hookahshop.lt\/pl\/lacznosc\/\">strona z kontaktami<\/a>\u00a0lub napisz do nas na adres\u00a0<a href=\"https:\/\/facebook.com\/HookahShop.lt\/\" target=\"_blank\" rel=\"noopener\">konto na Facebooku<\/a>\u00a0a my odpowiemy na Twoj\u0105 pro\u015bb\u0119 tego samego dnia.<\/p>","protected":false},"excerpt":{"rendered":"<p>Indywidualny ustnik do fajki wodnej ALPHA Pipe Higieniczna, magnetyczna os\u0142ona zapobiega zanieczyszczeniu. Wygodne w u\u017cyciu, kompaktowe urz\u0105dzenie posiada pasek na szyj\u0119. Wykonane ze stali nierdzewnej, silikonu i poliacetalu. Dane techniczne: D\u0142ugo\u015b\u0107: 7 cm Wysoko\u015b\u0107: 1,7 cm \u015arednica: 1,5 cm Pytania? Skontaktuj si\u0119 z nami na stronie kontaktowej lub napisz do nas na naszym koncie na Facebooku, a my odpowiemy na Twoj\u0105 pro\u015bb\u0119 jeszcze tego samego dnia.<\/p>","protected":false},"featured_media":34892,"comment_status":"open","ping_status":"closed","template":"","meta":[],"_links":{"self":[{"href":"https:\/\/hookahshop.lt\/pl\/wp-json\/wp\/v2\/product\/34882"}],"collection":[{"href":"https:\/\/hookahshop.lt\/pl\/wp-json\/wp\/v2\/product"}],"about":[{"href":"https:\/\/hookahshop.lt\/pl\/wp-json\/wp\/v2\/types\/product"}],"replies":[{"embeddable":true,"href":"https:\/\/hookahshop.lt\/pl\/wp-json\/wp\/v2\/comments?post=34882"}],"version-history":[{"count":3,"href":"https:\/\/hookahshop.lt\/pl\/wp-json\/wp\/v2\/product\/34882\/revisions"}],"predecessor-version":[{"id":34918,"href":"https:\/\/hookahshop.lt\/pl\/wp-json\/wp\/v2\/product\/34882\/revisions\/34918"}],"wp:featuredmedia":[{"embeddable":true,"href":"https:\/\/hookahshop.lt\/pl\/wp-json\/wp\/v2\/media\/34892"}],"wp:attachment":[{"href":"https:\/\/hookahshop.lt\/pl\/wp-json\/wp\/v2\/media?parent=34882"}],"curies":[{"name":"wp","href":"https:\/\/api.w.org\/{rel}","templated":true}]}}