{"id":34936,"date":"2022-12-20T14:27:00","date_gmt":"2022-12-20T12:27:00","guid":{"rendered":"https:\/\/hookahshop.lt\/?post_type=product&#038;p=34936"},"modified":"2026-04-18T23:29:21","modified_gmt":"2026-04-18T20:29:21","slug":"taurele-kaljanui-kaloud-samsaris-vitria-iii","status":"publish","type":"product","link":"https:\/\/hookahshop.lt\/pl\/produkt\/kubek-szisza-kaloud-samsaris-vitria-iii\/","title":{"rendered":"Kubek do fajki wodnej KALOUD Samsaris Vitria III"},"content":{"rendered":"<h2>Kubek do fajki wodnej KALOUD Samsaris Vitria III<\/h2>\n<p>KALOUD to ameryka\u0144ska marka, kt\u00f3ra stworzy\u0142a jeden z najs\u0142ynniejszych wynalazk\u00f3w w \u015bwiecie fajek wodnych \u2013 komory grzewcze \u201eKALOUD LOTUS\u201d. SAMSARIS VITRIA III dla LOTUS I+ i LOTUS III. Kubek charakteryzuje si\u0119 wyj\u0105tkowym designem i jako\u015bci\u0105. Wykonany jest z nietoksycznego silikonu zatwierdzonego przez ameryka\u0144sk\u0105 Agencj\u0119 ds. \u017bywno\u015bci i Lek\u00f3w, dzi\u0119ki czemu kubek jest bezpieczny w u\u017cyciu. W silikonow\u0105 wk\u0142adk\u0119 mie\u015bci si\u0119 laboratoryjny kubek szklany, kt\u00f3ry jest szczeg\u00f3lnie odporny na ciep\u0142o. Bardzo \u0142atwe do spakowania i czyszczenia. Kubek nie wymaga dodatkowej uszczelki, gdy\u017c wykonany jest z silikonu i doskonale trzyma si\u0119 po umieszczeniu na fajce wodnej.<\/p>\n<p><strong>Specyfikacja:<\/strong><br \/>\nGatunek: thunnel<br \/>\nWysoko\u015b\u0107: 10,5 cm<br \/>\n\u015arednica: 9,5 cm<br \/>\nMateria\u0142: silikon, szk\u0142o<\/p>\n<p>Czy masz jakie\u015b pytania? Skontaktuj si\u0119 z nami\u00a0<a href=\"https:\/\/hookahshop.lt\/pl\/lacznosc\/\">strona z kontaktami<\/a>\u00a0lub napisz do nas na adres\u00a0<a href=\"https:\/\/facebook.com\/HookahShop.lt\/\" target=\"_blank\" rel=\"noopener\">konto na Facebooku<\/a>\u00a0a my odpowiemy na Twoj\u0105 pro\u015bb\u0119 tego samego dnia.<\/p>","protected":false},"excerpt":{"rendered":"<p>Kubek na fajk\u0119 wodn\u0105 KALOUD Samsaris Vitria III KALOUD to ameryka\u0144ska marka, kt\u00f3ra stworzy\u0142a jeden z najs\u0142ynniejszych wynalazk\u00f3w w \u015bwiecie fajek wodnych \u2013 komory grzewcze \u201eKALOUD LOTUS\u201d. SAMSARIS VITRIA III dla LOTUS I+ i LOTUS III. Kubek charakteryzuje si\u0119 wyj\u0105tkowym designem i jako\u015bci\u0105. Wykonany jest z nietoksycznego silikonu zatwierdzonego przez ameryka\u0144sk\u0105 Agencj\u0119 ds. \u017bywno\u015bci i Lek\u00f3w, dzi\u0119ki czemu kubek jest bezpieczny w u\u017cyciu. Do [\u2026]<\/p>","protected":false},"featured_media":34937,"comment_status":"open","ping_status":"closed","template":"","meta":[],"_links":{"self":[{"href":"https:\/\/hookahshop.lt\/pl\/wp-json\/wp\/v2\/product\/34936"}],"collection":[{"href":"https:\/\/hookahshop.lt\/pl\/wp-json\/wp\/v2\/product"}],"about":[{"href":"https:\/\/hookahshop.lt\/pl\/wp-json\/wp\/v2\/types\/product"}],"replies":[{"embeddable":true,"href":"https:\/\/hookahshop.lt\/pl\/wp-json\/wp\/v2\/comments?post=34936"}],"version-history":[{"count":4,"href":"https:\/\/hookahshop.lt\/pl\/wp-json\/wp\/v2\/product\/34936\/revisions"}],"predecessor-version":[{"id":35030,"href":"https:\/\/hookahshop.lt\/pl\/wp-json\/wp\/v2\/product\/34936\/revisions\/35030"}],"wp:featuredmedia":[{"embeddable":true,"href":"https:\/\/hookahshop.lt\/pl\/wp-json\/wp\/v2\/media\/34937"}],"wp:attachment":[{"href":"https:\/\/hookahshop.lt\/pl\/wp-json\/wp\/v2\/media?parent=34936"}],"curies":[{"name":"wp","href":"https:\/\/api.w.org\/{rel}","templated":true}]}}