{"id":34951,"date":"2022-12-20T14:39:50","date_gmt":"2022-12-20T12:39:50","guid":{"rendered":"https:\/\/hookahshop.lt\/?post_type=product&#038;p=34951"},"modified":"2026-04-15T23:29:28","modified_gmt":"2026-04-15T20:29:28","slug":"karscio-kamera-kaloud-lotus-iii-niris","status":"publish","type":"product","link":"https:\/\/hookahshop.lt\/pl\/produkt\/kamera-termowizyjna-kaloud-lotus-iii-niris\/","title":{"rendered":"Kamera termowizyjna KALOUD Lotus III Niris"},"content":{"rendered":"<h2><strong>Kamera termowizyjna KALOUD Lotus III Niris<\/strong><\/h2>\n<p>Opatentowane dzie\u0142o sztuki wykonane z najwy\u017cszej jako\u015bci materia\u0142\u00f3w przy u\u017cyciu technologii produkcji zwykle zarezerwowanej dla przemys\u0142u lotniczego i medycznego. W celu dodania koloru nie stosuje si\u0119 anodowania ani malowania proszkowego, zamiast tego stosowana jest opatentowana, nietoksyczna technika barwienia. Pojemno\u015b\u0107 (zawarto\u015b\u0107 w\u0119gla): do 2-3 jednostek.<\/p>\n<p>\u2013 Znacznie mniej popio\u0142u, czystszy i bardziej intensywny dym.<sub><br \/>\n<\/sub>\u2013 Nie ma potrzeby stosowania folii aluminiowej ani komina.<sub><br \/>\n<\/sub>\u2013 Wyd\u0142u\u017ca czas trwania sesji palenia.<sub><br \/>\n<\/sub>- W\u0119giel trzeba obraca\u0107 znacznie rzadziej.<sub><br \/>\n<\/sub>\u2013 Lepsze zarz\u0105dzanie ciep\u0142em.<\/p>\n<p><strong>Specyfikacja:<\/strong><br \/>\nWysoko\u015b\u0107: 4,8 cm<br \/>\n\u015arednica: 11 cm (g\u00f3ra z uchwytem)<br \/>\n\u015arednica: 7,5 cm (d\u00f3\u0142)<br \/>\nMateria\u0142: wysokiej jako\u015bci aluminium<br \/>\nCzarny kolor<br \/>\nProducent: USA<\/p>\n<p>Czy masz jakie\u015b pytania? Skontaktuj si\u0119 z nami\u00a0<a href=\"https:\/\/hookahshop.lt\/pl\/lacznosc\/\">strona z kontaktami<\/a>\u00a0lub napisz do nas na adres\u00a0<a href=\"https:\/\/facebook.com\/HookahShop.lt\/\" target=\"_blank\" rel=\"noopener\">konto na Facebooku<\/a>\u00a0a my odpowiemy na Twoj\u0105 pro\u015bb\u0119 jeszcze tego samego dnia<\/p>","protected":false},"excerpt":{"rendered":"<p>Komora termiczna KALOUD Lotus III Niris Opatentowane dzie\u0142o sztuki, wykonane z najwy\u017cszej jako\u015bci materia\u0142\u00f3w przy u\u017cyciu technologii wytwarzania zarezerwowanej na co dzie\u0144 dla przemys\u0142u lotniczego i medycznego. W celu nadania koloru nie stosuje si\u0119 anodowania ani malowania proszkowego, zamiast tego stosuje si\u0119 zastrze\u017con\u0105, nietoksyczn\u0105 technik\u0119 barwienia. Pojemno\u015b\u0107 (zawarto\u015b\u0107 w\u0119gla): do 2-3 jednostek. \u2013 Znacznie mniej popio\u0142u, czystszy i bardziej intensywny dym. - [\u2026]<\/p>","protected":false},"featured_media":34952,"comment_status":"open","ping_status":"closed","template":"","meta":[],"_links":{"self":[{"href":"https:\/\/hookahshop.lt\/pl\/wp-json\/wp\/v2\/product\/34951"}],"collection":[{"href":"https:\/\/hookahshop.lt\/pl\/wp-json\/wp\/v2\/product"}],"about":[{"href":"https:\/\/hookahshop.lt\/pl\/wp-json\/wp\/v2\/types\/product"}],"replies":[{"embeddable":true,"href":"https:\/\/hookahshop.lt\/pl\/wp-json\/wp\/v2\/comments?post=34951"}],"version-history":[{"count":4,"href":"https:\/\/hookahshop.lt\/pl\/wp-json\/wp\/v2\/product\/34951\/revisions"}],"predecessor-version":[{"id":35032,"href":"https:\/\/hookahshop.lt\/pl\/wp-json\/wp\/v2\/product\/34951\/revisions\/35032"}],"wp:featuredmedia":[{"embeddable":true,"href":"https:\/\/hookahshop.lt\/pl\/wp-json\/wp\/v2\/media\/34952"}],"wp:attachment":[{"href":"https:\/\/hookahshop.lt\/pl\/wp-json\/wp\/v2\/media?parent=34951"}],"curies":[{"name":"wp","href":"https:\/\/api.w.org\/{rel}","templated":true}]}}