{"id":34961,"date":"2022-12-20T14:46:20","date_gmt":"2022-12-20T12:46:20","guid":{"rendered":"https:\/\/hookahshop.lt\/?post_type=product&#038;p=34961"},"modified":"2026-04-10T23:29:36","modified_gmt":"2026-04-10T20:29:36","slug":"kaljanas-oduman-n2-travel-black","status":"publish","type":"product","link":"https:\/\/hookahshop.lt\/pl\/produkt\/hookah-oduman-n2-travel-black\/","title":{"rendered":"Szisza ODUMAN N2 Travel Czarna"},"content":{"rendered":"<h2><strong>Szisza ODUMAN N2 Travel Czarna<\/strong><\/h2>\n<p>Jest to fajka wodna, kt\u00f3r\u0105 mo\u017cesz zabra\u0107 ze sob\u0105 wsz\u0119dzie i pali\u0107 w komfortowych warunkach. Torba jest wodoodporna. Szk\u0142o pierwszej klasy, r\u0119cznie robione. Wszystkie cz\u0119\u015bci wykonane s\u0105 ze stali nierdzewnej. Ustnik wykonany jest z aluminium. Ten Oduman N2 Travel ma trzonek z wbudowanym dyfuzorem, kt\u00f3ry zapewnia lekki zaci\u0105g fajki wodnej. ODUMAN m\u0105drze zaadaptowa\u0142 konstrukcj\u0119 tej kolby podr\u00f3\u017cnej N2, dzi\u0119ki czemu stabilno\u015b\u0107 modelu jest w pe\u0142ni zapewniona. Ten uroczy model ma naprawd\u0119 zapieraj\u0105cy dech w piersiach stosunek jako\u015bci!<\/p>\n<p><strong>Specyfikacja:<\/strong><br \/>\nWysoko\u015b\u0107: 20 cm<br \/>\n\u015arednica: 12 cm<br \/>\nG\u0142\u0119boko\u015b\u0107 kolby: 14 cm<br \/>\nWaga: 1,7 kg.<br \/>\nMateria\u0142: stal nierdzewna, aluminium, szk\u0142o<br \/>\nKraj pochodzenia: Turcja<\/p>\n<p><strong>Ekwipunek:<\/strong><br \/>\nTrzon do fajki wodnej, kolba, ustnik, w\u0105\u017c, torba.<\/p>\n<p><img decoding=\"async\" loading=\"lazy\" class=\"alignnone size-medium wp-image-38520\" src=\"https:\/\/hookahshop.lt\/wp-content\/uploads\/2020\/09\/stiebas-kolba-zarna-kandiklis-1-300x273.jpg\" alt=\"- hookahshop.lt\" width=\"300\" height=\"273\" srcset=\"https:\/\/hookahshop.lt\/wp-content\/uploads\/2020\/09\/stiebas-kolba-zarna-kandiklis-1-300x273.jpg 300w, https:\/\/hookahshop.lt\/wp-content\/uploads\/2020\/09\/stiebas-kolba-zarna-kandiklis-1-13x12.jpg 13w, https:\/\/hookahshop.lt\/wp-content\/uploads\/2020\/09\/stiebas-kolba-zarna-kandiklis-1-64x58.jpg 64w, https:\/\/hookahshop.lt\/wp-content\/uploads\/2020\/09\/stiebas-kolba-zarna-kandiklis-1.jpg 420w\" sizes=\"(max-width: 300px) 100vw, 300px\" title=\"\"><\/p>\n<p>Czy masz jakie\u015b pytania? Skontaktuj si\u0119 z nami\u00a0<a href=\"https:\/\/hookahshop.lt\/pl\/lacznosc\/\">strona z kontaktami<\/a>\u00a0lub napisz do nas na adres\u00a0<a href=\"https:\/\/facebook.com\/HookahShop.lt\/\" target=\"_blank\" rel=\"noopener\">konto na Facebooku<\/a>\u00a0a my odpowiemy na Twoj\u0105 pro\u015bb\u0119 jeszcze tego samego dnia<\/p>","protected":false},"excerpt":{"rendered":"<p>Szisza ODUMAN N2 Travel Black Jest to fajka wodna, kt\u00f3r\u0105 mo\u017cesz zabra\u0107 ze sob\u0105 wsz\u0119dzie i pali\u0107 w komfortowych warunkach. Torba jest wodoodporna. Szk\u0142o pierwsza klasa, r\u0119cznie robione. Wszystkie cz\u0119\u015bci wykonane s\u0105 ze stali nierdzewnej. Ustnik wykonany jest z aluminium. Ten Oduman N2 Travel ma trzonek z wbudowanym dyfuzorem, kt\u00f3ry zapewnia lekki zaci\u0105g fajki wodnej. ODUMAN m\u0105drze zaadaptowa\u0142 ten \u201eN2 [\u2026]<\/p>","protected":false},"featured_media":34962,"comment_status":"open","ping_status":"closed","template":"","meta":[],"_links":{"self":[{"href":"https:\/\/hookahshop.lt\/pl\/wp-json\/wp\/v2\/product\/34961"}],"collection":[{"href":"https:\/\/hookahshop.lt\/pl\/wp-json\/wp\/v2\/product"}],"about":[{"href":"https:\/\/hookahshop.lt\/pl\/wp-json\/wp\/v2\/types\/product"}],"replies":[{"embeddable":true,"href":"https:\/\/hookahshop.lt\/pl\/wp-json\/wp\/v2\/comments?post=34961"}],"version-history":[{"count":4,"href":"https:\/\/hookahshop.lt\/pl\/wp-json\/wp\/v2\/product\/34961\/revisions"}],"predecessor-version":[{"id":35033,"href":"https:\/\/hookahshop.lt\/pl\/wp-json\/wp\/v2\/product\/34961\/revisions\/35033"}],"wp:featuredmedia":[{"embeddable":true,"href":"https:\/\/hookahshop.lt\/pl\/wp-json\/wp\/v2\/media\/34962"}],"wp:attachment":[{"href":"https:\/\/hookahshop.lt\/pl\/wp-json\/wp\/v2\/media?parent=34961"}],"curies":[{"name":"wp","href":"https:\/\/api.w.org\/{rel}","templated":true}]}}