{"id":34966,"date":"2022-12-20T14:52:22","date_gmt":"2022-12-20T12:52:22","guid":{"rendered":"https:\/\/hookahshop.lt\/?post_type=product&#038;p=34966"},"modified":"2026-04-17T23:29:51","modified_gmt":"2026-04-17T20:29:51","slug":"kaljanas-capsule-composite-carbon","status":"publish","type":"product","link":"https:\/\/hookahshop.lt\/pl\/produkt\/kapsula-szisza-kompozytowa-weglowa\/","title":{"rendered":"KAPSU\u0141KA do fajki wodnej Kompozyt w\u0119glowy"},"content":{"rendered":"<h2><strong>KAPSU\u0141KA do fajki wodnej Kompozyt w\u0119glowy<\/strong><\/h2>\n<p><strong>\u00a0<\/strong>Ma unikalny futurystyczny wygl\u0105d. Trakcj\u0119 mo\u017cna regulowa\u0107 za pomoc\u0105 obrotowego dyfuzora.<\/p>\n<p><strong>Specyfikacja:<\/strong><br \/>\nWysoko\u015b\u0107: 52 cm<br \/>\nZ\u0142\u0105cze w\u0119\u017ca: O-ring<br \/>\nMateria\u0142: stal nierdzewna, w\u0142\u00f3kno w\u0119glowe i poliacetal.<\/p>\n<p><strong>Ekwipunek:<\/strong><br \/>\nTrzon do fajki wodnej, w\u0105\u017c, ustnik, talerz.<\/p>\n<p>Czy masz jakie\u015b pytania? Skontaktuj si\u0119 z nami\u00a0<a href=\"https:\/\/hookahshop.lt\/pl\/lacznosc\/\">strona z kontaktami<\/a>\u00a0lub napisz do nas na adres\u00a0<a href=\"https:\/\/facebook.com\/HookahShop.lt\/\" target=\"_blank\" rel=\"noopener\">konto na Facebooku<\/a>\u00a0a my odpowiemy na Twoj\u0105 pro\u015bb\u0119 jeszcze tego samego dnia<\/p>","protected":false},"excerpt":{"rendered":"<p>Hookah CAPSULE Composite Carbon Posiada unikalny futurystyczny wygl\u0105d. Trakcj\u0119 mo\u017cna regulowa\u0107 za pomoc\u0105 obrotowego dyfuzora. Specyfikacja: Wysoko\u015b\u0107: 52cm Z\u0142\u0105cze w\u0119\u017ca: O-ring Materia\u0142: stal nierdzewna, w\u0142\u00f3kno w\u0119glowe i poliacetal. Kompletny zestaw: trzonek fajki wodnej, w\u0105\u017c, ustnik, p\u0142ytka. Czy masz jakie\u015b pytania? Skontaktuj si\u0119 z nami na stronie kontaktowej lub napisz do nas na naszym koncie na Facebooku, a my odpowiemy na Twoj\u0105 pro\u015bb\u0119 jeszcze tego samego dnia<\/p>","protected":false},"featured_media":34967,"comment_status":"open","ping_status":"closed","template":"","meta":[],"_links":{"self":[{"href":"https:\/\/hookahshop.lt\/pl\/wp-json\/wp\/v2\/product\/34966"}],"collection":[{"href":"https:\/\/hookahshop.lt\/pl\/wp-json\/wp\/v2\/product"}],"about":[{"href":"https:\/\/hookahshop.lt\/pl\/wp-json\/wp\/v2\/types\/product"}],"replies":[{"embeddable":true,"href":"https:\/\/hookahshop.lt\/pl\/wp-json\/wp\/v2\/comments?post=34966"}],"version-history":[{"count":2,"href":"https:\/\/hookahshop.lt\/pl\/wp-json\/wp\/v2\/product\/34966\/revisions"}],"predecessor-version":[{"id":35034,"href":"https:\/\/hookahshop.lt\/pl\/wp-json\/wp\/v2\/product\/34966\/revisions\/35034"}],"wp:featuredmedia":[{"embeddable":true,"href":"https:\/\/hookahshop.lt\/pl\/wp-json\/wp\/v2\/media\/34967"}],"wp:attachment":[{"href":"https:\/\/hookahshop.lt\/pl\/wp-json\/wp\/v2\/media?parent=34966"}],"curies":[{"name":"wp","href":"https:\/\/api.w.org\/{rel}","templated":true}]}}