{"id":34975,"date":"2022-12-20T14:59:36","date_gmt":"2022-12-20T12:59:36","guid":{"rendered":"https:\/\/hookahshop.lt\/?post_type=product&#038;p=34975"},"modified":"2026-04-17T23:29:51","modified_gmt":"2026-04-17T20:29:51","slug":"kaljanas-xhookah-morph-2in1-black","status":"publish","type":"product","link":"https:\/\/hookahshop.lt\/pl\/produkt\/hookah-xhookah-morph-2in1-black\/","title":{"rendered":"Fajka wodna XHOOKAH Morph 2w1 Czarna"},"content":{"rendered":"<h2><strong>Fajka wodna XHOOKAH Morph 2w1 Czarna<\/strong><\/h2>\n<p>Dopasowuje si\u0119 w zale\u017cno\u015bci od potrzeb. Nadaje si\u0119 do u\u017cytku domowego i podr\u00f3\u017cnego. Mo\u017cesz u\u017cywa\u0107 zar\u00f3wno ma\u0142ej fajki wodnej, jak i du\u017cej fajki wodnej, umieszczaj\u0105c dodatkowe przed\u0142u\u017cenie na trzonku. Zmieniaj\u0105c rozmiar fajki wodnej i u\u017cywaj\u0105c r\u00f3\u017cnych rozmiar\u00f3w flakon\u00f3w, ka\u017cd\u0105 sesj\u0119 b\u0119dziesz prze\u017cywa\u0107 inaczej.<\/p>\n<p><strong>Specyfikacja:<\/strong><br \/>\nWysoko\u015b\u0107: 39 cm (ma\u0142a fajka wodna)<br \/>\nWysoko\u015b\u0107: 59 cm (du\u017ca fajka wodna)<br \/>\nDyfuzor: przykr\u0119cany<br \/>\nMateria\u0142: stal nierdzewna i poliacetal<br \/>\nKraj pochodzenia: Niemcy<\/p>\n<p><strong>Ekwipunek: <\/strong><br \/>\nTrzon do fajki wodnej, przed\u0142u\u017cenie trzonka, w\u0105\u017c, p\u0142ytka, ustnik, 2 kolby.<\/p>\n<p>Czy masz jakie\u015b pytania? Skontaktuj si\u0119 z nami\u00a0<a href=\"https:\/\/hookahshop.lt\/pl\/lacznosc\/\">strona z kontaktami<\/a>\u00a0lub napisz do nas na adres\u00a0<a href=\"https:\/\/facebook.com\/HookahShop.lt\/\" target=\"_blank\" rel=\"noopener\">konto na Facebooku<\/a>\u00a0a my odpowiemy na Twoj\u0105 pro\u015bb\u0119 jeszcze tego samego dnia<\/p>","protected":false},"excerpt":{"rendered":"<p>Szisza wodna XHOOKAH Morph 2w1 czarna Dostosowuje si\u0119 do potrzeb. Nadaje si\u0119 do u\u017cytku domowego i podr\u00f3\u017cnego. Mo\u017cna u\u017cywa\u0107 zar\u00f3wno ma\u0142ej fajki wodnej, jak i du\u017cej fajki wodnej, umieszczaj\u0105c dodatkow\u0105 przed\u0142u\u017ck\u0119 na trzonku. Zmieniaj\u0105c rozmiar fajki wodnej i stosuj\u0105c r\u00f3\u017cne rozmiary flakon\u00f3w, ka\u017cd\u0105 sesj\u0119 b\u0119dziesz cieszy\u0107 si\u0119 inaczej. Specyfikacja: Wysoko\u015b\u0107: 39 cm (ma\u0142a szisza) Wysoko\u015b\u0107: 59 cm (du\u017ca szisza) Dyfuzor: przykr\u0119cany Materia\u0142: stal nierdzewna [\u2026]<\/p>","protected":false},"featured_media":34976,"comment_status":"open","ping_status":"closed","template":"","meta":[],"_links":{"self":[{"href":"https:\/\/hookahshop.lt\/pl\/wp-json\/wp\/v2\/product\/34975"}],"collection":[{"href":"https:\/\/hookahshop.lt\/pl\/wp-json\/wp\/v2\/product"}],"about":[{"href":"https:\/\/hookahshop.lt\/pl\/wp-json\/wp\/v2\/types\/product"}],"replies":[{"embeddable":true,"href":"https:\/\/hookahshop.lt\/pl\/wp-json\/wp\/v2\/comments?post=34975"}],"version-history":[{"count":2,"href":"https:\/\/hookahshop.lt\/pl\/wp-json\/wp\/v2\/product\/34975\/revisions"}],"predecessor-version":[{"id":35035,"href":"https:\/\/hookahshop.lt\/pl\/wp-json\/wp\/v2\/product\/34975\/revisions\/35035"}],"wp:featuredmedia":[{"embeddable":true,"href":"https:\/\/hookahshop.lt\/pl\/wp-json\/wp\/v2\/media\/34976"}],"wp:attachment":[{"href":"https:\/\/hookahshop.lt\/pl\/wp-json\/wp\/v2\/media?parent=34975"}],"curies":[{"name":"wp","href":"https:\/\/api.w.org\/{rel}","templated":true}]}}