{"id":34983,"date":"2022-12-20T15:04:13","date_gmt":"2022-12-20T13:04:13","guid":{"rendered":"https:\/\/hookahshop.lt\/?post_type=product&#038;p=34983"},"modified":"2026-04-24T23:29:57","modified_gmt":"2026-04-24T20:29:57","slug":"kaljanas-tsar-h-one-white","status":"publish","type":"product","link":"https:\/\/hookahshop.lt\/pl\/produkt\/hookah-tsar-h-jeden-bialy\/","title":{"rendered":"Fajka wodna TSAR H-One White"},"content":{"rendered":"<h2><strong>Fajka wodna TSAR H-One White<\/strong><\/h2>\n<p>Elegancko zaprojektowana fajka wodna z ekskluzywnym detalem do wydmuchiwania dymu. Fajka TSAR H-One ma zdejmowany dyfuzor, kt\u00f3ry umo\u017cliwia przej\u015bcie od mocnego do l\u017cejszego naci\u0105gu. Wyj\u0105tkowo zaprojektowana p\u0142yta ze szczelinami.<\/p>\n<p><strong>Specyfikacja:<\/strong><br \/>\nWysoko\u015b\u0107: 45 cm<br \/>\nMateria\u0142: aluminium;<br \/>\nKraj pochodzenia: Francja<br \/>\nKolba: gwintowana<\/p>\n<p><strong>Ekwipunek:<\/strong><br \/>\nTrzon do fajki wodnej, w\u0105\u017c, p\u0142ytka, ustnik, kubek, gwintowana kolba.<\/p>\n<p>Czy masz jakie\u015b pytania? Skontaktuj si\u0119 z nami\u00a0<a href=\"https:\/\/hookahshop.lt\/pl\/lacznosc\/\">strona z kontaktami<\/a>\u00a0lub napisz do nas na adres\u00a0<a href=\"https:\/\/facebook.com\/HookahShop.lt\/\" target=\"_blank\" rel=\"noopener\">konto na Facebooku<\/a>\u00a0a my odpowiemy na Twoj\u0105 pro\u015bb\u0119 jeszcze tego samego dnia<\/p>","protected":false},"excerpt":{"rendered":"<p>Fajka wodna TSAR H-One White Elegancko zaprojektowana fajka wodna z ekskluzywnym detalem w postaci wydmuchuj\u0105cego dymu. Szisza TSAR H-One posiada wyjmowany dyfuzor, kt\u00f3ry umo\u017cliwia przej\u015bcie z mocniejszego na l\u017cejszy. Unikalnie zaprojektowana p\u0142yta ze szczelinami. Specyfikacja: Wysoko\u015b\u0107: 45 cm Materia\u0142: aluminium Kraj pochodzenia: Francja Piersi\u00f3wka: z gwintem Kompletny zestaw: Trzon fajki wodnej, w\u0105\u017c, p\u0142ytka, ustnik, kubek, kolba z gwintem. Masz [\u2026]<\/p>","protected":false},"featured_media":34984,"comment_status":"open","ping_status":"closed","template":"","meta":[],"_links":{"self":[{"href":"https:\/\/hookahshop.lt\/pl\/wp-json\/wp\/v2\/product\/34983"}],"collection":[{"href":"https:\/\/hookahshop.lt\/pl\/wp-json\/wp\/v2\/product"}],"about":[{"href":"https:\/\/hookahshop.lt\/pl\/wp-json\/wp\/v2\/types\/product"}],"replies":[{"embeddable":true,"href":"https:\/\/hookahshop.lt\/pl\/wp-json\/wp\/v2\/comments?post=34983"}],"version-history":[{"count":3,"href":"https:\/\/hookahshop.lt\/pl\/wp-json\/wp\/v2\/product\/34983\/revisions"}],"predecessor-version":[{"id":35036,"href":"https:\/\/hookahshop.lt\/pl\/wp-json\/wp\/v2\/product\/34983\/revisions\/35036"}],"wp:featuredmedia":[{"embeddable":true,"href":"https:\/\/hookahshop.lt\/pl\/wp-json\/wp\/v2\/media\/34984"}],"wp:attachment":[{"href":"https:\/\/hookahshop.lt\/pl\/wp-json\/wp\/v2\/media?parent=34983"}],"curies":[{"name":"wp","href":"https:\/\/api.w.org\/{rel}","templated":true}]}}