{"id":34988,"date":"2022-12-20T15:12:11","date_gmt":"2022-12-20T13:12:11","guid":{"rendered":"https:\/\/hookahshop.lt\/?post_type=product&#038;p=34988"},"modified":"2026-04-14T23:29:34","modified_gmt":"2026-04-14T20:29:34","slug":"kaljanas-wd-hookah-p3-black","status":"publish","type":"product","link":"https:\/\/hookahshop.lt\/pl\/produkt\/szisza-wd-szisza-p3-czarna\/","title":{"rendered":"Fajka wodna WD HOOKAH P3 Czarna"},"content":{"rendered":"<h2><strong>Fajka wodna WD HOOKAH P3 Czarna<\/strong><\/h2>\n<p>Wysokiej jako\u015bci model wykonany z niezwykle wytrzyma\u0142ych materia\u0142\u00f3w. Ca\u0142y trzon fajki wodnej wykonany jest ze stali nierdzewnej V2A, pokrytej poliacetalem, tworzywem termoplastycznym o wysokiej odporno\u015bci na zu\u017cycie. Jedn\u0105 ze specjalnych cech tej fajki wodnej jest zintegrowany system odpowietrzaj\u0105cy trzonka, kt\u00f3ry umo\u017cliwia wydostawanie si\u0119 dymu przez 4 ma\u0142e otwory. Podstawa mocowana jest do stojaka za pomoc\u0105 systemu uszczelnie\u0144. Jest wyposa\u017cony w wyjmowany dyfuzor do zmiany naci\u0105gu fajki wodnej.<\/p>\n<p><strong>Specyfikacja:<\/strong><br \/>\nWysoko\u015b\u0107: 56 cm<br \/>\nMateria\u0142: stal nierdzewna, poliacetal<\/p>\n<p><strong>Ekwipunek:<\/strong><br \/>\nTrzon fajki wodnej, talerz<\/p>\n<p>Czy masz jakie\u015b pytania? Skontaktuj si\u0119 z nami\u00a0<a href=\"https:\/\/hookahshop.lt\/pl\/lacznosc\/\">strona z kontaktami<\/a>\u00a0lub napisz do nas na adres\u00a0<a href=\"https:\/\/facebook.com\/HookahShop.lt\/\" target=\"_blank\" rel=\"noopener\">konto na Facebooku<\/a>\u00a0a my odpowiemy na Twoj\u0105 pro\u015bb\u0119 jeszcze tego samego dnia<\/p>","protected":false},"excerpt":{"rendered":"<p>Szisza wodna WD HOOKAH P3 Czarna Wysokiej jako\u015bci model wykonany z niezwykle wytrzyma\u0142ych materia\u0142\u00f3w. Ca\u0142y trzonek fajki wodnej wykonany jest ze stali nierdzewnej V2A pokrytej poliacetalem, tworzywem termoplastycznym charakteryzuj\u0105cym si\u0119 du\u017c\u0105 odporno\u015bci\u0105 na zu\u017cycie. Jedn\u0105 ze specjalnych cech tej fajki wodnej jest zintegrowany system oczyszczania trzonka, kt\u00f3ry umo\u017cliwia wydostawanie si\u0119 dymu przez 4 ma\u0142e otwory. Podstawa mocowana jest do stojaka za pomoc\u0105 systemu uszczelniaj\u0105cego. To [\u2026]<\/p>","protected":false},"featured_media":34989,"comment_status":"open","ping_status":"closed","template":"","meta":[],"_links":{"self":[{"href":"https:\/\/hookahshop.lt\/pl\/wp-json\/wp\/v2\/product\/34988"}],"collection":[{"href":"https:\/\/hookahshop.lt\/pl\/wp-json\/wp\/v2\/product"}],"about":[{"href":"https:\/\/hookahshop.lt\/pl\/wp-json\/wp\/v2\/types\/product"}],"replies":[{"embeddable":true,"href":"https:\/\/hookahshop.lt\/pl\/wp-json\/wp\/v2\/comments?post=34988"}],"version-history":[{"count":4,"href":"https:\/\/hookahshop.lt\/pl\/wp-json\/wp\/v2\/product\/34988\/revisions"}],"predecessor-version":[{"id":35454,"href":"https:\/\/hookahshop.lt\/pl\/wp-json\/wp\/v2\/product\/34988\/revisions\/35454"}],"wp:featuredmedia":[{"embeddable":true,"href":"https:\/\/hookahshop.lt\/pl\/wp-json\/wp\/v2\/media\/34989"}],"wp:attachment":[{"href":"https:\/\/hookahshop.lt\/pl\/wp-json\/wp\/v2\/media?parent=34988"}],"curies":[{"name":"wp","href":"https:\/\/api.w.org\/{rel}","templated":true}]}}