{"id":34992,"date":"2022-12-20T15:16:11","date_gmt":"2022-12-20T13:16:11","guid":{"rendered":"https:\/\/hookahshop.lt\/?post_type=product&#038;p=34992"},"modified":"2026-04-11T23:29:33","modified_gmt":"2026-04-11T20:29:33","slug":"kolba-kaljanui-wd-hookah-clear","status":"publish","type":"product","link":"https:\/\/hookahshop.lt\/pl\/produkt\/flask-for-hookah-wd-hookah-blue\/","title":{"rendered":"Butelka na fajk\u0119 wodn\u0105 WD HOOKAH Clear"},"content":{"rendered":"<h2><strong>Butelka na fajk\u0119 wodn\u0105 WD HOOKAH Clear<\/strong><\/h2>\n<p>Pasuje do prawie wszystkich fajek wodnych, ze standardowym przy\u0142\u0105czem oraz do modeli fajek WD Hookah: L1, L2 i P3. Kolba wykonana jest z wysokiej jako\u015bci szk\u0142a. Przezroczysta, ciekawie zaprojektowana kolba ozdobi Twoj\u0105 fajk\u0119 wodn\u0105 w domu.<\/p>\n<p><strong>Specyfikacja:<\/strong><br \/>\nWysoko\u015b\u0107: ~26 cm<br \/>\n\u015arednica otworu wewn\u0119trznego: ~4,7 cm<\/p>\n<p>Czy masz jakie\u015b pytania? Skontaktuj si\u0119 z nami\u00a0<a href=\"https:\/\/hookahshop.lt\/pl\/lacznosc\/\">strona z kontaktami<\/a>\u00a0lub napisz do nas na adres\u00a0<a href=\"https:\/\/facebook.com\/HookahShop.lt\/\" target=\"_blank\" rel=\"noopener\">konto na Facebooku<\/a>\u00a0a my odpowiemy na Twoj\u0105 pro\u015bb\u0119 jeszcze tego samego dnia<\/p>","protected":false},"excerpt":{"rendered":"<p>Kolba na fajk\u0119 wodn\u0105 WD HOOKAH Clear Pasuje do niemal wszystkich fajek wodnych, ze standardowym przy\u0142\u0105czem oraz modeli fajek wodnych WD Hookah: L1, L2 i P3 Kolba wykonana jest z wysokiej jako\u015bci szk\u0142a. Przezroczysta, ciekawa stylistycznie kolba ozdobi Twoj\u0105 fajk\u0119 wodn\u0105 w domu. Specyfikacja: Wysoko\u015b\u0107: ~26 cm \u015arednica otworu wewn\u0119trznego: ~4,7 cm Masz pytania? Skontaktuj si\u0119 z nami na stronie kontaktowej lub napisz do nas na Facebooku i [\u2026]<\/p>","protected":false},"featured_media":35060,"comment_status":"open","ping_status":"closed","template":"","meta":[],"_links":{"self":[{"href":"https:\/\/hookahshop.lt\/pl\/wp-json\/wp\/v2\/product\/34992"}],"collection":[{"href":"https:\/\/hookahshop.lt\/pl\/wp-json\/wp\/v2\/product"}],"about":[{"href":"https:\/\/hookahshop.lt\/pl\/wp-json\/wp\/v2\/types\/product"}],"replies":[{"embeddable":true,"href":"https:\/\/hookahshop.lt\/pl\/wp-json\/wp\/v2\/comments?post=34992"}],"version-history":[{"count":4,"href":"https:\/\/hookahshop.lt\/pl\/wp-json\/wp\/v2\/product\/34992\/revisions"}],"predecessor-version":[{"id":37679,"href":"https:\/\/hookahshop.lt\/pl\/wp-json\/wp\/v2\/product\/34992\/revisions\/37679"}],"wp:featuredmedia":[{"embeddable":true,"href":"https:\/\/hookahshop.lt\/pl\/wp-json\/wp\/v2\/media\/35060"}],"wp:attachment":[{"href":"https:\/\/hookahshop.lt\/pl\/wp-json\/wp\/v2\/media?parent=34992"}],"curies":[{"name":"wp","href":"https:\/\/api.w.org\/{rel}","templated":true}]}}