{"id":35010,"date":"2022-12-20T15:31:40","date_gmt":"2022-12-20T13:31:40","guid":{"rendered":"https:\/\/hookahshop.lt\/?post_type=product&#038;p=35010"},"modified":"2026-04-17T23:29:51","modified_gmt":"2026-04-17T20:29:51","slug":"kaljano-stovas-320-red","status":"publish","type":"product","link":"https:\/\/hookahshop.lt\/pl\/produkt\/stojak-na-fajke-wodna-320-ed\/","title":{"rendered":"Stojak na fajki wodne 320 Ed"},"content":{"rendered":"<h2><strong>Stojak na fajki wodne 320 Ed<\/strong><\/h2>\n<p>Podstawa z PVC chroni i stabilizuje fajk\u0119 wodn\u0105, zapewniaj\u0105c jej dodatkowe wsparcie na pod\u0142odze lub stole.<\/p>\n<p><strong>Specyfikacja:<\/strong><br \/>\n\u015arednica: 23 cm<br \/>\nKolor czerwony<\/p>\n<p>Czy masz jakie\u015b pytania? Skontaktuj si\u0119 z nami\u00a0<a href=\"https:\/\/hookahshop.lt\/pl\/lacznosc\/\">strona z kontaktami<\/a>\u00a0lub napisz do nas na adres\u00a0<a href=\"https:\/\/facebook.com\/HookahShop.lt\/\" target=\"_blank\" rel=\"noopener\">konto na Facebooku<\/a>\u00a0a my odpowiemy na Twoj\u0105 pro\u015bb\u0119 jeszcze tego samego dnia<\/p>","protected":false},"excerpt":{"rendered":"<p>Stojak na fajk\u0119 wodn\u0105 320 Podstawa z czerwonego PCV chroni i stabilizuje fajk\u0119 wodn\u0105, zapewniaj\u0105c jej dodatkowe wsparcie na pod\u0142odze lub stole. Specyfikacja: \u015arednica: 23 cm Kolor: Czerwony Masz pytania? Skontaktuj si\u0119 z nami na stronie kontaktowej lub napisz do nas na naszym koncie na Facebooku, a my odpowiemy na Twoj\u0105 pro\u015bb\u0119 jeszcze tego samego dnia<\/p>","protected":false},"featured_media":35011,"comment_status":"open","ping_status":"closed","template":"","meta":[],"_links":{"self":[{"href":"https:\/\/hookahshop.lt\/pl\/wp-json\/wp\/v2\/product\/35010"}],"collection":[{"href":"https:\/\/hookahshop.lt\/pl\/wp-json\/wp\/v2\/product"}],"about":[{"href":"https:\/\/hookahshop.lt\/pl\/wp-json\/wp\/v2\/types\/product"}],"replies":[{"embeddable":true,"href":"https:\/\/hookahshop.lt\/pl\/wp-json\/wp\/v2\/comments?post=35010"}],"version-history":[{"count":3,"href":"https:\/\/hookahshop.lt\/pl\/wp-json\/wp\/v2\/product\/35010\/revisions"}],"predecessor-version":[{"id":35072,"href":"https:\/\/hookahshop.lt\/pl\/wp-json\/wp\/v2\/product\/35010\/revisions\/35072"}],"wp:featuredmedia":[{"embeddable":true,"href":"https:\/\/hookahshop.lt\/pl\/wp-json\/wp\/v2\/media\/35011"}],"wp:attachment":[{"href":"https:\/\/hookahshop.lt\/pl\/wp-json\/wp\/v2\/media?parent=35010"}],"curies":[{"name":"wp","href":"https:\/\/api.w.org\/{rel}","templated":true}]}}