{"id":35015,"date":"2022-12-20T15:36:41","date_gmt":"2022-12-20T13:36:41","guid":{"rendered":"https:\/\/hookahshop.lt\/?post_type=product&#038;p=35015"},"modified":"2026-04-21T23:30:11","modified_gmt":"2026-04-21T20:30:11","slug":"apsauginis-sietelis-kaljanui-320-l-black","status":"publish","type":"product","link":"https:\/\/hookahshop.lt\/pl\/produkt\/sitko-ochronne-do-szisza-320-l-czarne\/","title":{"rendered":"Sitko ochronne do fajki wodnej 320 L Czarne"},"content":{"rendered":"<h2><strong>Sitko ochronne do fajki wodnej 320<\/strong><strong>\u00a0Czarny<\/strong><\/h2>\n<p>Zapobiega wypadaniu w\u0119gla z talerza, w przeciwie\u0144stwie do pokrywy, w\u0119giel ma swobodny dost\u0119p powietrza, dzi\u0119ki czemu temperatura w kubku nie wzrasta.<\/p>\n<p><strong>Specyfikacja:<\/strong><\/p>\n<p>Wysoko\u015b\u0107: 24 cm<br \/>\n\u015arednica: 11 cm<br \/>\nCzarny kolor<\/p>\n<p>Czy masz jakie\u015b pytania? Skontaktuj si\u0119 z nami\u00a0<a href=\"https:\/\/hookahshop.lt\/pl\/lacznosc\/\">strona z kontaktami<\/a>\u00a0lub napisz do nas na adres\u00a0<a href=\"https:\/\/facebook.com\/HookahShop.lt\/\" target=\"_blank\" rel=\"noopener\">konto na Facebooku<\/a>\u00a0a my odpowiemy na Twoj\u0105 pro\u015bb\u0119 jeszcze tego samego dnia<\/p>","protected":false},"excerpt":{"rendered":"<p>Sitko ochronne do fajki wodnej 320 L Czarne Zapobiega wypadaniu w\u0119gla z talerza, w przeciwie\u0144stwie do pokrywki, w\u0119giel zapewnia swobodny przep\u0142yw powietrza, dzi\u0119ki czemu temperatura w kubku nie wzrasta. Specyfikacja: Wysoko\u015b\u0107: 24 cm \u015arednica: 11 cm Kolor: Czarny Masz pytania? Skontaktuj si\u0119 z nami na stronie kontaktowej lub napisz do nas na naszym koncie na Facebooku, a my odpowiemy na Twoj\u0105 pro\u015bb\u0119 jeszcze tego samego dnia<\/p>","protected":false},"featured_media":35016,"comment_status":"open","ping_status":"closed","template":"","meta":[],"_links":{"self":[{"href":"https:\/\/hookahshop.lt\/pl\/wp-json\/wp\/v2\/product\/35015"}],"collection":[{"href":"https:\/\/hookahshop.lt\/pl\/wp-json\/wp\/v2\/product"}],"about":[{"href":"https:\/\/hookahshop.lt\/pl\/wp-json\/wp\/v2\/types\/product"}],"replies":[{"embeddable":true,"href":"https:\/\/hookahshop.lt\/pl\/wp-json\/wp\/v2\/comments?post=35015"}],"version-history":[{"count":3,"href":"https:\/\/hookahshop.lt\/pl\/wp-json\/wp\/v2\/product\/35015\/revisions"}],"predecessor-version":[{"id":35071,"href":"https:\/\/hookahshop.lt\/pl\/wp-json\/wp\/v2\/product\/35015\/revisions\/35071"}],"wp:featuredmedia":[{"embeddable":true,"href":"https:\/\/hookahshop.lt\/pl\/wp-json\/wp\/v2\/media\/35016"}],"wp:attachment":[{"href":"https:\/\/hookahshop.lt\/pl\/wp-json\/wp\/v2\/media?parent=35015"}],"curies":[{"name":"wp","href":"https:\/\/api.w.org\/{rel}","templated":true}]}}