{"id":35020,"date":"2022-12-20T15:41:25","date_gmt":"2022-12-20T13:41:25","guid":{"rendered":"https:\/\/hookahshop.lt\/?post_type=product&#038;p=35020"},"modified":"2026-04-16T23:30:01","modified_gmt":"2026-04-16T20:30:01","slug":"kaljano-priedu-ir-valymo-rinkinys-320","status":"publish","type":"product","link":"https:\/\/hookahshop.lt\/pl\/produkt\/akcesoria-do-fajki-wodnej-i-zestaw-do-czyszczenia-320\/","title":{"rendered":"Akcesoria do fajki wodnej i zestaw do czyszczenia 320"},"content":{"rendered":"<h2><strong>Akcesoria do fajki wodnej i zestaw do czyszczenia 320<\/strong><\/h2>\n<p>Zaprojektowany nie tylko do zabrania w podr\u00f3\u017c, ale tak\u017ce wygodny do przechowywania w domu. W zestawie znajduj\u0105 si\u0119 akcesoria niezb\u0119dne do przygotowania i konserwacji fajki wodnej.<\/p>\n<p><strong>Ekwipunek:<\/strong><\/p>\n<ul>\n<li>Kr\u00f3tka szczotka do trzonu fajki wodnej<\/li>\n<li>D\u0142uga szczotka do trzonu fajki wodnej<\/li>\n<li>Szczotka do kolby do fajki wodnej<\/li>\n<li>Szczypce do w\u0119gla<\/li>\n<li>Widelec do mieszanki fajki wodnej<\/li>\n<li>Dziurkacz do folii<\/li>\n<li>Gra\u0107 w karty<\/li>\n<li>Sprawa<\/li>\n<\/ul>\n<p>Czy masz jakie\u015b pytania? Skontaktuj si\u0119 z nami\u00a0<a href=\"https:\/\/hookahshop.lt\/pl\/lacznosc\/\">strona z kontaktami<\/a>\u00a0lub napisz do nas na adres\u00a0<a href=\"https:\/\/facebook.com\/HookahShop.lt\/\" target=\"_blank\" rel=\"noopener\">konto na Facebooku<\/a>\u00a0a my odpowiemy na Twoj\u0105 pro\u015bb\u0119 jeszcze tego samego dnia<\/p>","protected":false},"excerpt":{"rendered":"<p>Akcesoria do fajek wodnych i zestaw do czyszczenia 320 Przeznaczony nie tylko do zabrania w podr\u00f3\u017c, ale tak\u017ce wygodny do przechowywania w domu. W zestawie znajduj\u0105 si\u0119 akcesoria niezb\u0119dne do przygotowania i konserwacji fajki wodnej. Zestaw: Kr\u00f3tka szczotka do trzonka fajki Szczotka d\u0142uga do trzonka fajki Szczotka do kolby do fajki wodnej Szczypce do w\u0119glarek Widelec do mieszanki fajki wodnej Dziurkacz do folii Folia Etui na karty do gry Masz pytania? Skontaktuj si\u0119 z nami poprzez nasz kontakt [\u2026]<\/p>","protected":false},"featured_media":35022,"comment_status":"open","ping_status":"closed","template":"","meta":[],"_links":{"self":[{"href":"https:\/\/hookahshop.lt\/pl\/wp-json\/wp\/v2\/product\/35020"}],"collection":[{"href":"https:\/\/hookahshop.lt\/pl\/wp-json\/wp\/v2\/product"}],"about":[{"href":"https:\/\/hookahshop.lt\/pl\/wp-json\/wp\/v2\/types\/product"}],"replies":[{"embeddable":true,"href":"https:\/\/hookahshop.lt\/pl\/wp-json\/wp\/v2\/comments?post=35020"}],"version-history":[{"count":4,"href":"https:\/\/hookahshop.lt\/pl\/wp-json\/wp\/v2\/product\/35020\/revisions"}],"predecessor-version":[{"id":35868,"href":"https:\/\/hookahshop.lt\/pl\/wp-json\/wp\/v2\/product\/35020\/revisions\/35868"}],"wp:featuredmedia":[{"embeddable":true,"href":"https:\/\/hookahshop.lt\/pl\/wp-json\/wp\/v2\/media\/35022"}],"wp:attachment":[{"href":"https:\/\/hookahshop.lt\/pl\/wp-json\/wp\/v2\/media?parent=35020"}],"curies":[{"name":"wp","href":"https:\/\/api.w.org\/{rel}","templated":true}]}}