{"id":35189,"date":"2023-01-14T15:37:33","date_gmt":"2023-01-14T13:37:33","guid":{"rendered":"https:\/\/hookahshop.lt\/?post_type=product&#038;p=35189"},"modified":"2026-04-15T12:29:34","modified_gmt":"2026-04-15T09:29:34","slug":"kaljanas-izzy-carbon-black-gold","status":"publish","type":"product","link":"https:\/\/hookahshop.lt\/pl\/produkt\/hookah-izzy-carbon-black-gold\/","title":{"rendered":"Fajka wodna IZZY Carbon Black Gold"},"content":{"rendered":"<h2>Fajka wodna IZZY Carbon Black Gold<\/h2>\n<p>Zdobyli swoich ulubie\u0144c\u00f3w na rynku czeskim. Ca\u0142y wa\u0142ek do fajki wodnej jest wykonany ze stali nierdzewnej V2A i ma wysokiej jako\u015bci i bardzo trwa\u0142e plastikowe wyko\u0144czenie z w\u0142\u00f3kna w\u0119glowego, kt\u00f3re mo\u017cna zdejmowa\u0107. Po\u0142\u0105czenie w\u0119\u017ca jest wykonane za pomoc\u0105 systemu o-ring\u00f3w, kt\u00f3ry jest przeznaczony do bezpiecznego mocowania. Posiada bardzo \u0142atwo demontowalny dyfuzor, kt\u00f3ry mo\u017cna wykorzysta\u0107 do zmiany ci\u0105gu fajki wodnej.<\/p>\n<p><strong>Specyfikacja:<\/strong><br \/>\nWysoko\u015b\u0107: 48 cm<br \/>\nKolor: czarny, z\u0142oty<br \/>\nMateria\u0142y: stal nierdzewna, wysokiej jako\u015bci tworzywo sztuczne<\/p>\n<p><strong>Ekwipunek:<\/strong><br \/>\nTrzon do fajki wodnej, dyfuzor, p\u0142ytka, ustnik, przek\u0142adki<\/p>\n<p>Czy masz jakie\u015b pytania? Skontaktuj si\u0119 z nami\u00a0<a href=\"https:\/\/hookahshop.lt\/pl\/lacznosc\/\">strona z kontaktami<\/a>\u00a0lub napisz do nas na adres\u00a0<a href=\"https:\/\/facebook.com\/HookahShop.lt\/\" target=\"_blank\" rel=\"noopener\">konto na Facebooku<\/a>\u00a0a my odpowiemy na Twoj\u0105 pro\u015bb\u0119 jeszcze tego samego dnia<\/p>","protected":false},"excerpt":{"rendered":"<p>Fajka wodna IZZY Carbon Black Gold zdoby\u0142a swoich ulubie\u0144c\u00f3w na rynku czeskim. Ca\u0142y trzonek fajki wodnej wykonany jest ze stali nierdzewnej V2A i posiada wysokiej jako\u015bci, bardzo trwa\u0142e, zdejmowane wyko\u0144czenie z tworzywa sztucznego z w\u0142\u00f3kna w\u0119glowego. Przy\u0142\u0105cze w\u0119\u017ca wykonane jest za pomoc\u0105 systemu o-ring\u00f3w, kt\u00f3ry zapewnia bezpieczne mocowanie. Posiada bardzo \u0142atwo wyjmowany dyfuzor, kt\u00f3ry umo\u017cliwia zmian\u0119 ci\u0105gu fajki wodnej. Specyfikacja: Wysoko\u015b\u0107: 48 [\u2026]<\/p>","protected":false},"featured_media":35190,"comment_status":"open","ping_status":"closed","template":"","meta":[],"_links":{"self":[{"href":"https:\/\/hookahshop.lt\/pl\/wp-json\/wp\/v2\/product\/35189"}],"collection":[{"href":"https:\/\/hookahshop.lt\/pl\/wp-json\/wp\/v2\/product"}],"about":[{"href":"https:\/\/hookahshop.lt\/pl\/wp-json\/wp\/v2\/types\/product"}],"replies":[{"embeddable":true,"href":"https:\/\/hookahshop.lt\/pl\/wp-json\/wp\/v2\/comments?post=35189"}],"version-history":[{"count":5,"href":"https:\/\/hookahshop.lt\/pl\/wp-json\/wp\/v2\/product\/35189\/revisions"}],"predecessor-version":[{"id":35241,"href":"https:\/\/hookahshop.lt\/pl\/wp-json\/wp\/v2\/product\/35189\/revisions\/35241"}],"wp:featuredmedia":[{"embeddable":true,"href":"https:\/\/hookahshop.lt\/pl\/wp-json\/wp\/v2\/media\/35190"}],"wp:attachment":[{"href":"https:\/\/hookahshop.lt\/pl\/wp-json\/wp\/v2\/media?parent=35189"}],"curies":[{"name":"wp","href":"https:\/\/api.w.org\/{rel}","templated":true}]}}