{"id":35195,"date":"2023-01-14T15:41:52","date_gmt":"2023-01-14T13:41:52","guid":{"rendered":"https:\/\/hookahshop.lt\/?post_type=product&#038;p=35195"},"modified":"2026-04-17T23:29:51","modified_gmt":"2026-04-17T20:29:51","slug":"taurele-kaljanui-werkbund-gelato-killer","status":"publish","type":"product","link":"https:\/\/hookahshop.lt\/pl\/produkt\/glass-hookah-werkbund-gelato-killer\/","title":{"rendered":"Kubek do fajki wodnej WERKBUND Gelato Killer"},"content":{"rendered":"<h2>Kubek do fajki wodnej WERKBUND Gelato Killer<\/h2>\n<p>Wykonany w kszta\u0142cie lod\u00f3w, wykonany z wysokiej jako\u015bci gliny z glazurowanym blatem. Ta miska pasuje do ka\u017cdej marki produkt\u00f3w do fajki wodnej i jest idealna do indywidualnych sesji. Ten kubek dobrze zatrzymuje ciep\u0142o, dzi\u0119ki czemu idealnie nadaje si\u0119 na d\u0142ugie sesje. Kubek idealnie nadaje si\u0119 do palenia w ma\u0142ym gronie do 4 os\u00f3b. Do kubka dodawana jest przek\u0142adka.<br \/>\nPojemno\u015b\u0107 mieszanki do fajki wodnej: 15-20 g.<\/p>\n<p><strong>Specyfikacje:<\/strong><br \/>\nTyp: zab\u00f3jca<br \/>\nWysoko\u015b\u0107: 8,5 cm<br \/>\n\u015arednica (zewn\u0119trzna): 7,3 cm<br \/>\n\u015arednica (wewn\u0119trzna): 6,2 cm<br \/>\nLiczba otwor\u00f3w: 5<br \/>\nWaga: ~185g.<\/p>\n<p><strong>\u00a0<\/strong>Czy masz jakie\u015b pytania? Skontaktuj si\u0119 z nami\u00a0<a href=\"https:\/\/hookahshop.lt\/pl\/lacznosc\/\">strona z kontaktami<\/a>\u00a0lub napisz do nas na adres\u00a0<a href=\"https:\/\/facebook.com\/HookahShop.lt\/\" target=\"_blank\" rel=\"noopener\">konto na Facebooku<\/a>\u00a0a my odpowiemy na Twoj\u0105 pro\u015bb\u0119 jeszcze tego samego dnia<\/p>","protected":false},"excerpt":{"rendered":"<p>Kubek na fajk\u0119 wodn\u0105 WERKBUND Gelato Killer Wykonany w kszta\u0142cie lod\u00f3w, wykonany z wysokiej jako\u015bci gliny z przeszklon\u0105 g\u00f3r\u0105. Ta miska pasuje do fajek wodnych ka\u017cdej marki i jest idealna do indywidualnych sesji. Kubek dobrze zatrzymuje ciep\u0142o, dzi\u0119ki czemu idealnie nadaje si\u0119 na d\u0142ugie sesje. Fili\u017canka idealnie sprawdzi si\u0119 do palenia w ma\u0142ym gronie do 4 os\u00f3b. Do miseczki dodana jest przek\u0142adka. [\u2026]<\/p>","protected":false},"featured_media":35196,"comment_status":"open","ping_status":"closed","template":"","meta":[],"_links":{"self":[{"href":"https:\/\/hookahshop.lt\/pl\/wp-json\/wp\/v2\/product\/35195"}],"collection":[{"href":"https:\/\/hookahshop.lt\/pl\/wp-json\/wp\/v2\/product"}],"about":[{"href":"https:\/\/hookahshop.lt\/pl\/wp-json\/wp\/v2\/types\/product"}],"replies":[{"embeddable":true,"href":"https:\/\/hookahshop.lt\/pl\/wp-json\/wp\/v2\/comments?post=35195"}],"version-history":[{"count":3,"href":"https:\/\/hookahshop.lt\/pl\/wp-json\/wp\/v2\/product\/35195\/revisions"}],"predecessor-version":[{"id":35276,"href":"https:\/\/hookahshop.lt\/pl\/wp-json\/wp\/v2\/product\/35195\/revisions\/35276"}],"wp:featuredmedia":[{"embeddable":true,"href":"https:\/\/hookahshop.lt\/pl\/wp-json\/wp\/v2\/media\/35196"}],"wp:attachment":[{"href":"https:\/\/hookahshop.lt\/pl\/wp-json\/wp\/v2\/media?parent=35195"}],"curies":[{"name":"wp","href":"https:\/\/api.w.org\/{rel}","templated":true}]}}