{"id":35204,"date":"2023-01-14T15:50:02","date_gmt":"2023-01-14T13:50:02","guid":{"rendered":"https:\/\/hookahshop.lt\/?post_type=product&#038;p=35204"},"modified":"2026-04-18T23:29:21","modified_gmt":"2026-04-18T20:29:21","slug":"zarna-silikonine-ao-black","status":"publish","type":"product","link":"https:\/\/hookahshop.lt\/pl\/produkt\/waz-silikon-ao-czarny\/","title":{"rendered":"W\u0105\u017c silikonowy AO Czarny"},"content":{"rendered":"<h2>W\u0105\u017c silikonowy AO Czarny<\/h2>\n<p>Wykonany z silikonu medycznego z pow\u0142ok\u0105 antystatyczn\u0105 \u201eSoft-Touch\u201d i nie posiada obcych zapach\u00f3w. Dzi\u0119ki tym w\u0142a\u015bciwo\u015bciom w\u0105\u017c pozostaje elastyczny.<\/p>\n<p><strong>Specyfikacje:<\/strong><sub><br \/>\n<\/sub>D\u0142ugo\u015b\u0107: ~150 cm<sub><br \/>\n<\/sub>\u015arednica zewn\u0119trzna: 18 mm<sub><br \/>\n<\/sub>\u015arednica wewn\u0119trzna: 10 mm<sub><br \/>\n<\/sub>Pow\u0142oka: mi\u0119kki mi\u0119kki w dotyku<sub><br \/>\n<\/sub>Waga: ~150g.<\/p>\n<p>Czy masz jakie\u015b pytania? Skontaktuj si\u0119 z nami\u00a0<a href=\"https:\/\/hookahshop.lt\/pl\/lacznosc\/\">strona z kontaktami<\/a>\u00a0lub napisz do nas na adres\u00a0<a href=\"https:\/\/facebook.com\/HookahShop.lt\/\" target=\"_blank\" rel=\"noopener\">konto na Facebooku<\/a>\u00a0a my odpowiemy na Twoj\u0105 pro\u015bb\u0119 jeszcze tego samego dnia<\/p>","protected":false},"excerpt":{"rendered":"<p>W\u0105\u017c silikonowy AO Czarny Wykonany z silikonu medycznego z antystatyczn\u0105 pow\u0142ok\u0105 \u201eSoft-Touch\u201d i nie posiada obcych zapach\u00f3w. Dzi\u0119ki tym w\u0142a\u015bciwo\u015bciom w\u0105\u017c pozostaje elastyczny. Dane techniczne: D\u0142ugo\u015b\u0107: ~ 150 cm \u015arednica zewn\u0119trzna: 18 mm \u015arednica wewn\u0119trzna: 10 mm Ok\u0142adka: mi\u0119kka, mi\u0119kka w dotyku Waga: ~ 150 g. Czy masz jakie\u015b pytania? Skontaktuj si\u0119 z nami na stronie kontaktowej lub napisz do nas na naszym koncie na Facebooku, a my odpowiemy [\u2026]<\/p>","protected":false},"featured_media":35205,"comment_status":"open","ping_status":"closed","template":"","meta":[],"_links":{"self":[{"href":"https:\/\/hookahshop.lt\/pl\/wp-json\/wp\/v2\/product\/35204"}],"collection":[{"href":"https:\/\/hookahshop.lt\/pl\/wp-json\/wp\/v2\/product"}],"about":[{"href":"https:\/\/hookahshop.lt\/pl\/wp-json\/wp\/v2\/types\/product"}],"replies":[{"embeddable":true,"href":"https:\/\/hookahshop.lt\/pl\/wp-json\/wp\/v2\/comments?post=35204"}],"version-history":[{"count":4,"href":"https:\/\/hookahshop.lt\/pl\/wp-json\/wp\/v2\/product\/35204\/revisions"}],"predecessor-version":[{"id":35244,"href":"https:\/\/hookahshop.lt\/pl\/wp-json\/wp\/v2\/product\/35204\/revisions\/35244"}],"wp:featuredmedia":[{"embeddable":true,"href":"https:\/\/hookahshop.lt\/pl\/wp-json\/wp\/v2\/media\/35205"}],"wp:attachment":[{"href":"https:\/\/hookahshop.lt\/pl\/wp-json\/wp\/v2\/media?parent=35204"}],"curies":[{"name":"wp","href":"https:\/\/api.w.org\/{rel}","templated":true}]}}