{"id":35404,"date":"2023-02-08T16:23:21","date_gmt":"2023-02-08T14:23:21","guid":{"rendered":"https:\/\/hookahshop.lt\/?post_type=product&#038;p=35404"},"modified":"2026-04-17T23:29:52","modified_gmt":"2026-04-17T20:29:52","slug":"gaubtas-taureles-kaitinimui-star-silver","status":"publish","type":"product","link":"https:\/\/hookahshop.lt\/pl\/produkt\/kubki-do-ogrzewania-gwiazdy-srebrne\/","title":{"rendered":"Kapturek do podgrzewania fili\u017canek Star Silver"},"content":{"rendered":"<h2><strong>Kapturek do podgrzewania fili\u017canek Star Silver<\/strong><\/h2>\n<p>Klasyczna os\u0142ona przeciwwiatrowa do palenia na zewn\u0105trz, aby chroni\u0107 w\u0119gle kokosowe przed wiatrem lub do palenia w pomieszczeniach, aby dobrze podgrza\u0107 fili\u017cank\u0119.<\/p>\n<p><strong>Specyfikacja:<\/strong><br \/>\nWzrost: ~27,94 cm<br \/>\n\u015arednica: ~ 8,89 cm<br \/>\nMateria\u0142: metal;<\/p>\n<p>Czy masz jakie\u015b pytania? Skontaktuj si\u0119 z nami\u00a0<a href=\"https:\/\/hookahshop.lt\/pl\/lacznosc\/\">strona z kontaktami<\/a>\u00a0lub napisz do nas na adres\u00a0<a href=\"https:\/\/facebook.com\/HookahShop.lt\/\" target=\"_blank\" rel=\"noopener\">konto na Facebooku<\/a>\u00a0a my odpowiemy na Twoj\u0105 pro\u015bb\u0119 tego samego dnia.<\/p>","protected":false},"excerpt":{"rendered":"<p>Kaptur z podgrzewaczem do fili\u017canek Star Silver Klasyczny kapturek chroni\u0105cy przed wiatrem do palenia na zewn\u0105trz, aby chroni\u0107 w\u0119giel kokosowy przed wiatrem, lub do palenia w pomieszczeniu, aby dobrze ogrza\u0107 fili\u017cank\u0119. Specyfikacja: Wysoko\u015b\u0107: ~ 27,94 cm \u015arednica: ~ 8,89 cm Materia\u0142: Metal Masz pytania? Skontaktuj si\u0119 z nami na stronie kontaktowej lub napisz do nas na naszym koncie na Facebooku, a my odpowiemy na Twoj\u0105 pro\u015bb\u0119 jeszcze tego samego dnia.<\/p>","protected":false},"featured_media":35405,"comment_status":"open","ping_status":"closed","template":"","meta":[],"_links":{"self":[{"href":"https:\/\/hookahshop.lt\/pl\/wp-json\/wp\/v2\/product\/35404"}],"collection":[{"href":"https:\/\/hookahshop.lt\/pl\/wp-json\/wp\/v2\/product"}],"about":[{"href":"https:\/\/hookahshop.lt\/pl\/wp-json\/wp\/v2\/types\/product"}],"replies":[{"embeddable":true,"href":"https:\/\/hookahshop.lt\/pl\/wp-json\/wp\/v2\/comments?post=35404"}],"version-history":[{"count":3,"href":"https:\/\/hookahshop.lt\/pl\/wp-json\/wp\/v2\/product\/35404\/revisions"}],"predecessor-version":[{"id":35647,"href":"https:\/\/hookahshop.lt\/pl\/wp-json\/wp\/v2\/product\/35404\/revisions\/35647"}],"wp:featuredmedia":[{"embeddable":true,"href":"https:\/\/hookahshop.lt\/pl\/wp-json\/wp\/v2\/media\/35405"}],"wp:attachment":[{"href":"https:\/\/hookahshop.lt\/pl\/wp-json\/wp\/v2\/media?parent=35404"}],"curies":[{"name":"wp","href":"https:\/\/api.w.org\/{rel}","templated":true}]}}