{"id":35471,"date":"2023-02-18T13:45:07","date_gmt":"2023-02-18T11:45:07","guid":{"rendered":"https:\/\/hookahshop.lt\/?post_type=product&#038;p=35471"},"modified":"2026-04-24T23:29:59","modified_gmt":"2026-04-24T20:29:59","slug":"taurele-kaljanui-oblako-killer-green-light","status":"publish","type":"product","link":"https:\/\/hookahshop.lt\/pl\/produkt\/kubek-szisza-oblako-killer-glazed-green-2\/","title":{"rendered":"Miska na fajk\u0119 wodn\u0105 OBLAKO Killer Green Light"},"content":{"rendered":"<h2>Miska na fajk\u0119 wodn\u0105 OBLAKO Killer Green Light<\/h2>\n<p>To klasyczna szklana fili\u017canka, odpowiednia do wszystkich rodzaj\u00f3w tytoniu, dla minimalnej kontroli ciep\u0142a!<br \/>\nKubeczek pokryty jest szkliwem, dzi\u0119ki czemu przez d\u0142ugi czas mo\u017ce zachowa\u0107 swoje pierwotne w\u0142a\u015bciwo\u015bci i wygl\u0105d. OBLAKO u\u017cywa tylko przyjaznej dla cz\u0142owieka glazury spo\u017cywczej opracowanej przez partner\u00f3w w wyspecjalizowanych laboratoriach zlokalizowanych w Gzhelskoye, jednym z tradycyjnych o\u015brodk\u00f3w produkcji ceramiki w Rosji.<\/p>\n<p>Kubek tytoniu mie\u015bci 25-30 g.<\/p>\n<p>Specyfikacje:<br \/>\nWysoko\u015b\u0107: 120 mm<br \/>\n\u015arednica (zewn\u0119trzna): 72 mm<br \/>\n\u015arednica (wewn\u0119trzna): 62 mm<br \/>\nG\u0142\u0119boko\u015b\u0107: 15 mm<br \/>\n\u015arednica otworu: 8 mm<br \/>\nLiczba otwor\u00f3w: 5<br \/>\nWaga: oko\u0142o 197 g.<\/p>\n<p>Czy masz jakie\u015b pytania? Skontaktuj si\u0119 z nami\u00a0<a href=\"https:\/\/hookahshop.lt\/pl\/lacznosc\/\">strona z kontaktami<\/a>\u00a0lub napisz do nas na adres\u00a0<a href=\"https:\/\/facebook.com\/HookahShop.lt\/\" target=\"_blank\" rel=\"noopener noreferrer\">konto na Facebooku<\/a>\u00a0a my odpowiemy na Twoj\u0105 pro\u015bb\u0119 tego samego dnia.<\/p>","protected":false},"excerpt":{"rendered":"<p>Cybuch do fajki wodnej OBLAKO Killer Green Light To klasyczna szkliwiona cybuch, odpowiednia do wszystkich rodzaj\u00f3w tytoniu, z minimaln\u0105 kontrol\u0105 ciep\u0142a! Cybuch pokryty jest szkliwem, dzi\u0119ki czemu mo\u017ce zachowa\u0107 swoje oryginalne w\u0142a\u015bciwo\u015bci i wygl\u0105d przez d\u0142ugi czas. OBLAKO u\u017cywa wy\u0142\u0105cznie szkliwa spo\u017cywczego, kt\u00f3re jest nieszkodliwe dla ludzi, opracowanego przez partner\u00f3w w specjalistycznych laboratoriach zlokalizowanych w G\u017celskoje, jednym z tradycyjnych o\u015brodk\u00f3w rosyjskiej produkcji ceramiki. Cybuch do tytoniu mie\u015bci [\u2026]<\/p>","protected":false},"featured_media":35472,"comment_status":"open","ping_status":"closed","template":"","meta":[],"_links":{"self":[{"href":"https:\/\/hookahshop.lt\/pl\/wp-json\/wp\/v2\/product\/35471"}],"collection":[{"href":"https:\/\/hookahshop.lt\/pl\/wp-json\/wp\/v2\/product"}],"about":[{"href":"https:\/\/hookahshop.lt\/pl\/wp-json\/wp\/v2\/types\/product"}],"replies":[{"embeddable":true,"href":"https:\/\/hookahshop.lt\/pl\/wp-json\/wp\/v2\/comments?post=35471"}],"version-history":[{"count":4,"href":"https:\/\/hookahshop.lt\/pl\/wp-json\/wp\/v2\/product\/35471\/revisions"}],"predecessor-version":[{"id":37924,"href":"https:\/\/hookahshop.lt\/pl\/wp-json\/wp\/v2\/product\/35471\/revisions\/37924"}],"wp:featuredmedia":[{"embeddable":true,"href":"https:\/\/hookahshop.lt\/pl\/wp-json\/wp\/v2\/media\/35472"}],"wp:attachment":[{"href":"https:\/\/hookahshop.lt\/pl\/wp-json\/wp\/v2\/media?parent=35471"}],"curies":[{"name":"wp","href":"https:\/\/api.w.org\/{rel}","templated":true}]}}