{"id":35556,"date":"2023-02-28T17:32:12","date_gmt":"2023-02-28T15:32:12","guid":{"rendered":"https:\/\/hookahshop.lt\/?post_type=product&#038;p=35556"},"modified":"2026-04-17T16:33:39","modified_gmt":"2026-04-17T13:33:39","slug":"kaljano-plastikinis-praputimo-voztuvas","status":"publish","type":"product","link":"https:\/\/hookahshop.lt\/pl\/produkt\/fajka-szisza-plastikowa-zawor-spustowy-8mm-5szt\/","title":{"rendered":"Plastikowy zaw\u00f3r upustowy do fajki wodnej 8mm 5szt"},"content":{"rendered":"<h2>Plastikowy zaw\u00f3r upustowy do fajki wodnej 8 mm 5 szt<\/h2>\n<p>Jest to kulka, za pomoc\u0105 kt\u00f3rej podczas u\u017cywania fajki wodnej mo\u017cemy kontrolowa\u0107 ilo\u015b\u0107 dymu w butelce z fajk\u0105 wodn\u0105. Po poci\u0105gni\u0119ciu kulka zamyka otw\u00f3r wydmuchowy, wydmuchuj\u0105c dym z kolby - otwiera j\u0105.<\/p>\n<p><strong>Specyfikacje:<\/strong><br \/>\n\u015arednica: 8 mm<br \/>\nWaga: 0,1 g<br \/>\nIlo\u015b\u0107: 5 szt.<\/p>\n<p><strong>Opakowanie produktu mo\u017ce r\u00f3\u017cni\u0107 si\u0119 od opakowania widocznego na zdj\u0119ciu.<\/strong><\/p>\n<p>Czy masz jakie\u015b pytania? Skontaktuj si\u0119 z nami\u00a0<a href=\"https:\/\/hookahshop.lt\/pl\/lacznosc\/\">strona z kontaktami<\/a>\u00a0lub napisz do nas na adres\u00a0<a href=\"https:\/\/facebook.com\/HookahShop.lt\/\" target=\"_blank\" rel=\"noopener noreferrer\">konto na Facebooku<\/a>\u00a0a my odpowiemy na Twoj\u0105 pro\u015bb\u0119 tego samego dnia.<\/p>","protected":false},"excerpt":{"rendered":"<p>Plastikowy zaw\u00f3r upustowy do fajki wodnej 8 mm 5 szt. Jest to kulka, za pomoc\u0105 kt\u00f3rej mo\u017cemy kontrolowa\u0107 ilo\u015b\u0107 dymu w kolbie fajki wodnej podczas u\u017cywania fajki wodnej. Po poci\u0105gni\u0119ciu kula zamyka otw\u00f3r wydmuchowy, wydmuchuj\u0105c dym z kolby - otwiera j\u0105. Dane techniczne: \u015arednica: 8 mm Waga: 0,1 g Ilo\u015b\u0107: 5 szt. Opakowanie produktu mo\u017ce r\u00f3\u017cni\u0107 si\u0119 od opakowania widocznego na zdj\u0119ciu. Czy masz jakie\u015b pytania? Skontaktuj si\u0119 z nami na stronie kontaktowej lub napisz [...]<\/p>","protected":false},"featured_media":35572,"comment_status":"open","ping_status":"closed","template":"","meta":[],"_links":{"self":[{"href":"https:\/\/hookahshop.lt\/pl\/wp-json\/wp\/v2\/product\/35556"}],"collection":[{"href":"https:\/\/hookahshop.lt\/pl\/wp-json\/wp\/v2\/product"}],"about":[{"href":"https:\/\/hookahshop.lt\/pl\/wp-json\/wp\/v2\/types\/product"}],"replies":[{"embeddable":true,"href":"https:\/\/hookahshop.lt\/pl\/wp-json\/wp\/v2\/comments?post=35556"}],"version-history":[{"count":6,"href":"https:\/\/hookahshop.lt\/pl\/wp-json\/wp\/v2\/product\/35556\/revisions"}],"predecessor-version":[{"id":35919,"href":"https:\/\/hookahshop.lt\/pl\/wp-json\/wp\/v2\/product\/35556\/revisions\/35919"}],"wp:featuredmedia":[{"embeddable":true,"href":"https:\/\/hookahshop.lt\/pl\/wp-json\/wp\/v2\/media\/35572"}],"wp:attachment":[{"href":"https:\/\/hookahshop.lt\/pl\/wp-json\/wp\/v2\/media?parent=35556"}],"curies":[{"name":"wp","href":"https:\/\/api.w.org\/{rel}","templated":true}]}}