{"id":35563,"date":"2023-02-28T17:37:52","date_gmt":"2023-02-28T15:37:52","guid":{"rendered":"https:\/\/hookahshop.lt\/?post_type=product&#038;p=35563"},"modified":"2026-04-17T16:33:39","modified_gmt":"2026-04-17T13:33:39","slug":"savaime-uzsidegancios-kaljano-anglys","status":"publish","type":"product","link":"https:\/\/hookahshop.lt\/pl\/produkt\/samozaplon-szisza-wegiel\/","title":{"rendered":"Samozapalny w\u0119gielek do fajki wodnej INSTANT LITE 33mm 10szt"},"content":{"rendered":"<h2>Samozapalny w\u0119gielek do fajki wodnej INSTANT LITE 33mm 10szt<\/h2>\n<p>Okr\u0105g\u0142e w\u0119gle. Podczas zapalania nie trzymaj tabletu w d\u0142oni. Zapal kraw\u0119d\u017a tabletu zapa\u0142k\u0105 lub zapalniczk\u0105, w\u00f3wczas ca\u0142a powierzchnia tabletu zapali si\u0119.<\/p>\n<p><strong>Specyfikacja:<\/strong><br \/>\n\u015arednica: 33 mm<br \/>\nPali si\u0119 do 1 godziny<br \/>\nNadaje si\u0119 do wszystkich kubk\u00f3w<\/p>\n<p>Cena dotyczy 1 rolki (10 tabletek, tabletki)<\/p>\n<p>Czy masz jakie\u015b pytania? Skontaktuj si\u0119 z nami\u00a0<a href=\"https:\/\/hookahshop.lt\/pl\/lacznosc\/\">strona z kontaktami<\/a>\u00a0lub napisz do nas na adres\u00a0<a href=\"https:\/\/facebook.com\/HookahShop.lt\/\" target=\"_blank\" rel=\"noopener\">konto na Facebooku<\/a>\u00a0a my odpowiemy na Twoj\u0105 pro\u015bb\u0119 tego samego dnia.<\/p>","protected":false},"excerpt":{"rendered":"<p>Samozapalny w\u0119giel do fajki wodnej INSTANT LITE 33mm 10szt W\u0119gle okr\u0105g\u0142e. Nie trzymaj tabletu w d\u0142oni podczas jego zapalania. Zapal kraw\u0119d\u017a tabletu zapa\u0142k\u0105 lub zapalniczk\u0105, w\u00f3wczas ca\u0142a powierzchnia tabletu zapali si\u0119. Specyfikacja: \u015arednica: 33mm Pali si\u0119 do 1 godziny Pasuje do wszystkich kubk\u00f3w Cena dotyczy 1 rolki (10 szt., tabletki) Masz pytania? Skontaktuj si\u0119 z nami na stronie kontaktowej lub napisz do nas na naszym koncie na Facebooku, a my odpowiemy [\u2026]<\/p>","protected":false},"featured_media":35558,"comment_status":"open","ping_status":"closed","template":"","meta":[],"_links":{"self":[{"href":"https:\/\/hookahshop.lt\/pl\/wp-json\/wp\/v2\/product\/35563"}],"collection":[{"href":"https:\/\/hookahshop.lt\/pl\/wp-json\/wp\/v2\/product"}],"about":[{"href":"https:\/\/hookahshop.lt\/pl\/wp-json\/wp\/v2\/types\/product"}],"replies":[{"embeddable":true,"href":"https:\/\/hookahshop.lt\/pl\/wp-json\/wp\/v2\/comments?post=35563"}],"version-history":[{"count":5,"href":"https:\/\/hookahshop.lt\/pl\/wp-json\/wp\/v2\/product\/35563\/revisions"}],"predecessor-version":[{"id":43300,"href":"https:\/\/hookahshop.lt\/pl\/wp-json\/wp\/v2\/product\/35563\/revisions\/43300"}],"wp:featuredmedia":[{"embeddable":true,"href":"https:\/\/hookahshop.lt\/pl\/wp-json\/wp\/v2\/media\/35558"}],"wp:attachment":[{"href":"https:\/\/hookahshop.lt\/pl\/wp-json\/wp\/v2\/media?parent=35563"}],"curies":[{"name":"wp","href":"https:\/\/api.w.org\/{rel}","templated":true}]}}