{"id":35768,"date":"2023-03-27T16:37:20","date_gmt":"2023-03-27T13:37:20","guid":{"rendered":"https:\/\/hookahshop.lt\/?post_type=product&#038;p=35768"},"modified":"2026-04-17T16:33:39","modified_gmt":"2026-04-17T13:33:39","slug":"kaljanas-voodoo-smoke-down-red-black","status":"publish","type":"product","link":"https:\/\/hookahshop.lt\/pl\/produkt\/szisza-voodoo-dym-dol-czerwono-czarny\/","title":{"rendered":"Fajka wodna VOODOO Smoke Down Red Black"},"content":{"rendered":"<h2>Fajka wodna VOODOO Smoke Down Red Black<\/h2>\n<p>Na uwag\u0119 zas\u0142uguje system nadmuchu spod spodka. Wykonany z wysokiej jako\u015bci niemieckiego poliacetalu. Voodoo Smoke to wysokiej jako\u015bci obr\u00f3bka cz\u0119\u015bci ze stali nierdzewnej.<\/p>\n<p><strong>Charakterystyka:<\/strong><br \/>\nWaga fajki wodnej: ~1560 g<br \/>\nWysoko\u015b\u0107 fajki wodnej: 44 cm<br \/>\nWewn\u0119trzna cz\u0119\u015b\u0107 trzonka: stal nierdzewna, \u015brednica: 13 mm<br \/>\nPlastik: niemiecki poliacetal<br \/>\nZanurzona cz\u0119\u015b\u0107 trzonka: stal nierdzewna, \u015brednica: 13 mm<br \/>\nG\u0142\u00f3wny materia\u0142: niemiecki poliacetal<br \/>\nZ\u0142\u0105cze w\u0119\u017ca: O-ring<br \/>\nMateria\u0142 po\u0142\u0105czenia: stal nierdzewna<br \/>\nPod\u0142\u0105czenie zaworu: absolutnie unikalny system do przedmuchiwania haka spod p\u0142yty, wewn\u0119trzny<br \/>\nDyfuzor: regulowany i zdejmowany na pier\u015bcieniu (uszczelka)<br \/>\nUstnik: stal nierdzewna<br \/>\nD\u0142ugo\u015b\u0107 t\u0142umika: 300 mm, \u015brednica: 10 mm<br \/>\nW\u0105\u017c: silikonowy, czarny<br \/>\nD\u0142ugo\u015b\u0107 w\u0119\u017ca: 150 cm<\/p>\n<p><strong>Ekwipunek:<\/strong><br \/>\nTrzonek, p\u0142ytka, ustnik, mi\u0119kki w dotyku w\u0105\u017c, z\u0142\u0105czka do w\u0119\u017ca, uszczelki.<\/p>\n<p>Czy masz jakie\u015b pytania? Skontaktuj si\u0119 z nami\u00a0<a href=\"https:\/\/hookahshop.lt\/pl\/lacznosc\/\">strona z kontaktami<\/a>\u00a0lub napisz do nas na adres\u00a0<a href=\"https:\/\/facebook.com\/HookahShop.lt\/\" target=\"_blank\" rel=\"noopener noreferrer\">konto na Facebooku<\/a>\u00a0a my odpowiemy na Twoj\u0105 pro\u015bb\u0119 tego samego dnia.<\/p>","protected":false},"excerpt":{"rendered":"<p>Fajka wodna VOODOO Smoke Down Red Black System nadmuchu wyr\u00f3\u017cnia si\u0119 spod talerza. Wykonane z wysokiej jako\u015bci niemieckiego poliacetalu. Voodoo Smoke to wysokiej jako\u015bci obr\u00f3bka cz\u0119\u015bci ze stali nierdzewnej. Charakterystyka: Waga fajki wodnej: ~ 1560 g Wysoko\u015b\u0107 fajki wodnej: 44 cm Wewn\u0119trzna cz\u0119\u015b\u0107 trzonka: stal nierdzewna, \u015brednica: 13 mm Tworzywo sztuczne: niemiecki poliacetal Zanurzona cz\u0119\u015b\u0107 trzonka: stal nierdzewna, \u015brednica: 13 mm<\/p>","protected":false},"featured_media":35772,"comment_status":"open","ping_status":"closed","template":"","meta":[],"_links":{"self":[{"href":"https:\/\/hookahshop.lt\/pl\/wp-json\/wp\/v2\/product\/35768"}],"collection":[{"href":"https:\/\/hookahshop.lt\/pl\/wp-json\/wp\/v2\/product"}],"about":[{"href":"https:\/\/hookahshop.lt\/pl\/wp-json\/wp\/v2\/types\/product"}],"replies":[{"embeddable":true,"href":"https:\/\/hookahshop.lt\/pl\/wp-json\/wp\/v2\/comments?post=35768"}],"version-history":[{"count":2,"href":"https:\/\/hookahshop.lt\/pl\/wp-json\/wp\/v2\/product\/35768\/revisions"}],"predecessor-version":[{"id":35771,"href":"https:\/\/hookahshop.lt\/pl\/wp-json\/wp\/v2\/product\/35768\/revisions\/35771"}],"wp:featuredmedia":[{"embeddable":true,"href":"https:\/\/hookahshop.lt\/pl\/wp-json\/wp\/v2\/media\/35772"}],"wp:attachment":[{"href":"https:\/\/hookahshop.lt\/pl\/wp-json\/wp\/v2\/media?parent=35768"}],"curies":[{"name":"wp","href":"https:\/\/api.w.org\/{rel}","templated":true}]}}