{"id":35897,"date":"2023-04-27T18:16:49","date_gmt":"2023-04-27T15:16:49","guid":{"rendered":"https:\/\/hookahshop.lt\/?post_type=product&#038;p=35897"},"modified":"2026-04-14T23:29:36","modified_gmt":"2026-04-14T20:29:36","slug":"taurele-kaljanui-alpha-race-classic-white-matte","status":"publish","type":"product","link":"https:\/\/hookahshop.lt\/pl\/produkt\/cup-hookah-alpha-race-classic-white-matte\/","title":{"rendered":"Kubek do fajki wodnej ALPHA Race Classic White Matte"},"content":{"rendered":"<h2>Kubek do fajki wodnej ALPHA Race Classic White Matte<\/h2>\n<p>ALPHA HOOKAH, znany producent fajek wodnych i akcesori\u00f3w do fajek wodnych, nowe r\u0119cznie robione kubki z silikonow\u0105 wk\u0142adk\u0105 firmow\u0105.<br \/>\nPojemno\u015b\u0107 tytoniu: 15-20g. (w zale\u017cno\u015bci od zastosowanego sposobu pakowania i rodzaju tytoniu).<\/p>\n<p><strong>Specyfikacja:<\/strong><br \/>\nWysoko\u015b\u0107: 10 cm<br \/>\n\u015arednica: ~75mm<br \/>\nIlo\u015b\u0107 otwor\u00f3w: 5 szt<\/p>\n<p><strong>Charakterystyka:<\/strong><br \/>\nTyp: klasyczny<br \/>\nMateria\u0142: ceramika niemiecka, szkliwo, silikon<\/p>\n<p>Czy masz jakie\u015b pytania? Skontaktuj si\u0119 z nami\u00a0<a href=\"https:\/\/hookahshop.lt\/pl\/lacznosc\/\">strona z kontaktami<\/a>\u00a0lub napisz do nas na adres\u00a0<a href=\"https:\/\/facebook.com\/HookahShop.lt\/\" target=\"_blank\" rel=\"noopener\">konto na Facebooku<\/a>\u00a0a my odpowiemy na Twoj\u0105 pro\u015bb\u0119 tego samego dnia.<\/p>","protected":false},"excerpt":{"rendered":"<p>Kubek do fajki wodnej ALPHA Race Classic Bia\u0142y Matowy Nowe, r\u0119cznie robione kubki z markow\u0105 wk\u0142adk\u0105 silikonow\u0105 od znanego producenta fajek wodnych i akcesori\u00f3w do fajek wodnych ALPHA HOOKAH. Pojemno\u015b\u0107 tytoniu: 15-20g. (w zale\u017cno\u015bci od zastosowanego sposobu pakowania i rodzaju tytoniu). Specyfikacja: Wysoko\u015b\u0107: 10cm \u015arednica: ~75mm Ilo\u015b\u0107 otwor\u00f3w: 5szt Charakterystyka: Rodzaj: klasyczny Materia\u0142: ceramika niemiecka, glazura, silikon Masz pytania? Skontaktuj si\u0119 z nami poprzez nasz kontakt [\u2026]<\/p>","protected":false},"featured_media":35901,"comment_status":"open","ping_status":"closed","template":"","meta":[],"_links":{"self":[{"href":"https:\/\/hookahshop.lt\/pl\/wp-json\/wp\/v2\/product\/35897"}],"collection":[{"href":"https:\/\/hookahshop.lt\/pl\/wp-json\/wp\/v2\/product"}],"about":[{"href":"https:\/\/hookahshop.lt\/pl\/wp-json\/wp\/v2\/types\/product"}],"replies":[{"embeddable":true,"href":"https:\/\/hookahshop.lt\/pl\/wp-json\/wp\/v2\/comments?post=35897"}],"version-history":[{"count":3,"href":"https:\/\/hookahshop.lt\/pl\/wp-json\/wp\/v2\/product\/35897\/revisions"}],"predecessor-version":[{"id":35939,"href":"https:\/\/hookahshop.lt\/pl\/wp-json\/wp\/v2\/product\/35897\/revisions\/35939"}],"wp:featuredmedia":[{"embeddable":true,"href":"https:\/\/hookahshop.lt\/pl\/wp-json\/wp\/v2\/media\/35901"}],"wp:attachment":[{"href":"https:\/\/hookahshop.lt\/pl\/wp-json\/wp\/v2\/media?parent=35897"}],"curies":[{"name":"wp","href":"https:\/\/api.w.org\/{rel}","templated":true}]}}