{"id":35923,"date":"2023-04-27T19:50:27","date_gmt":"2023-04-27T16:50:27","guid":{"rendered":"https:\/\/hookahshop.lt\/?post_type=product&#038;p=35923"},"modified":"2026-04-16T23:30:02","modified_gmt":"2026-04-16T20:30:02","slug":"taurele-kaljanui-alpha-turk-black-matte","status":"publish","type":"product","link":"https:\/\/hookahshop.lt\/pl\/produkt\/cup-hookah-alpha-turk-czarny-matowy\/","title":{"rendered":"Kubek do fajki wodnej ALPHA Turk Black Matte"},"content":{"rendered":"<h2>Kubek do fajki wodnej ALPHA Turk Black Matte<\/h2>\n<p>ALPHA HOKAH, znany producent fajek wodnych i akcesori\u00f3w do fajek wodnych, ma nowe r\u0119cznie robione kubki o uniwersalnych artystycznych fakturach. Kubek pokryty jest polew\u0105, kt\u00f3ra nie wch\u0142ania syropu, co pozwala cieszy\u0107 si\u0119 wyra\u017aniejszym smakiem tytoniu.<br \/>\nPojemno\u015b\u0107 tytoniu: 18-25g (w zale\u017cno\u015bci od zastosowanego sposobu pakowania i rodzaju tytoniu).<\/p>\n<p><strong>Specyfikacja:<\/strong><br \/>\nWysoko\u015b\u0107: ~8cm<br \/>\n\u015arednica: ~75mm<br \/>\nIlo\u015b\u0107 otwor\u00f3w: 5 szt<\/p>\n<p><strong>Charakterystyka:<\/strong><br \/>\nTyp: turecki<br \/>\nMateria\u0142: ceramika niemiecka, szkliwo<\/p>\n<p>Czy masz jakie\u015b pytania? Skontaktuj si\u0119 z nami\u00a0<a href=\"https:\/\/hookahshop.lt\/pl\/lacznosc\/\">strona z kontaktami<\/a>\u00a0lub napisz do nas na adres\u00a0<a href=\"https:\/\/facebook.com\/HookahShop.lt\/\" target=\"_blank\" rel=\"noopener\">konto na Facebooku<\/a>\u00a0a my odpowiemy na Twoj\u0105 pro\u015bb\u0119 tego samego dnia.<\/p>","protected":false},"excerpt":{"rendered":"<p>Kubek do fajki wodnej ALPHA Turk Czarny Matowy Nowe, r\u0119cznie robione kubki o uniwersalnej fakturze artystycznej od znanego producenta fajek wodnych i akcesori\u00f3w do fajek wodnych ALPHA HOKAH. Kubek pokryty jest niech\u0142on\u0105c\u0105 syropem glazur\u0105, co pozwala cieszy\u0107 si\u0119 wyrazistym smakiem tytoniu. Pojemno\u015b\u0107 tytoniu: 18-25g (w zale\u017cno\u015bci od zastosowanego sposobu pakowania i rodzaju tytoniu). Specyfikacja: Wysoko\u015b\u0107: ~8cm \u015arednica: ~75mm Ilo\u015b\u0107 otwor\u00f3w: 5szt Charakterystyka: Typ: turecki [...]<\/p>","protected":false},"featured_media":35927,"comment_status":"open","ping_status":"closed","template":"","meta":[],"_links":{"self":[{"href":"https:\/\/hookahshop.lt\/pl\/wp-json\/wp\/v2\/product\/35923"}],"collection":[{"href":"https:\/\/hookahshop.lt\/pl\/wp-json\/wp\/v2\/product"}],"about":[{"href":"https:\/\/hookahshop.lt\/pl\/wp-json\/wp\/v2\/types\/product"}],"replies":[{"embeddable":true,"href":"https:\/\/hookahshop.lt\/pl\/wp-json\/wp\/v2\/comments?post=35923"}],"version-history":[{"count":4,"href":"https:\/\/hookahshop.lt\/pl\/wp-json\/wp\/v2\/product\/35923\/revisions"}],"predecessor-version":[{"id":44230,"href":"https:\/\/hookahshop.lt\/pl\/wp-json\/wp\/v2\/product\/35923\/revisions\/44230"}],"wp:featuredmedia":[{"embeddable":true,"href":"https:\/\/hookahshop.lt\/pl\/wp-json\/wp\/v2\/media\/35927"}],"wp:attachment":[{"href":"https:\/\/hookahshop.lt\/pl\/wp-json\/wp\/v2\/media?parent=35923"}],"curies":[{"name":"wp","href":"https:\/\/api.w.org\/{rel}","templated":true}]}}