{"id":35983,"date":"2023-05-05T20:09:52","date_gmt":"2023-05-05T17:09:52","guid":{"rendered":"https:\/\/hookahshop.lt\/?post_type=product&#038;p=35983"},"modified":"2026-04-16T10:21:34","modified_gmt":"2026-04-16T07:21:34","slug":"akriline-vandens-pypke-mini-ivairiu-spalvu-26cm","status":"publish","type":"product","link":"https:\/\/hookahshop.lt\/pl\/produkt\/fajka-wodna-akrylowa-mini-rozne-kolory-26cm\/","title":{"rendered":"Akrylowa fajka wodna Mini r\u00f3\u017cne kolory 26cm"},"content":{"rendered":"<h2>Akrylowa fajka wodna Mini r\u00f3\u017cne kolory 26cm<\/h2>\n<p>Ma\u0142e, por\u0119czne akrylowe bongo z metalow\u0105 rurk\u0105. Wygodny w podr\u00f3\u017cy lub w domu. To bongo ma ma\u0142y otw\u00f3r z gumow\u0105 uszczelk\u0105 oraz elastyczn\u0105 i wyjmowan\u0105 podstaw\u0119 zapewniaj\u0105c\u0105 stabilno\u015b\u0107 i przyczepno\u015b\u0107.<\/p>\n<p><strong>Specyfikacje:<\/strong><br \/>\nWysoko\u015b\u0107: 26 cm<br \/>\nMateria\u0142: akryl;<br \/>\nKolor: R\u00f3\u017cne kolory (kolor mo\u017cna okre\u015bli\u0107 w uwagach: <strong>czarny, niebieski, zielony, r\u00f3\u017cowy, przezroczysty<\/strong>)<\/p>\n<p>Czy masz jakie\u015b pytania? Skontaktuj si\u0119 z nami\u00a0<a href=\"https:\/\/hookahshop.lt\/pl\/lacznosc\/\">strona z kontaktami<\/a>\u00a0lub napisz do nas na adres\u00a0<a href=\"https:\/\/facebook.com\/HookahShop.lt\/\" target=\"_blank\" rel=\"noopener\">konto na Facebooku<\/a>\u00a0a my odpowiemy na Twoj\u0105 pro\u015bb\u0119 tego samego dnia.<\/p>","protected":false},"excerpt":{"rendered":"<p>Fajka wodna akrylowa Mini w r\u00f3\u017cnych kolorach 26 cm Ma\u0142e, wygodne bongo akrylowe z metalow\u0105 rurk\u0105. Wygodne w podr\u00f3\u017cy lub w domu. To bongo ma ma\u0142y \u201eKick-Hole\u201d z gumow\u0105 uszczelk\u0105 i elastyczn\u0105, zdejmowan\u0105 podstaw\u0119, kt\u00f3ra zapewnia stabilno\u015b\u0107 i przyczepno\u015b\u0107. Specyfikacje: Wysoko\u015b\u0107: 26 cm Materia\u0142: akryl Kolor: R\u00f3\u017cne kolory (mo\u017cesz zaznaczy\u0107 kolor w notatkach: czarny, niebieski, zielony, r\u00f3\u017cowy, przezroczysty) Masz jakie\u015b pytania? Skontaktuj si\u0119 [\u2026]<\/p>","protected":false},"featured_media":36033,"comment_status":"open","ping_status":"closed","template":"","meta":[],"_links":{"self":[{"href":"https:\/\/hookahshop.lt\/pl\/wp-json\/wp\/v2\/product\/35983"}],"collection":[{"href":"https:\/\/hookahshop.lt\/pl\/wp-json\/wp\/v2\/product"}],"about":[{"href":"https:\/\/hookahshop.lt\/pl\/wp-json\/wp\/v2\/types\/product"}],"replies":[{"embeddable":true,"href":"https:\/\/hookahshop.lt\/pl\/wp-json\/wp\/v2\/comments?post=35983"}],"version-history":[{"count":5,"href":"https:\/\/hookahshop.lt\/pl\/wp-json\/wp\/v2\/product\/35983\/revisions"}],"predecessor-version":[{"id":45167,"href":"https:\/\/hookahshop.lt\/pl\/wp-json\/wp\/v2\/product\/35983\/revisions\/45167"}],"wp:featuredmedia":[{"embeddable":true,"href":"https:\/\/hookahshop.lt\/pl\/wp-json\/wp\/v2\/media\/36033"}],"wp:attachment":[{"href":"https:\/\/hookahshop.lt\/pl\/wp-json\/wp\/v2\/media?parent=35983"}],"curies":[{"name":"wp","href":"https:\/\/api.w.org\/{rel}","templated":true}]}}