{"id":36031,"date":"2023-05-07T00:07:06","date_gmt":"2023-05-06T21:07:06","guid":{"rendered":"https:\/\/hookahshop.lt\/?post_type=product&#038;p=36031"},"modified":"2026-04-16T23:30:03","modified_gmt":"2026-04-16T20:30:03","slug":"stikline-vandens-pypke-black-leaf-leaf-30cm","status":"publish","type":"product","link":"https:\/\/hookahshop.lt\/pl\/produkt\/szklana-fajka-do-wody-czarna-lisc-lisc-30cm\/","title":{"rendered":"Szklana fajka wodna BLACK LEAF Li\u015b\u0107 30cm"},"content":{"rendered":"<h2>Szklana fajka wodna BLACK LEAF Li\u015b\u0107 30cm<\/h2>\n<p>Wykonane ze szk\u0142a borokrzemianowego z motywem li\u015bcia, okr\u0105g\u0142\u0105 stop\u0105 i prostym cylindrem. Fajka wodna ma du\u017c\u0105 pojemno\u015b\u0107 i jest wyposa\u017cona w otw\u00f3r do kopania.<\/p>\n<p><strong>Specyfikacje:<\/strong><br \/>\nWysoko\u015b\u0107: 30 cm<br \/>\nMateria\u0142: szk\u0142o<\/p>\n<p>Czy masz jakie\u015b pytania? Skontaktuj si\u0119 z nami\u00a0<a href=\"https:\/\/hookahshop.lt\/pl\/lacznosc\/\">strona z kontaktami<\/a>\u00a0lub napisz do nas na adres\u00a0<a href=\"https:\/\/facebook.com\/HookahShop.lt\/\" target=\"_blank\" rel=\"noopener\">konto na Facebooku<\/a>\u00a0a my odpowiemy na Twoj\u0105 pro\u015bb\u0119 tego samego dnia.<\/p>","protected":false},"excerpt":{"rendered":"<p>Fajka wodna szklana BLACK LEAF Leaf 30cm Wykonana ze szk\u0142a borokrzemowego z motywem li\u015bcia, okr\u0105g\u0142\u0105 nog\u0105 i prostym cylindrem. Rura wodna ma du\u017c\u0105 pojemno\u015b\u0107 i posiada otw\u00f3r odrzutowy. Dane techniczne: Wysoko\u015b\u0107: 30 cm Materia\u0142: szk\u0142o Masz pytania? Skontaktuj si\u0119 z nami na stronie kontaktowej lub napisz do nas na naszym koncie na Facebooku, a my odpowiemy na Twoj\u0105 pro\u015bb\u0119 jeszcze tego samego dnia.<\/p>","protected":false},"featured_media":36035,"comment_status":"open","ping_status":"closed","template":"","meta":[],"_links":{"self":[{"href":"https:\/\/hookahshop.lt\/pl\/wp-json\/wp\/v2\/product\/36031"}],"collection":[{"href":"https:\/\/hookahshop.lt\/pl\/wp-json\/wp\/v2\/product"}],"about":[{"href":"https:\/\/hookahshop.lt\/pl\/wp-json\/wp\/v2\/types\/product"}],"replies":[{"embeddable":true,"href":"https:\/\/hookahshop.lt\/pl\/wp-json\/wp\/v2\/comments?post=36031"}],"version-history":[{"count":3,"href":"https:\/\/hookahshop.lt\/pl\/wp-json\/wp\/v2\/product\/36031\/revisions"}],"predecessor-version":[{"id":36092,"href":"https:\/\/hookahshop.lt\/pl\/wp-json\/wp\/v2\/product\/36031\/revisions\/36092"}],"wp:featuredmedia":[{"embeddable":true,"href":"https:\/\/hookahshop.lt\/pl\/wp-json\/wp\/v2\/media\/36035"}],"wp:attachment":[{"href":"https:\/\/hookahshop.lt\/pl\/wp-json\/wp\/v2\/media?parent=36031"}],"curies":[{"name":"wp","href":"https:\/\/api.w.org\/{rel}","templated":true}]}}