{"id":36038,"date":"2023-05-07T00:17:31","date_gmt":"2023-05-06T21:17:31","guid":{"rendered":"https:\/\/hookahshop.lt\/?post_type=product&#038;p=36038"},"modified":"2026-04-17T23:29:52","modified_gmt":"2026-04-17T20:29:52","slug":"smulkintuvas-metalinis-black-leaf-grey-58mm","status":"publish","type":"product","link":"https:\/\/hookahshop.lt\/pl\/produkt\/rozdrabniacz-metal-czarny-szary-58mm\/","title":{"rendered":"Metalowy rozdrabniacz BLACK LEAF Szary 58mm"},"content":{"rendered":"<h2>Metalowy rozdrabniacz BLACK LEAF Szary 58mm<\/h2>\n<p>Dwucz\u0119\u015bciowa niszczarka wykonana jest z wysokiej jako\u015bci aluminium. Nylonowy pier\u015bcie\u0144 mi\u0119dzy metalowymi cz\u0119\u015bciami zapewnia \u0142atwe obracanie m\u0142ynka do zi\u00f3\u0142 bez \u017cadnego wysi\u0142ku.<\/p>\n<p><strong>Specyfikacje:<\/strong><br \/>\nWysoko\u015b\u0107: 23 mm<br \/>\n\u015arednica: 62\/58mm<br \/>\nKolor: Szary<br \/>\nMateria\u0142: aluminium<\/p>\n<p>Rozdrabniacz sprzedawany jest razem z pude\u0142kiem.<\/p>\n<p>Czy masz jakie\u015b pytania? Skontaktuj si\u0119 z nami\u00a0<a href=\"https:\/\/hookahshop.lt\/pl\/lacznosc\/\">strona z kontaktami<\/a>\u00a0lub napisz do nas na adres\u00a0<a href=\"https:\/\/facebook.com\/HookahShop.lt\/\" target=\"_blank\" rel=\"noopener\">konto na Facebooku<\/a>\u00a0a my odpowiemy na Twoj\u0105 pro\u015bb\u0119 tego samego dnia.<\/p>","protected":false},"excerpt":{"rendered":"<p>Rozdrabniacz metalowy BLACK LEAF Szary 58mm Dwucz\u0119\u015bciowy siekacz wykonany jest z wysokiej jako\u015bci aluminium. Nylonowy pier\u015bcie\u0144 pomi\u0119dzy metalowymi cz\u0119\u015bciami sprawia, \u017ce m\u0142ynek do zi\u00f3\u0142 obraca si\u0119 \u0142atwo i bez \u017cadnego wysi\u0142ku. Dane techniczne: Wysoko\u015b\u0107: 23 mm \u015arednica: 62\/58 mm Kolor: szary Materia\u0142: aluminium Rozdrabniacz sprzedawany jest z pude\u0142kiem. Czy masz jakie\u015b pytania? Skontaktuj si\u0119 z nami na stronie kontaktowej lub napisz do nas na naszym koncie na Facebooku, a my odpowiemy [\u2026]<\/p>","protected":false},"featured_media":36042,"comment_status":"open","ping_status":"closed","template":"","meta":[],"_links":{"self":[{"href":"https:\/\/hookahshop.lt\/pl\/wp-json\/wp\/v2\/product\/36038"}],"collection":[{"href":"https:\/\/hookahshop.lt\/pl\/wp-json\/wp\/v2\/product"}],"about":[{"href":"https:\/\/hookahshop.lt\/pl\/wp-json\/wp\/v2\/types\/product"}],"replies":[{"embeddable":true,"href":"https:\/\/hookahshop.lt\/pl\/wp-json\/wp\/v2\/comments?post=36038"}],"version-history":[{"count":2,"href":"https:\/\/hookahshop.lt\/pl\/wp-json\/wp\/v2\/product\/36038\/revisions"}],"predecessor-version":[{"id":36098,"href":"https:\/\/hookahshop.lt\/pl\/wp-json\/wp\/v2\/product\/36038\/revisions\/36098"}],"wp:featuredmedia":[{"embeddable":true,"href":"https:\/\/hookahshop.lt\/pl\/wp-json\/wp\/v2\/media\/36042"}],"wp:attachment":[{"href":"https:\/\/hookahshop.lt\/pl\/wp-json\/wp\/v2\/media?parent=36038"}],"curies":[{"name":"wp","href":"https:\/\/api.w.org\/{rel}","templated":true}]}}