{"id":36046,"date":"2023-05-07T00:37:57","date_gmt":"2023-05-06T21:37:57","guid":{"rendered":"https:\/\/hookahshop.lt\/?post_type=product&#038;p=36046"},"modified":"2026-04-17T23:29:53","modified_gmt":"2026-04-17T20:29:53","slug":"smulkintuvas-metalinis-black-leaf-black-52mm","status":"publish","type":"product","link":"https:\/\/hookahshop.lt\/pl\/produkt\/chopper-metal-czarny-lisc-czarny-52mm\/","title":{"rendered":"Metalowy rozdrabniacz BLACK LEAF Czarny 52mm"},"content":{"rendered":"<h2>Metalowy rozdrabniacz BLACK LEAF Czarny 52mm<\/h2>\n<p>Wycinany CNC aluminiowy r\u0119bak z z\u0119bami w kszta\u0142cie rombu i os\u0142on\u0105 magnetyczn\u0105. Korpus: komora dolna, m\u0142ynek.<\/p>\n<p><strong>Specyfikacje:<\/strong><br \/>\nWysoko\u015b\u0107: 18mm<br \/>\n\u015arednica: 55\/52 mm<br \/>\nCzarny kolor<br \/>\nMateria\u0142: aluminium<\/p>\n<p>&nbsp;<\/p>\n<p>Czy masz jakie\u015b pytania? Skontaktuj si\u0119 z nami\u00a0<a href=\"https:\/\/hookahshop.lt\/pl\/lacznosc\/\">strona z kontaktami<\/a>\u00a0lub napisz do nas na adres\u00a0<a href=\"https:\/\/facebook.com\/HookahShop.lt\/\" target=\"_blank\" rel=\"noopener\">konto na Facebooku<\/a>\u00a0a my odpowiemy na Twoj\u0105 pro\u015bb\u0119 tego samego dnia.<\/p>","protected":false},"excerpt":{"rendered":"<p>Rozdrabniacz metalowy BLACK LEAF Czarny, wycinany CNC aluminiowy siekacz o \u015brednicy 52 mm, z z\u0119bami w kszta\u0142cie rombu i os\u0142on\u0105 magnetyczn\u0105. Korpus: komora dolna, m\u0142ynek. Specyfikacje: Wysoko\u015b\u0107: 18 mm \u015arednica: 55\/52 mm Kolor: Czarny Materia\u0142: Aluminium Pytania? Skontaktuj si\u0119 z nami na stronie kontaktowej lub napisz do nas na naszym koncie na Facebooku, a my odpowiemy na Twoj\u0105 pro\u015bb\u0119 jeszcze tego samego dnia.<\/p>","protected":false},"featured_media":36047,"comment_status":"open","ping_status":"closed","template":"","meta":[],"_links":{"self":[{"href":"https:\/\/hookahshop.lt\/pl\/wp-json\/wp\/v2\/product\/36046"}],"collection":[{"href":"https:\/\/hookahshop.lt\/pl\/wp-json\/wp\/v2\/product"}],"about":[{"href":"https:\/\/hookahshop.lt\/pl\/wp-json\/wp\/v2\/types\/product"}],"replies":[{"embeddable":true,"href":"https:\/\/hookahshop.lt\/pl\/wp-json\/wp\/v2\/comments?post=36046"}],"version-history":[{"count":3,"href":"https:\/\/hookahshop.lt\/pl\/wp-json\/wp\/v2\/product\/36046\/revisions"}],"predecessor-version":[{"id":39677,"href":"https:\/\/hookahshop.lt\/pl\/wp-json\/wp\/v2\/product\/36046\/revisions\/39677"}],"wp:featuredmedia":[{"embeddable":true,"href":"https:\/\/hookahshop.lt\/pl\/wp-json\/wp\/v2\/media\/36047"}],"wp:attachment":[{"href":"https:\/\/hookahshop.lt\/pl\/wp-json\/wp\/v2\/media?parent=36046"}],"curies":[{"name":"wp","href":"https:\/\/api.w.org\/{rel}","templated":true}]}}