{"id":36051,"date":"2023-05-07T00:45:43","date_gmt":"2023-05-06T21:45:43","guid":{"rendered":"https:\/\/hookahshop.lt\/?post_type=product&#038;p=36051"},"modified":"2026-05-13T23:29:59","modified_gmt":"2026-05-13T20:29:59","slug":"smulkintuvas-akrilinis-black-50mm","status":"publish","type":"product","link":"https:\/\/hookahshop.lt\/pl\/produkt\/chopper-akryl-czarny-50mm\/","title":{"rendered":"Rozdrabniacz akrylowy Czarny 50mm"},"content":{"rendered":"<h2>Rozdrabniacz akrylowy Czarny 50mm<\/h2>\n<p>M\u0142ynek do siekania zi\u00f3\u0142 wykonany z g\u0142adkiego akrylu z z\u0119bami w kszta\u0142cie rombu. Pokrywka ma wyj\u0105tkowo wysok\u0105 kraw\u0119d\u017a, dzi\u0119ki czemu powierzchnia mo\u017ce by\u0107 r\u00f3wnie\u017c u\u017cywana do kruszenia.<\/p>\n<p><strong>Specyfikacje:<\/strong><br \/>\nWysoko\u015b\u0107: 25 mm<br \/>\n\u015arednica: 57\/50 mm<br \/>\nCzarny kolor<br \/>\nMateria\u0142: akryl<\/p>\n<p>Czy masz jakie\u015b pytania? Skontaktuj si\u0119 z nami\u00a0<a href=\"https:\/\/hookahshop.lt\/pl\/lacznosc\/\">strona z kontaktami<\/a>\u00a0lub napisz do nas na adres\u00a0<a href=\"https:\/\/facebook.com\/HookahShop.lt\/\" target=\"_blank\" rel=\"noopener\">konto na Facebooku<\/a>\u00a0a my odpowiemy na Twoj\u0105 pro\u015bb\u0119 tego samego dnia.<\/p>","protected":false},"excerpt":{"rendered":"<p>Rozdrabniacz akrylowy Czarny 50mm M\u0142ynek do siekania zi\u00f3\u0142 wykonany z g\u0142adkiego akrylu z z\u0119bami w kszta\u0142cie rombu. Pokrywka posiada wyj\u0105tkowo wysoki brzeg, dzi\u0119ki czemu powierzchni\u0119 mo\u017cna wykorzysta\u0107 r\u00f3wnie\u017c do rozdrabniania. Dane techniczne: Wysoko\u015b\u0107: 25 mm \u015arednica: 57\/50 mm Kolor: Czarny Materia\u0142: Akryl Pytania? Skontaktuj si\u0119 z nami na stronie kontaktowej lub napisz do nas na naszym koncie na Facebooku, a my odpowiemy na Twoj\u0105 pro\u015bb\u0119 jeszcze tego samego dnia.<\/p>","protected":false},"featured_media":36055,"comment_status":"open","ping_status":"closed","template":"","meta":[],"_links":{"self":[{"href":"https:\/\/hookahshop.lt\/pl\/wp-json\/wp\/v2\/product\/36051"}],"collection":[{"href":"https:\/\/hookahshop.lt\/pl\/wp-json\/wp\/v2\/product"}],"about":[{"href":"https:\/\/hookahshop.lt\/pl\/wp-json\/wp\/v2\/types\/product"}],"replies":[{"embeddable":true,"href":"https:\/\/hookahshop.lt\/pl\/wp-json\/wp\/v2\/comments?post=36051"}],"version-history":[{"count":3,"href":"https:\/\/hookahshop.lt\/pl\/wp-json\/wp\/v2\/product\/36051\/revisions"}],"predecessor-version":[{"id":44609,"href":"https:\/\/hookahshop.lt\/pl\/wp-json\/wp\/v2\/product\/36051\/revisions\/44609"}],"wp:featuredmedia":[{"embeddable":true,"href":"https:\/\/hookahshop.lt\/pl\/wp-json\/wp\/v2\/media\/36055"}],"wp:attachment":[{"href":"https:\/\/hookahshop.lt\/pl\/wp-json\/wp\/v2\/media?parent=36051"}],"curies":[{"name":"wp","href":"https:\/\/api.w.org\/{rel}","templated":true}]}}