{"id":36057,"date":"2023-05-07T01:34:39","date_gmt":"2023-05-06T22:34:39","guid":{"rendered":"https:\/\/hookahshop.lt\/?post_type=product&#038;p=36057"},"modified":"2026-04-06T23:29:30","modified_gmt":"2026-04-06T20:29:30","slug":"stikline-vandens-pypke-space-black-39cm","status":"publish","type":"product","link":"https:\/\/hookahshop.lt\/pl\/produkt\/szklana-fajka-do-wody-kosmiczna-czarna-39cm\/","title":{"rendered":"Szklana fajka wodna Space Black 39cm"},"content":{"rendered":"<h2>Szklana fajka wodna Space Black 39cm<\/h2>\n<p>R\u0119cznie robione szklane bongo Black Spaceship jest wykonane ze szk\u0142a borokrzemianowego, ma naci\u0119cia lodowe, system adapter\u00f3w dyfuzora, kubek i jest nadrukowane na ca\u0142ej powierzchni z kolorowymi motywami kosmicznymi. Ta fajka wodna zapewnia przyjemnie g\u0142adki dym, poniewa\u017c bongo mo\u017cna nape\u0142ni\u0107 kostkami lodu.<\/p>\n<p><strong>Specyfikacje:<\/strong><br \/>\nWysoko\u015b\u0107: 39 cm<br \/>\n\u015arednica: 125\/50mm<br \/>\nMateria\u0142: szk\u0142o borokrzemianowe;<\/p>\n<p>Czy masz jakie\u015b pytania? Skontaktuj si\u0119 z nami\u00a0<a href=\"https:\/\/hookahshop.lt\/pl\/lacznosc\/\">strona z kontaktami<\/a>\u00a0lub napisz do nas na adres\u00a0<a href=\"https:\/\/facebook.com\/HookahShop.lt\/\" target=\"_blank\" rel=\"noopener\">konto na Facebooku<\/a>\u00a0a my odpowiemy na Twoj\u0105 pro\u015bb\u0119 tego samego dnia.<\/p>\n<p>&nbsp;<\/p>","protected":false},"excerpt":{"rendered":"<p>Szklana fajka wodna Space Black 39cm R\u0119cznie robione szklane bongo &quot;Black Spaceship&quot; wykonane jest ze szk\u0142a borokrzemianowego, posiada wyci\u0119cia lodowe, system adapter\u00f3w dyfuzora, kubek i jest drukowane kolorowymi motywami kosmicznymi na ca\u0142ej powierzchni. Ta fajka wodna zapewnia przyjemnie g\u0142adki dym, poniewa\u017c bongo mo\u017cna wype\u0142ni\u0107 kostkami lodu. Dane techniczne: Wysoko\u015b\u0107: 39 cm \u015arednica: 125\/50 mm Materia\u0142: szk\u0142o borokrzemianowe Pytania? Kontakt [\u2026]<\/p>","protected":false},"featured_media":36082,"comment_status":"open","ping_status":"closed","template":"","meta":[],"_links":{"self":[{"href":"https:\/\/hookahshop.lt\/pl\/wp-json\/wp\/v2\/product\/36057"}],"collection":[{"href":"https:\/\/hookahshop.lt\/pl\/wp-json\/wp\/v2\/product"}],"about":[{"href":"https:\/\/hookahshop.lt\/pl\/wp-json\/wp\/v2\/types\/product"}],"replies":[{"embeddable":true,"href":"https:\/\/hookahshop.lt\/pl\/wp-json\/wp\/v2\/comments?post=36057"}],"version-history":[{"count":5,"href":"https:\/\/hookahshop.lt\/pl\/wp-json\/wp\/v2\/product\/36057\/revisions"}],"predecessor-version":[{"id":45311,"href":"https:\/\/hookahshop.lt\/pl\/wp-json\/wp\/v2\/product\/36057\/revisions\/45311"}],"wp:featuredmedia":[{"embeddable":true,"href":"https:\/\/hookahshop.lt\/pl\/wp-json\/wp\/v2\/media\/36082"}],"wp:attachment":[{"href":"https:\/\/hookahshop.lt\/pl\/wp-json\/wp\/v2\/media?parent=36057"}],"curies":[{"name":"wp","href":"https:\/\/api.w.org\/{rel}","templated":true}]}}