{"id":36058,"date":"2023-05-07T01:06:28","date_gmt":"2023-05-06T22:06:28","guid":{"rendered":"https:\/\/hookahshop.lt\/?post_type=product&#038;p=36058"},"modified":"2026-04-06T23:29:30","modified_gmt":"2026-04-06T20:29:30","slug":"rinkinys-raw-metalineje-dezuteje","status":"publish","type":"product","link":"https:\/\/hookahshop.lt\/pl\/produkt\/zestaw-surowy-w-metalowym-pudelku\/","title":{"rendered":"Zestaw w metalowym pude\u0142ku RAW"},"content":{"rendered":"<h2>Zestaw w metalowym pude\u0142ku RAW<\/h2>\n<p>Pude\u0142ko startowe RAW zawieraj\u0105ce wyb\u00f3r papier\u00f3w o rozmiarze 1\u00bc i 3 opcje stal\u00f3wek RAW. Ca\u0142o\u015b\u0107 zapakowana w metalowe pude\u0142ko - gotowe do u\u017cycia!<\/p>\n<p><strong>Zestaw pude\u0142ek zawiera:<\/strong><br \/>\nSUROWY papier klasyczny 1\u00bc<br \/>\nRAW Klasyczny czarny papier 1\u00bc<br \/>\nSUROWY papier Bio-Hanf 1\u00bc<br \/>\nRAW klasyczny pojedynczy szeroki papier<br \/>\nRAW-owe wskaz\u00f3wki<br \/>\nKo\u0144c\u00f3wki sto\u017ck\u00f3w RAW s\u0105 perforowane<br \/>\nWst\u0119pnie skr\u0119cone ko\u0144c\u00f3wki RAW<\/p>\n<p>Czy masz jakie\u015b pytania? Skontaktuj si\u0119 z nami\u00a0<a href=\"https:\/\/hookahshop.lt\/pl\/lacznosc\/\">strona z kontaktami<\/a>\u00a0lub napisz do nas na adres\u00a0<a href=\"https:\/\/facebook.com\/HookahShop.lt\/\" target=\"_blank\" rel=\"noopener\">konto na Facebooku<\/a>\u00a0a my odpowiemy na Twoj\u0105 pro\u015bb\u0119 tego samego dnia.<\/p>","protected":false},"excerpt":{"rendered":"<p>Zestaw w metalowym pude\u0142ku RAW Pude\u0142ko startowe z formatu RAW zawieraj\u0105ce wyb\u00f3r papier\u00f3w o rozmiarze 1\u00bc i 3 opcje stal\u00f3wek z formatu RAW. Wszystko zapakowane w metalowe pude\u0142ko - gotowe do u\u017cycia! Zestaw w pude\u0142ku zawiera: Papier RAW Classic 1\u00bc Papier RAW Classic Czarny 1\u00bc Papier RAW Bio-Hanf 1\u00bc Papier RAW Classic Single Wide Ko\u0144c\u00f3wki RAW Ko\u0144c\u00f3wki RAW Perforowane [\u2026]<\/p>","protected":false},"featured_media":36059,"comment_status":"open","ping_status":"closed","template":"","meta":[],"_links":{"self":[{"href":"https:\/\/hookahshop.lt\/pl\/wp-json\/wp\/v2\/product\/36058"}],"collection":[{"href":"https:\/\/hookahshop.lt\/pl\/wp-json\/wp\/v2\/product"}],"about":[{"href":"https:\/\/hookahshop.lt\/pl\/wp-json\/wp\/v2\/types\/product"}],"replies":[{"embeddable":true,"href":"https:\/\/hookahshop.lt\/pl\/wp-json\/wp\/v2\/comments?post=36058"}],"version-history":[{"count":2,"href":"https:\/\/hookahshop.lt\/pl\/wp-json\/wp\/v2\/product\/36058\/revisions"}],"predecessor-version":[{"id":36101,"href":"https:\/\/hookahshop.lt\/pl\/wp-json\/wp\/v2\/product\/36058\/revisions\/36101"}],"wp:featuredmedia":[{"embeddable":true,"href":"https:\/\/hookahshop.lt\/pl\/wp-json\/wp\/v2\/media\/36059"}],"wp:attachment":[{"href":"https:\/\/hookahshop.lt\/pl\/wp-json\/wp\/v2\/media?parent=36058"}],"curies":[{"name":"wp","href":"https:\/\/api.w.org\/{rel}","templated":true}]}}